{"id":13731,"date":"2021-12-31T12:08:04","date_gmt":"2021-12-31T12:08:04","guid":{"rendered":"https:\/\/newsite.marketingwebsites.ca\/?page_id=13731"},"modified":"2022-11-09T22:33:56","modified_gmt":"2022-11-09T22:33:56","slug":"analyse-de-site-web","status":"publish","type":"page","link":"https:\/\/marketingwebsites.ca\/fr\/analyse-de-site-web\/","title":{"rendered":"Analyse de sites web"},"content":{"rendered":"<p><section class=\"kc-elm kc-css-737149 kc_row\"><div class=\"befbgr\" data-ssc-svg=\"\" data-ssc-img-s=\"\" data-ssc-img-anim=\"\"><\/div><div class=\"befbgr\" data-ssc-svg=\"\" data-ssc-img-s=\"\" data-ssc-img-anim=\"\"><\/div><div class=\"aftbgr\" data-ssc-svg=\"\" data-ssc-img-s=\"\" data-ssc-img-anim=\"\"><\/div><div class=\"aftbgr\" data-ssc-svg=\"\" data-ssc-img-s=\"\" data-ssc-img-anim=\"\"><\/div><div class=\"befbgr5\" data-ssc-svg=\"\" data-ssc-img-s=\"\" data-ssc-img-anim=\"\"><\/div><div class=\"befbgr6\" data-ssc-svg=\"\" data-ssc-img-s=\"\" data-ssc-img-anim=\"\"><\/div><div class=\"aftbgr7\" data-ssc-svg=\"\" data-ssc-img-s=\"\" data-ssc-img-anim=\"\"><\/div><div class=\"aftbgr8\" data-ssc-svg=\"\" data-ssc-img-s=\"\" data-ssc-img-anim=\"\"><\/div><div class=\"kc-row-container  kc-container\"><div class=\"kc-wrap-columns\"><div class=\"kc-elm kc-css-113953 kc_col-sm-6 kc_column kc_col-sm-6\"><div class=\"kc-col-container\"><div class=\"bgrlabel  kc-elm kc-css-447073 kc-animated kc-animate-eff-fadeInRight\" style=\"top:10px;right:-610px;\"><div class=\"inside_wrap\"><div class=\"imgl\"><img class=\"lazyload\"    data-src=\"https:\/\/marketingwebsites.ca\/wp-content\/uploads\/2022\/03\/web_analytics_image_01.png\" alt=\"\"><\/div><\/div><\/div><div  class=\"ssc_mltttl  kc-elm kc-css-408214 \"><div class=\"wr deb derb dea dera none nonea\"><h2 class=\"t1\">La guerre est constitu\u00e9e \u00e0 90% <\/h2><h2 class=\"t2\">d:apos:informations<\/h2><p class=\"t4\">Prendre des d\u00e9cisions commerciales intelligentes pour votre site Web commence par l:apos:analyse!<\/p><\/div><\/div><div class=\"kc-elm kc-css-856503 kc_text_block\"><\/p>\n<p class=\"before-dash\">Nous menons des processus analytiques pour garantir une am\u00e9lioration constante de l&#039;exp\u00e9rience en ligne pour vos clients actuels et potentiels. Il est bien connu que les \u00e9tablissements comp\u00e9titifs accordent une attention particuli\u00e8re \u00e0 divers outils pratiques afin de maximiser les performances de marketing num\u00e9rique de leur site web, la satisfaction de leurs clients et de gagner un contexte essentiel par rapport \u00e0 leurs concurrents. Notre engagement professionnel et notre vaste exp\u00e9rience en analyse de sites Web nous permettent de r\u00e9aliser ces t\u00e2ches avec succ\u00e8s pour vous. Nous \u00e9tudions \u00e9galement les outils d&#039;analyse de sites Web les plus appropri\u00e9s pour r\u00e9pondre aux besoins de votre entreprise.<\/p>\n<p>\n<\/div><div  class=\"ssc_btn kc-elm kc-css-875000  \"><a class=\"ssc_button none\" href=\"#contact-form-section\" target=\"_self\"><span>Demander une soumission gratuite<\/span><\/a><\/div><\/div><\/div><div class=\"kc-elm kc-css-980561 kc_col-sm-6 kc_column kc_col-sm-6\"><div class=\"kc-col-container\"><\/div><\/div><\/div><\/div><\/section><section class=\"kc-elm kc-css-915943 kc_row\"><div class=\"befbgr\" data-ssc-svg=\"\" data-ssc-img-s=\"full\" data-ssc-img-anim=\"none\"><\/div><div class=\"befbgr\" data-ssc-svg=\"\" data-ssc-img-s=\"full\" data-ssc-img-anim=\"none\"><\/div><div class=\"aftbgr\" data-ssc-svg=\"\" data-ssc-img-s=\"full\" data-ssc-img-anim=\"none\"><\/div><div class=\"aftbgr\" data-ssc-svg=\"\" data-ssc-img-s=\"full\" data-ssc-img-anim=\"none\"><\/div><div class=\"befbgr5\" data-ssc-svg=\"\" data-ssc-img-s=\"full\" data-ssc-img-anim=\"none\"><\/div><div class=\"befbgr6\" data-ssc-svg=\"\" data-ssc-img-s=\"full\" data-ssc-img-anim=\"none\"><\/div><div class=\"aftbgr7\" data-ssc-svg=\"\" data-ssc-img-s=\"full\" data-ssc-img-anim=\"none\"><\/div><div class=\"aftbgr8\" data-ssc-svg=\"\" data-ssc-img-s=\"full\" data-ssc-img-anim=\"none\"><\/div><div class=\"kc-row-container  kc-container\"><div class=\"kc-wrap-columns\"><div class=\"kc-elm kc-css-192268 kc_col-sm-12 kc_column kc_col-sm-12\"><div class=\"kc-col-container\"><div data-kc-equalheight=\"true\" data-kc-row-action=\"true\" data-kc-equalheight-align=\"middle\" class=\"kc-elm kc-css-681293 kc_row kc_row_inner sst-flex-row-inner\"><div class=\"kc-elm kc-css-471553 kc_col-sm-6 kc_column_inner kc_col-sm-6\"><div class=\"kc_wrapper kc-col-inner-container\"><div class=\"kc-elm kc-css-725969 kc-animated kc-animate-eff-fadeInLeft kc_shortcode kc_single_image\">\n\n        <img    data-src=\"https:\/\/marketingwebsites.ca\/wp-content\/uploads\/2022\/01\/analytics.jpg\" class=\" lazyload\" alt=\"\" \/>    <\/div>\n<\/div><\/div><div class=\"kc-elm kc-css-897323 kc_col-sm-6 kc_column_inner kc_col-sm-6\"><div class=\"kc_wrapper kc-col-inner-container\"><div  class=\"ssc_mltttl  kc-elm kc-css-64951 \"><h2 class=\"wr deb derb dea dera none nonea\"><span class=\"t1\">Audit<\/span><\/h2><\/div><div class=\"kc-elm kc-css-942291 kc_text_block\"><\/p>\n<p>Campagnes PPC, directes, sociales, SEO... Nous \u00e9valuons toutes vos sources de trafic internet! Un audit analytique vous donnera un aper\u00e7u de la fa\u00e7on dont vous pouvez continuer \u00e0 am\u00e9liorer l&#039;exp\u00e9rience des visiteurs de votre site Web et augmenter votre taux de conversion, ce qui vous m\u00e8nera sans aucun doute vers la cr\u00e9ation d&#039;une entreprise prosp\u00e8re. N&#039;attendez pas, contactez-nous d\u00e8s maintenant pour parler avec un expert en marketing num\u00e9rique et recevez une consultation gratuite!<\/p>\n<p>\n<\/div><div  class=\"ssc_btn kc-elm kc-css-943740  \"><a class=\"ssc_button none\" href=\"#contact-form-section\" target=\"_self\"><span>Demander une soumission gratuite<\/span><\/a><\/div><\/div><\/div><\/div><\/div><\/div><\/div><\/div><\/section><section class=\"kc-elm kc-css-935847 kc_row\"><div class=\"befbgr\" data-ssc-svg=\"\" data-ssc-img-s=\"full\" data-ssc-img-anim=\"none\"><\/div><div class=\"befbgr\" data-ssc-svg=\"\" data-ssc-img-s=\"full\" data-ssc-img-anim=\"none\"><\/div><div class=\"aftbgr\" data-ssc-svg=\"\" data-ssc-img-s=\"full\" data-ssc-img-anim=\"none\"><\/div><div class=\"aftbgr\" data-ssc-svg=\"\" data-ssc-img-s=\"full\" data-ssc-img-anim=\"none\"><\/div><div class=\"befbgr5\" data-ssc-svg=\"\" data-ssc-img-s=\"full\" data-ssc-img-anim=\"none\"><\/div><div class=\"befbgr6\" data-ssc-svg=\"\" data-ssc-img-s=\"full\" data-ssc-img-anim=\"none\"><\/div><div class=\"aftbgr7\" data-ssc-svg=\"\" data-ssc-img-s=\"full\" data-ssc-img-anim=\"none\"><\/div><div class=\"aftbgr8\" data-ssc-svg=\"\" data-ssc-img-s=\"full\" data-ssc-img-anim=\"none\"><\/div><div class=\"kc-row-container  kc-container\"><div class=\"kc-wrap-columns\"><div class=\"kc-elm kc-css-822492 kc_col-sm-5 kc_column kc_col-sm-5\"><div class=\"kc-col-container\"><div  class=\"ssc_mltttl  kc-elm kc-css-366744 \"><h2 class=\"wr deb derb dea dera none nonea\"><span class=\"t1\">Nos <\/span><span class=\"t2\"> outils<\/span><\/h2><\/div><\/div><\/div><div class=\"kc-elm kc-css-511663 kc_col-sm-7 kc_column kc_col-sm-7\"><div class=\"kc-col-container\"><div class=\"kc-elm kc-css-747771 kc_row kc_row_inner sst-flex-row-inner float-none clear-none\"><div class=\"kc-elm kc-css-464771 kc_col-sm-4 kc_column_inner kc_col-sm-4 kc_col-6\"><div class=\"kc_wrapper kc-col-inner-container\"><div  class=\" type1 mo  none kc-elm kc-css-273603 kc-animate-delay-150 ssc_img_ef client-logo\" ><div class=\"iw\"><img    data-src=\"https:\/\/marketingwebsites.ca\/wp-content\/uploads\/2022\/02\/rankvira-digital-marketing-services_google-marketing-platform-1.png\" alt=\"\" class=\"none lazyload\"><\/div><\/div><\/div><\/div><div class=\"kc-elm kc-css-153455 kc_col-sm-4 kc_column_inner kc_col-sm-4 kc_col-6\"><div class=\"kc_wrapper kc-col-inner-container\"><div  class=\" type1 mo  none kc-elm kc-css-886804 kc-animate-delay-300 ssc_img_ef client-logo\" ><div class=\"iw\"><img    data-src=\"https:\/\/marketingwebsites.ca\/wp-content\/uploads\/2022\/02\/google-trends-logo.png\" alt=\"\" class=\"none lazyload\"><\/div><\/div><\/div><\/div><div class=\"kc-elm kc-css-431561 kc_col-sm-4 kc_column_inner kc_col-sm-4 kc_col-6\"><div class=\"kc_wrapper kc-col-inner-container\"><div  class=\" type1 mo  none kc-elm kc-css-255374 kc-animate-delay-450 ssc_img_ef client-logo\" ><div class=\"iw\"><img    data-src=\"https:\/\/marketingwebsites.ca\/wp-content\/uploads\/2022\/02\/google_webmasters.png\" alt=\"Google Search Console\" class=\"none lazyload\"><\/div><\/div><\/div><\/div><\/div><div class=\"kc-elm kc-css-675133 kc_row kc_row_inner sst-flex-row-inner float-none clear-none\"><div class=\"kc-elm kc-css-983227 kc_col-sm-4 kc_column_inner kc_col-sm-4 kc_col-6\"><div class=\"kc_wrapper kc-col-inner-container\"><div  class=\" type1 mo  none kc-elm kc-css-886086 kc-animate-delay-600 ssc_img_ef client-logo\" ><div class=\"iw\"><img    data-src=\"https:\/\/marketingwebsites.ca\/wp-content\/uploads\/2022\/02\/semrush.svg\" alt=\"semrush\" class=\"none lazyload\"><\/div><\/div><\/div><\/div><div class=\"kc-elm kc-css-470069 kc_col-sm-4 kc_column_inner kc_col-sm-4 kc_col-6\"><div class=\"kc_wrapper kc-col-inner-container\"><div  class=\" type1 mo  none kc-elm kc-css-208689 kc-animate-delay-750 ssc_img_ef client-logo\" ><div class=\"iw\"><img    data-src=\"https:\/\/marketingwebsites.ca\/wp-content\/uploads\/2022\/02\/screaming-frog-logo.png\" alt=\"\" class=\"none lazyload\"><\/div><\/div><\/div><\/div><div class=\"kc-elm kc-css-349117 kc_col-sm-4 kc_column_inner kc_col-sm-4 kc_col-6\"><div class=\"kc_wrapper kc-col-inner-container\"><div  class=\" type1 mo  none kc-elm kc-css-633339 kc-animate-delay-900 ssc_img_ef client-logo\" ><div class=\"iw\"><img    data-src=\"https:\/\/marketingwebsites.ca\/wp-content\/uploads\/2022\/02\/moz.svg\" alt=\"moz\" class=\"none lazyload\"><\/div><\/div><\/div><\/div><\/div><\/div><\/div><\/div><\/div><\/section><section class=\"kc-elm kc-css-775143 kc_row\"><div class=\"befbgr\" data-ssc-svg=\"\" data-ssc-img-s=\"full\" data-ssc-img-anim=\"none\"><\/div><div class=\"befbgr\" data-ssc-svg=\"\" data-ssc-img-s=\"full\" data-ssc-img-anim=\"none\"><\/div><div class=\"aftbgr\" data-ssc-svg=\"\" data-ssc-img-s=\"full\" data-ssc-img-anim=\"none\"><\/div><div class=\"aftbgr\" data-ssc-svg=\"\" data-ssc-img-s=\"full\" data-ssc-img-anim=\"none\"><\/div><div class=\"befbgr5\" data-ssc-svg=\"\" data-ssc-img-s=\"full\" data-ssc-img-anim=\"none\"><\/div><div class=\"befbgr6\" data-ssc-svg=\"\" data-ssc-img-s=\"full\" data-ssc-img-anim=\"none\"><\/div><div class=\"aftbgr7\" data-ssc-svg=\"\" data-ssc-img-s=\"full\" data-ssc-img-anim=\"none\"><\/div><div class=\"aftbgr8\" data-ssc-svg=\"\" data-ssc-img-s=\"full\" data-ssc-img-anim=\"none\"><\/div><div class=\"kc-row-container  kc-container\"><div class=\"kc-wrap-columns\"><div class=\"kc-elm kc-css-878689 kc_col-sm-12 kc_column kc_col-sm-12\"><div class=\"kc-col-container\"><div data-kc-equalheight=\"true\" data-kc-row-action=\"true\" data-kc-equalheight-align=\"middle\" class=\"kc-elm kc-css-291533 kc_row kc_row_inner sst-flex-row-inner\"><div class=\"kc-elm kc-css-191698 kc_col-sm-6 kc_column_inner kc_col-sm-6\"><div class=\"kc_wrapper kc-col-inner-container\"><div class=\"kc-elm kc-css-593415 kc-animated kc-animate-eff-fadeInLeft kc_shortcode kc_single_image\">\n\n        <img    data-src=\"https:\/\/marketingwebsites.ca\/wp-content\/uploads\/2022\/02\/web_design_perks_bg_01-1.png\" class=\" lazyload\" alt=\"\" \/>    <\/div>\n<\/div><\/div><div class=\"kc-elm kc-css-566823 kc_col-sm-6 kc_column_inner kc_col-sm-6\"><div class=\"kc_wrapper kc-col-inner-container\"><div  class=\"ssc_mltttl  kc-elm kc-css-787511 \"><h2 class=\"wr deb derb dea dera none nonea\"><span class=\"t1\">Parler avec un <\/span><span class=\"t2\"> expert<\/span><\/h2><\/div><div class=\"kc-elm kc-css-905587 kc_text_block\"><\/p>\n<p>Voici des exemples d\u2019\u00e9l\u00e9ments cl\u00e9s que\u00a0Marketing Websites\u00a0peut configurer, \u00e9valuer et surveiller.<\/p>\n<p>\n<\/div><div class=\"kc-elm kc-css-798887 kc_text_block\"><\/p>\n<ul>\n<li class=\"fadeIn animated\" data-animate=\"fadeIn\" data-delay=\"150\">Suivre les objectifs et les conversions<\/li>\n<li class=\"fadeIn animated\" data-animate=\"fadeIn\" data-delay=\"250\"><i class=\"icon-circle-blank color\"><\/i>\u00c9valuer les performances des campagnes AdWords<\/li>\n<li class=\"fadeIn animated\" data-animate=\"fadeIn\" data-delay=\"350\"><i class=\"icon-circle-blank color\"><\/i>D\u00e9tecter les points \u00e0 am\u00e9liorer<\/li>\n<li class=\"fadeIn animated\" data-animate=\"fadeIn\" data-delay=\"450\"><i class=\"icon-circle-blank color\"><\/i>R\u00e9soudre les probl\u00e8mes du site<\/li>\n<li class=\"fadeIn animated\" data-animate=\"fadeIn\" data-delay=\"550\"><i class=\"icon-circle-blank color\"><\/i>Analyse du comportement des clients<\/li>\n<li class=\"fadeIn animated\" data-animate=\"fadeIn\" data-delay=\"650\"><i class=\"icon-circle-blank color\"><\/i>Evaluer les performances mobiles<\/li>\n<li class=\"fadeIn animated\" data-animate=\"fadeIn\" data-delay=\"750\"><i class=\"icon-circle-blank color\"><\/i>Tester l&#039;efficacit\u00e9 de vos pages de destination (landing pages)<\/li>\n<li class=\"fadeIn animated\" data-animate=\"fadeIn\" data-delay=\"850\"><i class=\"icon-circle-blank color\"><\/i>Tester et optimiser la vitesse de t\u00e9l\u00e9chargement de vos pages de destination.<\/li>\n<\/ul>\n<p>\n<\/div><\/div><\/div><\/div><\/div><\/div><\/div><\/div><\/section><section class=\"kc-elm kc-css-39694 kc_row\"><div class=\"befbgr\" data-ssc-svg=\"\" data-ssc-img-s=\"full\" data-ssc-img-anim=\"none\"><\/div><div class=\"befbgr\" data-ssc-svg=\"\" data-ssc-img-s=\"full\" data-ssc-img-anim=\"none\"><\/div><div class=\"aftbgr\" data-ssc-svg=\"\" data-ssc-img-s=\"full\" data-ssc-img-anim=\"none\"><\/div><div class=\"aftbgr\" data-ssc-svg=\"\" data-ssc-img-s=\"full\" data-ssc-img-anim=\"none\"><\/div><div class=\"befbgr5\" data-ssc-svg=\"\" data-ssc-img-s=\"full\" data-ssc-img-anim=\"none\"><\/div><div class=\"befbgr6\" data-ssc-svg=\"\" data-ssc-img-s=\"full\" data-ssc-img-anim=\"none\"><\/div><div class=\"aftbgr7\" data-ssc-svg=\"\" data-ssc-img-s=\"full\" data-ssc-img-anim=\"none\"><\/div><div class=\"aftbgr8\" data-ssc-svg=\"\" data-ssc-img-s=\"full\" data-ssc-img-anim=\"none\"><\/div><div class=\"kc-row-container  kc-container\"><div class=\"kc-wrap-columns\"><\/div><\/div><\/section><\/p>\n","protected":false},"excerpt":{"rendered":"","protected":false},"author":12,"featured_media":0,"parent":0,"menu_order":0,"comment_status":"closed","ping_status":"closed","template":"","meta":{"inline_featured_image":false,"footnotes":""},"yoast_head":"<!-- This site is optimized with the Yoast SEO plugin v22.6 - https:\/\/yoast.com\/wordpress\/plugins\/seo\/ -->\n<title>Analyse de site Web - Des id\u00e9es qui font toute la diff\u00e9rence<\/title>\n<meta name=\"description\" content=\"Prendre des d\u00e9cisions d&#039;affaires intelligentes pour votre site Web Commence avec l&#039;analyse de site Web. Notre site Web est con\u00e7u dans le but sp\u00e9cifique de soutenir vos objectifs.\" \/>\n<meta name=\"robots\" content=\"index, follow, max-snippet:-1, max-image-preview:large, max-video-preview:-1\" \/>\n<link rel=\"canonical\" href=\"https:\/\/marketingwebsites.ca\/fr\/analyse-de-site-web\/\" \/>\n<meta property=\"og:locale\" content=\"fr_FR\" \/>\n<meta property=\"og:type\" content=\"article\" \/>\n<meta property=\"og:title\" content=\"Analyse de site Web - Des id\u00e9es qui font toute la diff\u00e9rence\" \/>\n<meta property=\"og:description\" content=\"Prendre des d\u00e9cisions d&#039;affaires intelligentes pour votre site Web Commence avec l&#039;analyse de site Web. Notre site Web est con\u00e7u dans le but sp\u00e9cifique de soutenir vos objectifs.\" \/>\n<meta property=\"og:url\" content=\"https:\/\/marketingwebsites.ca\/fr\/analyse-de-site-web\/\" \/>\n<meta property=\"og:site_name\" content=\"Marketing Websites\" \/>\n<meta property=\"article:modified_time\" content=\"2022-11-09T22:33:56+00:00\" \/>\n<meta property=\"og:image\" content=\"https:\/\/marketingwebsites.ca\/wp-content\/uploads\/2022\/03\/web_analytics_image_01.png\" \/>\n<meta name=\"twitter:card\" content=\"summary_large_image\" \/>\n<meta name=\"twitter:label1\" content=\"Dur\u00e9e de lecture estim\u00e9e\" \/>\n\t<meta name=\"twitter:data1\" content=\"4 minutes\" \/>\n<script type=\"application\/ld+json\" class=\"yoast-schema-graph\">{\"@context\":\"https:\/\/schema.org\",\"@graph\":[{\"@type\":\"WebPage\",\"@id\":\"https:\/\/marketingwebsites.ca\/fr\/analyse-de-site-web\/\",\"url\":\"https:\/\/marketingwebsites.ca\/fr\/analyse-de-site-web\/\",\"name\":\"Analyse de site Web - Des id\u00e9es qui font toute la diff\u00e9rence\",\"isPartOf\":{\"@id\":\"https:\/\/marketingwebsites.ca\/fr\/#website\"},\"primaryImageOfPage\":{\"@id\":\"https:\/\/marketingwebsites.ca\/fr\/analyse-de-site-web\/#primaryimage\"},\"image\":{\"@id\":\"https:\/\/marketingwebsites.ca\/fr\/analyse-de-site-web\/#primaryimage\"},\"thumbnailUrl\":\"https:\/\/marketingwebsites.ca\/wp-content\/uploads\/2022\/03\/web_analytics_image_01.png\",\"datePublished\":\"2021-12-31T12:08:04+00:00\",\"dateModified\":\"2022-11-09T22:33:56+00:00\",\"description\":\"Prendre des d\u00e9cisions d'affaires intelligentes pour votre site Web Commence avec l'analyse de site Web. Notre site Web est con\u00e7u dans le but sp\u00e9cifique de soutenir vos objectifs.\",\"inLanguage\":\"fr-FR\",\"potentialAction\":[{\"@type\":\"ReadAction\",\"target\":[\"https:\/\/marketingwebsites.ca\/fr\/analyse-de-site-web\/\"]}]},{\"@type\":\"ImageObject\",\"inLanguage\":\"fr-FR\",\"@id\":\"https:\/\/marketingwebsites.ca\/fr\/analyse-de-site-web\/#primaryimage\",\"url\":\"https:\/\/marketingwebsites.ca\/wp-content\/uploads\/2022\/03\/web_analytics_image_01.png\",\"contentUrl\":\"https:\/\/marketingwebsites.ca\/wp-content\/uploads\/2022\/03\/web_analytics_image_01.png\"},{\"@type\":\"WebSite\",\"@id\":\"https:\/\/marketingwebsites.ca\/fr\/#website\",\"url\":\"https:\/\/marketingwebsites.ca\/fr\/\",\"name\":\"Marketing Websites\",\"description\":\"Full Service Digital Marketing\",\"publisher\":{\"@id\":\"https:\/\/marketingwebsites.ca\/fr\/#organization\"},\"potentialAction\":[{\"@type\":\"SearchAction\",\"target\":{\"@type\":\"EntryPoint\",\"urlTemplate\":\"https:\/\/marketingwebsites.ca\/fr\/?s={search_term_string}\"},\"query-input\":\"required name=search_term_string\"}],\"inLanguage\":\"fr-FR\"},{\"@type\":\"Organization\",\"@id\":\"https:\/\/marketingwebsites.ca\/fr\/#organization\",\"name\":\"Marketing Websites\",\"url\":\"https:\/\/marketingwebsites.ca\/fr\/\",\"logo\":{\"@type\":\"ImageObject\",\"inLanguage\":\"fr-FR\",\"@id\":\"https:\/\/marketingwebsites.ca\/fr\/#\/schema\/logo\/image\/\",\"url\":\"https:\/\/marketingwebsites.ca\/wp-content\/uploads\/2022\/04\/logo-f-b.png\",\"contentUrl\":\"https:\/\/marketingwebsites.ca\/wp-content\/uploads\/2022\/04\/logo-f-b.png\",\"width\":225,\"height\":60,\"caption\":\"Marketing Websites\"},\"image\":{\"@id\":\"https:\/\/marketingwebsites.ca\/fr\/#\/schema\/logo\/image\/\"}}]}<\/script>\n<!-- \/ Yoast SEO plugin. -->","yoast_head_json":{"title":"Analyse de site Web - Des id\u00e9es qui font toute la diff\u00e9rence","description":"Prendre des d\u00e9cisions d'affaires intelligentes pour votre site Web Commence avec l'analyse de site Web. Notre site Web est con\u00e7u dans le but sp\u00e9cifique de soutenir vos objectifs.","robots":{"index":"index","follow":"follow","max-snippet":"max-snippet:-1","max-image-preview":"max-image-preview:large","max-video-preview":"max-video-preview:-1"},"canonical":"https:\/\/marketingwebsites.ca\/fr\/analyse-de-site-web\/","og_locale":"fr_FR","og_type":"article","og_title":"Analyse de site Web - Des id\u00e9es qui font toute la diff\u00e9rence","og_description":"Prendre des d\u00e9cisions d'affaires intelligentes pour votre site Web Commence avec l'analyse de site Web. Notre site Web est con\u00e7u dans le but sp\u00e9cifique de soutenir vos objectifs.","og_url":"https:\/\/marketingwebsites.ca\/fr\/analyse-de-site-web\/","og_site_name":"Marketing Websites","article_modified_time":"2022-11-09T22:33:56+00:00","og_image":[{"url":"https:\/\/marketingwebsites.ca\/wp-content\/uploads\/2022\/03\/web_analytics_image_01.png"}],"twitter_card":"summary_large_image","twitter_misc":{"Dur\u00e9e de lecture estim\u00e9e":"4 minutes"},"schema":{"@context":"https:\/\/schema.org","@graph":[{"@type":"WebPage","@id":"https:\/\/marketingwebsites.ca\/fr\/analyse-de-site-web\/","url":"https:\/\/marketingwebsites.ca\/fr\/analyse-de-site-web\/","name":"Analyse de site Web - Des id\u00e9es qui font toute la diff\u00e9rence","isPartOf":{"@id":"https:\/\/marketingwebsites.ca\/fr\/#website"},"primaryImageOfPage":{"@id":"https:\/\/marketingwebsites.ca\/fr\/analyse-de-site-web\/#primaryimage"},"image":{"@id":"https:\/\/marketingwebsites.ca\/fr\/analyse-de-site-web\/#primaryimage"},"thumbnailUrl":"https:\/\/marketingwebsites.ca\/wp-content\/uploads\/2022\/03\/web_analytics_image_01.png","datePublished":"2021-12-31T12:08:04+00:00","dateModified":"2022-11-09T22:33:56+00:00","description":"Prendre des d\u00e9cisions d'affaires intelligentes pour votre site Web Commence avec l'analyse de site Web. Notre site Web est con\u00e7u dans le but sp\u00e9cifique de soutenir vos objectifs.","inLanguage":"fr-FR","potentialAction":[{"@type":"ReadAction","target":["https:\/\/marketingwebsites.ca\/fr\/analyse-de-site-web\/"]}]},{"@type":"ImageObject","inLanguage":"fr-FR","@id":"https:\/\/marketingwebsites.ca\/fr\/analyse-de-site-web\/#primaryimage","url":"https:\/\/marketingwebsites.ca\/wp-content\/uploads\/2022\/03\/web_analytics_image_01.png","contentUrl":"https:\/\/marketingwebsites.ca\/wp-content\/uploads\/2022\/03\/web_analytics_image_01.png"},{"@type":"WebSite","@id":"https:\/\/marketingwebsites.ca\/fr\/#website","url":"https:\/\/marketingwebsites.ca\/fr\/","name":"Marketing Websites","description":"Full Service Digital Marketing","publisher":{"@id":"https:\/\/marketingwebsites.ca\/fr\/#organization"},"potentialAction":[{"@type":"SearchAction","target":{"@type":"EntryPoint","urlTemplate":"https:\/\/marketingwebsites.ca\/fr\/?s={search_term_string}"},"query-input":"required name=search_term_string"}],"inLanguage":"fr-FR"},{"@type":"Organization","@id":"https:\/\/marketingwebsites.ca\/fr\/#organization","name":"Marketing Websites","url":"https:\/\/marketingwebsites.ca\/fr\/","logo":{"@type":"ImageObject","inLanguage":"fr-FR","@id":"https:\/\/marketingwebsites.ca\/fr\/#\/schema\/logo\/image\/","url":"https:\/\/marketingwebsites.ca\/wp-content\/uploads\/2022\/04\/logo-f-b.png","contentUrl":"https:\/\/marketingwebsites.ca\/wp-content\/uploads\/2022\/04\/logo-f-b.png","width":225,"height":60,"caption":"Marketing Websites"},"image":{"@id":"https:\/\/marketingwebsites.ca\/fr\/#\/schema\/logo\/image\/"}}]}},"_links":{"self":[{"href":"https:\/\/marketingwebsites.ca\/fr\/wp-json\/wp\/v2\/pages\/13731"}],"collection":[{"href":"https:\/\/marketingwebsites.ca\/fr\/wp-json\/wp\/v2\/pages"}],"about":[{"href":"https:\/\/marketingwebsites.ca\/fr\/wp-json\/wp\/v2\/types\/page"}],"author":[{"embeddable":true,"href":"https:\/\/marketingwebsites.ca\/fr\/wp-json\/wp\/v2\/users\/12"}],"replies":[{"embeddable":true,"href":"https:\/\/marketingwebsites.ca\/fr\/wp-json\/wp\/v2\/comments?post=13731"}],"version-history":[{"count":13,"href":"https:\/\/marketingwebsites.ca\/fr\/wp-json\/wp\/v2\/pages\/13731\/revisions"}],"predecessor-version":[{"id":15486,"href":"https:\/\/marketingwebsites.ca\/fr\/wp-json\/wp\/v2\/pages\/13731\/revisions\/15486"}],"wp:attachment":[{"href":"https:\/\/marketingwebsites.ca\/fr\/wp-json\/wp\/v2\/media?parent=13731"}],"curies":[{"name":"wp","href":"https:\/\/api.w.org\/{rel}","templated":true}]}}