{"id":13738,"date":"2021-12-31T12:07:29","date_gmt":"2021-12-31T12:07:29","guid":{"rendered":"https:\/\/newsite.marketingwebsites.ca\/?page_id=13738"},"modified":"2023-09-25T17:30:53","modified_gmt":"2023-09-25T17:30:53","slug":"gestion-des-medias-sociaux","status":"publish","type":"page","link":"https:\/\/marketingwebsites.ca\/fr\/gestion-des-medias-sociaux\/","title":{"rendered":"Gestion des m\u00e9dias sociaux"},"content":{"rendered":"<p><section class=\"kc-elm kc-css-835625 kc_row\"><div class=\"befbgr\" data-ssc-svg=\"\" data-ssc-img-s=\"\" data-ssc-img-anim=\"\"><\/div><div class=\"befbgr\" data-ssc-svg=\"\" data-ssc-img-s=\"\" data-ssc-img-anim=\"\"><\/div><div class=\"aftbgr\" data-ssc-svg=\"\" data-ssc-img-s=\"\" data-ssc-img-anim=\"\"><\/div><div class=\"aftbgr\" data-ssc-svg=\"\" data-ssc-img-s=\"\" data-ssc-img-anim=\"\"><\/div><div class=\"befbgr5\" data-ssc-svg=\"\" data-ssc-img-s=\"\" data-ssc-img-anim=\"\"><\/div><div class=\"befbgr6\" data-ssc-svg=\"\" data-ssc-img-s=\"\" data-ssc-img-anim=\"\"><\/div><div class=\"aftbgr7\" data-ssc-svg=\"\" data-ssc-img-s=\"\" data-ssc-img-anim=\"\"><\/div><div class=\"aftbgr8\" data-ssc-svg=\"\" data-ssc-img-s=\"\" data-ssc-img-anim=\"\"><\/div><div class=\"kc-row-container  kc-container\"><div class=\"kc-wrap-columns\"><div class=\"kc-elm kc-css-781695 kc_col-sm-6 kc_column kc_col-sm-6\"><div class=\"kc-col-container\"><div class=\"bgrlabel  kc-elm kc-css-568153 kc-animated kc-animate-eff-fadeInRight\" style=\"top:10px;right:-610px;\"><div class=\"inside_wrap\"><div class=\"imgl\"><img class=\"lazyload\"    data-src=\"https:\/\/marketingwebsites.ca\/wp-content\/uploads\/2023\/09\/social_media_img_02.png\" alt=\"\"><\/div><\/div><\/div><div  class=\"ssc_mltttl  kc-elm kc-css-71230 \"><div class=\"wr deb derb dea dera none nonea\"><h2 class=\"t1\">Les avantages <\/h2><h2 class=\"t2\">des m\u00e9dias sociaux<\/h2><p class=\"t4\">C:apos:est un excellent moyen d:apos:engager et de communiquer avec les clients actuels et potentiels.<\/p><\/div><\/div><div class=\"kc-elm kc-css-962499 kc_text_block\"><\/p>\n<h3 class=\"before-dash\">Innovation<\/h3>\n<p>La gestion innovante des m\u00e9dias sociaux a fait progresser les opportunit\u00e9s et les d\u00e9fis dans le monde entier. Les entreprises font face \u00e0 un environnement dynamique et interconnect\u00e9. Elles doivent donc tenir compte des nombreuses opportunit\u00e9s que la gestion professionnelle des m\u00e9dias sociaux et la pr\u00e9sence marketing peuvent leur apporter et les changements qui suivront dans leur activit\u00e9 commerciale. Afin d\u2019aider les entreprises \u00e0 comprendre, s\u2019adapter et utiliser cette nouvelle technologie, nous offrons nos recommandations et services.<\/p>\n<p>\n<\/div><div class=\"kc-elm kc-css-467457 kc_text_block\"><\/p>\n<h3 class=\"before-dash\">Professionel<\/h3>\n<p>Nous restons constamment \u00e0 jour concernant les strat\u00e9gies de marketing sur les m\u00e9dias sociaux. Chez Marketing Websites, nous cherchons \u00e0 concevoir une strat\u00e9gie de marketing des m\u00e9dias sociaux efficace pour r\u00e9pondre aux besoins de nos clients locaux de Montr\u00e9al ainsi qu\u2019\u00e0 nos demandes internationales.<\/p>\n<p>\n<\/div><div  class=\"ssc_btn kc-elm kc-css-524936  \"><a class=\"ssc_button none\" href=\"#contact-form-section\" target=\"_self\"><span>Demander une consultation gratuite<\/span><\/a><\/div><\/div><\/div><div class=\"kc-elm kc-css-706418 kc_col-sm-6 kc_column kc_col-sm-6\"><div class=\"kc-col-container\"><\/div><\/div><\/div><\/div><\/section><section class=\"kc-elm kc-css-776981 kc_row\"><div class=\"befbgr\" data-ssc-svg=\"\" data-ssc-img-s=\"full\" data-ssc-img-anim=\"none\"><\/div><div class=\"befbgr\" data-ssc-svg=\"\" data-ssc-img-s=\"full\" data-ssc-img-anim=\"none\"><\/div><div class=\"aftbgr\" data-ssc-svg=\"\" data-ssc-img-s=\"full\" data-ssc-img-anim=\"none\"><\/div><div class=\"aftbgr\" data-ssc-svg=\"\" data-ssc-img-s=\"full\" data-ssc-img-anim=\"none\"><\/div><div class=\"befbgr5\" data-ssc-svg=\"\" data-ssc-img-s=\"full\" data-ssc-img-anim=\"none\"><\/div><div class=\"befbgr6\" data-ssc-svg=\"\" data-ssc-img-s=\"full\" data-ssc-img-anim=\"none\"><\/div><div class=\"aftbgr7\" data-ssc-svg=\"\" data-ssc-img-s=\"full\" data-ssc-img-anim=\"none\"><\/div><div class=\"aftbgr8\" data-ssc-svg=\"\" data-ssc-img-s=\"full\" data-ssc-img-anim=\"none\"><\/div><div class=\"kc-row-container  kc-container\"><div class=\"kc-wrap-columns\"><div class=\"kc-elm kc-css-955062 kc_col-sm-12 kc_column kc_col-sm-12\"><div class=\"kc-col-container\"><div data-kc-equalheight=\"true\" data-kc-row-action=\"true\" data-kc-equalheight-align=\"middle\" class=\"kc-elm kc-css-819333 kc_row kc_row_inner sst-flex-row-inner\"><div class=\"kc-elm kc-css-723586 kc_col-sm-6 kc_column_inner kc_col-sm-6\"><div class=\"kc_wrapper kc-col-inner-container\"><div class=\"kc-elm kc-css-461493 kc-animated kc-animate-eff-fadeInLeft kc_shortcode kc_single_image\">\n\n        <img    data-src=\"https:\/\/marketingwebsites.ca\/wp-content\/uploads\/2022\/01\/touch-screen-1023965_1280.jpg\" class=\" lazyload\" alt=\"\" \/>    <\/div>\n<\/div><\/div><div class=\"kc-elm kc-css-803033 kc_col-sm-6 kc_column_inner kc_col-sm-6\"><div class=\"kc_wrapper kc-col-inner-container\"><div  class=\"ssc_mltttl  kc-elm kc-css-569000 \"><div class=\"wr deb derb dea dera none nonea\"><h2 class=\"t1\">Le contenu est <\/h2><h2 class=\"t2\">ROI<\/h2><p class=\"t3\">Les m\u00e9dias sociaux sont le ROYAUME!<\/p><\/div><\/div><div class=\"kc-elm kc-css-799712 kc_text_block\"><\/p>\n<p>Notre agence offre un excellent service de gestion des m\u00e9dias sociaux \u00e0 ceux qui souhaitent trouver des approches innovantes pour rester en contact avec leurs clients actuels et potentiels. Nos strat\u00e9gies et nos pratiques permettent \u00e0 nos clients de lancer avec succ\u00e8s leurs projets de m\u00e9dias sociaux. Nos comp\u00e9tences en gestion et en organisation procureront des r\u00e9sultats significatifs.<\/p>\n<p>Nous cherchons \u00e0 nous assurer que votre entreprise occupe une place de choix dans le domaine du r\u00e9seautage en ligne. Des consultations fr\u00e9quentes vous permettront de la faire cro\u00eetre afin qu\u2019elle puisse augmenter ses revenus. Nous sommes l\u00e0 pour vous aider \u00e0 stimuler vos activit\u00e9s de marketing num\u00e9rique et \u00e0 maximiser vos profits. Nous offrons des services de gestion des m\u00e9dias sociaux exceptionnels \u00e0 nos clients locaux de Montr\u00e9al.<\/p>\n<p>\n<\/div><div  class=\"ssc_btn kc-elm kc-css-378422  \"><a class=\"ssc_button none\" href=\"#contact-form-section\" target=\"_self\"><span>Demander une consultation gratuite<\/span><\/a><\/div><\/div><\/div><\/div><\/div><\/div><\/div><\/div><\/section><section class=\"kc-elm kc-css-912142 kc_row\"><div class=\"befbgr\" data-ssc-svg=\"\" data-ssc-img-s=\"full\" data-ssc-img-anim=\"none\"><\/div><div class=\"befbgr\" data-ssc-svg=\"\" data-ssc-img-s=\"full\" data-ssc-img-anim=\"none\"><\/div><div class=\"aftbgr\" data-ssc-svg=\"\" data-ssc-img-s=\"full\" data-ssc-img-anim=\"none\"><\/div><div class=\"aftbgr\" data-ssc-svg=\"\" data-ssc-img-s=\"full\" data-ssc-img-anim=\"none\"><\/div><div class=\"befbgr5\" data-ssc-svg=\"\" data-ssc-img-s=\"full\" data-ssc-img-anim=\"none\"><\/div><div class=\"befbgr6\" data-ssc-svg=\"\" data-ssc-img-s=\"full\" data-ssc-img-anim=\"none\"><\/div><div class=\"aftbgr7\" data-ssc-svg=\"\" data-ssc-img-s=\"full\" data-ssc-img-anim=\"none\"><\/div><div class=\"aftbgr8\" data-ssc-svg=\"\" data-ssc-img-s=\"full\" data-ssc-img-anim=\"none\"><\/div><div class=\"kc-row-container  kc-container\"><div class=\"kc-wrap-columns\"><div class=\"kc-elm kc-css-245781 kc_col-sm-5 kc_column kc_col-sm-5\"><div class=\"kc-col-container\"><div  class=\"ssc_mltttl  kc-elm kc-css-149850 \"><h2 class=\"wr deb derb dea dera none nonea\"><span class=\"t1\">Nos <\/span><span class=\"t2\"> outils<\/span><\/h2><\/div><\/div><\/div><div class=\"kc-elm kc-css-135850 kc_col-sm-7 kc_column kc_col-sm-7\"><div class=\"kc-col-container\"><div class=\"kc-elm kc-css-216886 kc_row kc_row_inner sst-flex-row-inner\"><div class=\"kc-elm kc-css-278946 kc_col-sm-6 kc_column_inner kc_col-sm-6\"><div class=\"kc_wrapper kc-col-inner-container\"><div  class=\" type1 mo  none kc-elm kc-css-33439 kc-animate-delay-150 ssc_img_ef client-logo\" ><div class=\"iw\"><img    data-src=\"https:\/\/marketingwebsites.ca\/wp-content\/uploads\/2022\/02\/google-trends-logo.png\" alt=\"\" class=\"none lazyload\"><\/div><\/div><\/div><\/div><div class=\"kc-elm kc-css-547186 kc_col-sm-6 kc_column_inner kc_col-sm-6\"><div class=\"kc_wrapper kc-col-inner-container\"><div  class=\" type1 mo  none kc-elm kc-css-429469 kc-animate-delay-300 ssc_img_ef client-logo\" ><div class=\"iw\"><img    data-src=\"https:\/\/marketingwebsites.ca\/wp-content\/uploads\/2022\/02\/semrush.svg\" alt=\"semrush\" class=\"none lazyload\"><\/div><\/div><\/div><\/div><\/div><div class=\"kc-elm kc-css-700229 kc_row kc_row_inner sst-flex-row-inner\"><div class=\"kc-elm kc-css-113243 kc_col-sm-6 kc_column_inner kc_col-sm-6\"><div class=\"kc_wrapper kc-col-inner-container\"><div  class=\" type1 mo  none kc-elm kc-css-750211 kc-animate-delay-600 ssc_img_ef client-logo\" ><div class=\"iw\"><img    data-src=\"https:\/\/marketingwebsites.ca\/wp-content\/uploads\/2022\/02\/rankvira-digital-marketing-services_google-marketing-platform-1.png\" alt=\"\" class=\"none lazyload\"><\/div><\/div><\/div><\/div><div class=\"kc-elm kc-css-889488 kc_col-sm-6 kc_column_inner kc_col-sm-6\"><div class=\"kc_wrapper kc-col-inner-container\"><div  class=\" type1 mo  none kc-elm kc-css-36008 kc-animate-delay-750 ssc_img_ef client-logo\" ><div class=\"iw\"><img    data-src=\"https:\/\/marketingwebsites.ca\/wp-content\/uploads\/2022\/02\/moz.svg\" alt=\"moz\" class=\"none lazyload\"><\/div><\/div><\/div><\/div><\/div><\/div><\/div><\/div><\/div><\/section><section class=\"kc-elm kc-css-89100 kc_row\"><div class=\"befbgr\" data-ssc-svg=\"\" data-ssc-img-s=\"full\" data-ssc-img-anim=\"none\"><\/div><div class=\"befbgr\" data-ssc-svg=\"\" data-ssc-img-s=\"full\" data-ssc-img-anim=\"none\"><\/div><div class=\"aftbgr\" data-ssc-svg=\"\" data-ssc-img-s=\"full\" data-ssc-img-anim=\"none\"><\/div><div class=\"aftbgr\" data-ssc-svg=\"\" data-ssc-img-s=\"full\" data-ssc-img-anim=\"none\"><\/div><div class=\"befbgr5\" data-ssc-svg=\"\" data-ssc-img-s=\"full\" data-ssc-img-anim=\"none\"><\/div><div class=\"befbgr6\" data-ssc-svg=\"\" data-ssc-img-s=\"full\" data-ssc-img-anim=\"none\"><\/div><div class=\"aftbgr7\" data-ssc-svg=\"\" data-ssc-img-s=\"full\" data-ssc-img-anim=\"none\"><\/div><div class=\"aftbgr8\" data-ssc-svg=\"\" data-ssc-img-s=\"full\" data-ssc-img-anim=\"none\"><\/div><div class=\"kc-row-container  kc-container\"><div class=\"kc-wrap-columns\"><div class=\"kc-elm kc-css-590648 kc_col-sm-12 kc_column kc_col-sm-12\"><div class=\"kc-col-container\"><div data-kc-equalheight=\"true\" data-kc-row-action=\"true\" data-kc-equalheight-align=\"middle\" class=\"kc-elm kc-css-579784 kc_row kc_row_inner sst-flex-row-inner\"><div class=\"kc-elm kc-css-454059 kc_col-sm-6 kc_column_inner kc_col-sm-6\"><div class=\"kc_wrapper kc-col-inner-container\"><div class=\"kc-elm kc-css-587106 kc-animated kc-animate-eff-fadeInLeft kc_shortcode kc_single_image\">\n\n        <img    data-src=\"https:\/\/marketingwebsites.ca\/wp-content\/uploads\/2022\/03\/social-media.jpg\" class=\" lazyload\" alt=\"\" \/>    <\/div>\n<\/div><\/div><div class=\"kc-elm kc-css-467166 kc_col-sm-6 kc_column_inner kc_col-sm-6\"><div class=\"kc_wrapper kc-col-inner-container\"><div  class=\"ssc_mltttl  kc-elm kc-css-385069 \"><h2 class=\"wr deb derb dea dera none nonea\"><span class=\"t1\">Nos Services <\/span><span class=\"t2\">comprennent<\/span><\/h2><\/div><div class=\"kc-elm kc-css-360911 kc_text_block\"><\/p>\n<p>Mais ne se limite pas aux \u00e9l\u00e9ments suivants:<\/p>\n<p>\n<\/div><div class=\"kc-elm kc-css-471051 kc_text_block\"><\/p>\n<ul>\n<li class=\"fadeIn animated\" data-animate=\"fadeIn\" data-delay=\"150\">\u00c9laboration d&#039;une strat\u00e9gie<\/li>\n<li class=\"fadeIn animated\" data-animate=\"fadeIn\" data-delay=\"250\"><i class=\"icon-circle-blank color\"><\/i>Gestion quotidienne des m\u00e9dias sociaux<\/li>\n<li class=\"fadeIn animated\" data-animate=\"fadeIn\" data-delay=\"350\"><i class=\"icon-circle-blank color\"><\/i>Int\u00e9r\u00eat de l&#039;audience & ciblage d\u00e9mographique<\/li>\n<li class=\"fadeIn animated\" data-animate=\"fadeIn\" data-delay=\"450\"><i class=\"icon-circle-blank color\"><\/i>Conception et affichage d&#039;annonces convaincantes<\/li>\n<li class=\"fadeIn animated\" data-animate=\"fadeIn\" data-delay=\"550\"><i class=\"icon-circle-blank color\"><\/i>Cr\u00e9ation de campagnes innovantes<\/li>\n<li class=\"fadeIn animated\" data-animate=\"fadeIn\" data-delay=\"650\"><i class=\"icon-circle-blank color\"><\/i>Rapports de performances mensuels<\/li>\n<li class=\"fadeIn animated\" data-animate=\"fadeIn\" data-delay=\"750\"><i class=\"icon-circle-blank color\"><\/i>Optimisation de campagnes publicitaires Facebook<\/li>\n<li class=\"fadeIn animated\" data-animate=\"fadeIn\" data-delay=\"850\"><i class=\"icon-circle-blank color\"><\/i>Identification des canaux de diffusion appropri\u00e9s<\/li>\n<li class=\"fadeIn animated\" data-animate=\"fadeIn\" data-delay=\"950\"><i class=\"icon-circle-blank color\"><\/i>Cr\u00e9ation d&#039;une base de clients fid\u00e8les<\/li>\n<li class=\"fadeIn animated\" data-animate=\"fadeIn\" data-delay=\"1050\"><i class=\"icon-circle-blank color\"><\/i>Cr\u00e9ation de contenu partageable pertinent<\/li>\n<li class=\"fadeIn animated\" data-animate=\"fadeIn\" data-delay=\"1150\"><i class=\"icon-circle-blank color\"><\/i>B\u00e2tir une audience et communiquer avec elle<\/li>\n<li class=\"fadeIn animated\" data-animate=\"fadeIn\" data-delay=\"1250\"><i class=\"icon-circle-blank color\"><\/i>Composer r\u00e9guli\u00e8rement des messages et faire des mises \u00e0 jour<\/li>\n<li class=\"fadeIn animated\" data-animate=\"fadeIn\" data-delay=\"1350\"><i class=\"icon-circle-blank color\"><\/i>Utiliser des promotions, des offres et des rabais pour maximiser l&#039;interaction et augmenter la communication.<\/li>\n<\/ul>\n<p>\n<\/div><\/div><\/div><\/div><\/div><\/div><\/div><\/div><\/section><section class=\"kc-elm kc-css-881533 kc_row\"><div class=\"befbgr\" data-ssc-svg=\"\" data-ssc-img-s=\"full\" data-ssc-img-anim=\"none\"><\/div><div class=\"befbgr\" data-ssc-svg=\"\" data-ssc-img-s=\"full\" data-ssc-img-anim=\"none\"><\/div><div class=\"aftbgr\" data-ssc-svg=\"\" data-ssc-img-s=\"full\" data-ssc-img-anim=\"none\"><\/div><div class=\"aftbgr\" data-ssc-svg=\"\" data-ssc-img-s=\"full\" data-ssc-img-anim=\"none\"><\/div><div class=\"befbgr5\" data-ssc-svg=\"\" data-ssc-img-s=\"full\" data-ssc-img-anim=\"none\"><\/div><div class=\"befbgr6\" data-ssc-svg=\"\" data-ssc-img-s=\"full\" data-ssc-img-anim=\"none\"><\/div><div class=\"aftbgr7\" data-ssc-svg=\"\" data-ssc-img-s=\"full\" data-ssc-img-anim=\"none\"><\/div><div class=\"aftbgr8\" data-ssc-svg=\"\" data-ssc-img-s=\"full\" data-ssc-img-anim=\"none\"><\/div><div class=\"kc-row-container  kc-container\"><div class=\"kc-wrap-columns\"><\/div><\/div><\/section><\/p>\n","protected":false},"excerpt":{"rendered":"","protected":false},"author":12,"featured_media":0,"parent":0,"menu_order":0,"comment_status":"closed","ping_status":"closed","template":"","meta":{"inline_featured_image":false,"footnotes":""},"yoast_head":"<!-- This site is optimized with the Yoast SEO plugin v22.6 - https:\/\/yoast.com\/wordpress\/plugins\/seo\/ -->\n<title>Gestion des m\u00e9dias sociaux Montreal - Marketing Websites<\/title>\n<meta name=\"description\" content=\"Chez Marketing Websites, nous cherchons \u00e0 concevoir efficacement une strat\u00e9gie de gestion et de marketing des m\u00e9dias sociaux qui satisfasse nos clients locaux de Montr\u00e9al ainsi que nos demandes et demandes internationales.\" \/>\n<meta name=\"robots\" content=\"index, follow, max-snippet:-1, max-image-preview:large, max-video-preview:-1\" \/>\n<link rel=\"canonical\" href=\"https:\/\/marketingwebsites.ca\/fr\/gestion-des-medias-sociaux\/\" \/>\n<meta property=\"og:locale\" content=\"fr_FR\" \/>\n<meta property=\"og:type\" content=\"article\" \/>\n<meta property=\"og:title\" content=\"Gestion des m\u00e9dias sociaux Montreal - Marketing Websites\" \/>\n<meta property=\"og:description\" content=\"Chez Marketing Websites, nous cherchons \u00e0 concevoir efficacement une strat\u00e9gie de gestion et de marketing des m\u00e9dias sociaux qui satisfasse nos clients locaux de Montr\u00e9al ainsi que nos demandes et demandes internationales.\" \/>\n<meta property=\"og:url\" content=\"https:\/\/marketingwebsites.ca\/fr\/gestion-des-medias-sociaux\/\" \/>\n<meta property=\"og:site_name\" content=\"Marketing Websites\" \/>\n<meta property=\"article:modified_time\" content=\"2023-09-25T17:30:53+00:00\" \/>\n<meta property=\"og:image\" content=\"https:\/\/marketingwebsites.ca\/wp-content\/uploads\/2023\/09\/social_media_img_02.png\" \/>\n<meta name=\"twitter:card\" content=\"summary_large_image\" \/>\n<meta name=\"twitter:label1\" content=\"Dur\u00e9e de lecture estim\u00e9e\" \/>\n\t<meta name=\"twitter:data1\" content=\"5 minutes\" \/>\n<script type=\"application\/ld+json\" class=\"yoast-schema-graph\">{\"@context\":\"https:\/\/schema.org\",\"@graph\":[{\"@type\":\"WebPage\",\"@id\":\"https:\/\/marketingwebsites.ca\/fr\/gestion-des-medias-sociaux\/\",\"url\":\"https:\/\/marketingwebsites.ca\/fr\/gestion-des-medias-sociaux\/\",\"name\":\"Gestion des m\u00e9dias sociaux Montreal - Marketing Websites\",\"isPartOf\":{\"@id\":\"https:\/\/marketingwebsites.ca\/fr\/#website\"},\"primaryImageOfPage\":{\"@id\":\"https:\/\/marketingwebsites.ca\/fr\/gestion-des-medias-sociaux\/#primaryimage\"},\"image\":{\"@id\":\"https:\/\/marketingwebsites.ca\/fr\/gestion-des-medias-sociaux\/#primaryimage\"},\"thumbnailUrl\":\"https:\/\/marketingwebsites.ca\/wp-content\/uploads\/2023\/09\/social_media_img_02.png\",\"datePublished\":\"2021-12-31T12:07:29+00:00\",\"dateModified\":\"2023-09-25T17:30:53+00:00\",\"description\":\"Chez Marketing Websites, nous cherchons \u00e0 concevoir efficacement une strat\u00e9gie de gestion et de marketing des m\u00e9dias sociaux qui satisfasse nos clients locaux de Montr\u00e9al ainsi que nos demandes et demandes internationales.\",\"inLanguage\":\"fr-FR\",\"potentialAction\":[{\"@type\":\"ReadAction\",\"target\":[\"https:\/\/marketingwebsites.ca\/fr\/gestion-des-medias-sociaux\/\"]}]},{\"@type\":\"ImageObject\",\"inLanguage\":\"fr-FR\",\"@id\":\"https:\/\/marketingwebsites.ca\/fr\/gestion-des-medias-sociaux\/#primaryimage\",\"url\":\"https:\/\/marketingwebsites.ca\/wp-content\/uploads\/2023\/09\/social_media_img_02.png\",\"contentUrl\":\"https:\/\/marketingwebsites.ca\/wp-content\/uploads\/2023\/09\/social_media_img_02.png\"},{\"@type\":\"WebSite\",\"@id\":\"https:\/\/marketingwebsites.ca\/fr\/#website\",\"url\":\"https:\/\/marketingwebsites.ca\/fr\/\",\"name\":\"Marketing Websites\",\"description\":\"Full Service Digital Marketing\",\"publisher\":{\"@id\":\"https:\/\/marketingwebsites.ca\/fr\/#organization\"},\"potentialAction\":[{\"@type\":\"SearchAction\",\"target\":{\"@type\":\"EntryPoint\",\"urlTemplate\":\"https:\/\/marketingwebsites.ca\/fr\/?s={search_term_string}\"},\"query-input\":\"required name=search_term_string\"}],\"inLanguage\":\"fr-FR\"},{\"@type\":\"Organization\",\"@id\":\"https:\/\/marketingwebsites.ca\/fr\/#organization\",\"name\":\"Marketing Websites\",\"url\":\"https:\/\/marketingwebsites.ca\/fr\/\",\"logo\":{\"@type\":\"ImageObject\",\"inLanguage\":\"fr-FR\",\"@id\":\"https:\/\/marketingwebsites.ca\/fr\/#\/schema\/logo\/image\/\",\"url\":\"https:\/\/marketingwebsites.ca\/wp-content\/uploads\/2022\/04\/logo-f-b.png\",\"contentUrl\":\"https:\/\/marketingwebsites.ca\/wp-content\/uploads\/2022\/04\/logo-f-b.png\",\"width\":225,\"height\":60,\"caption\":\"Marketing Websites\"},\"image\":{\"@id\":\"https:\/\/marketingwebsites.ca\/fr\/#\/schema\/logo\/image\/\"}}]}<\/script>\n<!-- \/ Yoast SEO plugin. -->","yoast_head_json":{"title":"Gestion des m\u00e9dias sociaux Montreal - Marketing Websites","description":"Chez Marketing Websites, nous cherchons \u00e0 concevoir efficacement une strat\u00e9gie de gestion et de marketing des m\u00e9dias sociaux qui satisfasse nos clients locaux de Montr\u00e9al ainsi que nos demandes et demandes internationales.","robots":{"index":"index","follow":"follow","max-snippet":"max-snippet:-1","max-image-preview":"max-image-preview:large","max-video-preview":"max-video-preview:-1"},"canonical":"https:\/\/marketingwebsites.ca\/fr\/gestion-des-medias-sociaux\/","og_locale":"fr_FR","og_type":"article","og_title":"Gestion des m\u00e9dias sociaux Montreal - Marketing Websites","og_description":"Chez Marketing Websites, nous cherchons \u00e0 concevoir efficacement une strat\u00e9gie de gestion et de marketing des m\u00e9dias sociaux qui satisfasse nos clients locaux de Montr\u00e9al ainsi que nos demandes et demandes internationales.","og_url":"https:\/\/marketingwebsites.ca\/fr\/gestion-des-medias-sociaux\/","og_site_name":"Marketing Websites","article_modified_time":"2023-09-25T17:30:53+00:00","og_image":[{"url":"https:\/\/marketingwebsites.ca\/wp-content\/uploads\/2023\/09\/social_media_img_02.png"}],"twitter_card":"summary_large_image","twitter_misc":{"Dur\u00e9e de lecture estim\u00e9e":"5 minutes"},"schema":{"@context":"https:\/\/schema.org","@graph":[{"@type":"WebPage","@id":"https:\/\/marketingwebsites.ca\/fr\/gestion-des-medias-sociaux\/","url":"https:\/\/marketingwebsites.ca\/fr\/gestion-des-medias-sociaux\/","name":"Gestion des m\u00e9dias sociaux Montreal - Marketing Websites","isPartOf":{"@id":"https:\/\/marketingwebsites.ca\/fr\/#website"},"primaryImageOfPage":{"@id":"https:\/\/marketingwebsites.ca\/fr\/gestion-des-medias-sociaux\/#primaryimage"},"image":{"@id":"https:\/\/marketingwebsites.ca\/fr\/gestion-des-medias-sociaux\/#primaryimage"},"thumbnailUrl":"https:\/\/marketingwebsites.ca\/wp-content\/uploads\/2023\/09\/social_media_img_02.png","datePublished":"2021-12-31T12:07:29+00:00","dateModified":"2023-09-25T17:30:53+00:00","description":"Chez Marketing Websites, nous cherchons \u00e0 concevoir efficacement une strat\u00e9gie de gestion et de marketing des m\u00e9dias sociaux qui satisfasse nos clients locaux de Montr\u00e9al ainsi que nos demandes et demandes internationales.","inLanguage":"fr-FR","potentialAction":[{"@type":"ReadAction","target":["https:\/\/marketingwebsites.ca\/fr\/gestion-des-medias-sociaux\/"]}]},{"@type":"ImageObject","inLanguage":"fr-FR","@id":"https:\/\/marketingwebsites.ca\/fr\/gestion-des-medias-sociaux\/#primaryimage","url":"https:\/\/marketingwebsites.ca\/wp-content\/uploads\/2023\/09\/social_media_img_02.png","contentUrl":"https:\/\/marketingwebsites.ca\/wp-content\/uploads\/2023\/09\/social_media_img_02.png"},{"@type":"WebSite","@id":"https:\/\/marketingwebsites.ca\/fr\/#website","url":"https:\/\/marketingwebsites.ca\/fr\/","name":"Marketing Websites","description":"Full Service Digital Marketing","publisher":{"@id":"https:\/\/marketingwebsites.ca\/fr\/#organization"},"potentialAction":[{"@type":"SearchAction","target":{"@type":"EntryPoint","urlTemplate":"https:\/\/marketingwebsites.ca\/fr\/?s={search_term_string}"},"query-input":"required name=search_term_string"}],"inLanguage":"fr-FR"},{"@type":"Organization","@id":"https:\/\/marketingwebsites.ca\/fr\/#organization","name":"Marketing Websites","url":"https:\/\/marketingwebsites.ca\/fr\/","logo":{"@type":"ImageObject","inLanguage":"fr-FR","@id":"https:\/\/marketingwebsites.ca\/fr\/#\/schema\/logo\/image\/","url":"https:\/\/marketingwebsites.ca\/wp-content\/uploads\/2022\/04\/logo-f-b.png","contentUrl":"https:\/\/marketingwebsites.ca\/wp-content\/uploads\/2022\/04\/logo-f-b.png","width":225,"height":60,"caption":"Marketing Websites"},"image":{"@id":"https:\/\/marketingwebsites.ca\/fr\/#\/schema\/logo\/image\/"}}]}},"_links":{"self":[{"href":"https:\/\/marketingwebsites.ca\/fr\/wp-json\/wp\/v2\/pages\/13738"}],"collection":[{"href":"https:\/\/marketingwebsites.ca\/fr\/wp-json\/wp\/v2\/pages"}],"about":[{"href":"https:\/\/marketingwebsites.ca\/fr\/wp-json\/wp\/v2\/types\/page"}],"author":[{"embeddable":true,"href":"https:\/\/marketingwebsites.ca\/fr\/wp-json\/wp\/v2\/users\/12"}],"replies":[{"embeddable":true,"href":"https:\/\/marketingwebsites.ca\/fr\/wp-json\/wp\/v2\/comments?post=13738"}],"version-history":[{"count":12,"href":"https:\/\/marketingwebsites.ca\/fr\/wp-json\/wp\/v2\/pages\/13738\/revisions"}],"predecessor-version":[{"id":16877,"href":"https:\/\/marketingwebsites.ca\/fr\/wp-json\/wp\/v2\/pages\/13738\/revisions\/16877"}],"wp:attachment":[{"href":"https:\/\/marketingwebsites.ca\/fr\/wp-json\/wp\/v2\/media?parent=13738"}],"curies":[{"name":"wp","href":"https:\/\/api.w.org\/{rel}","templated":true}]}}