{"id":13745,"date":"2021-12-31T12:05:30","date_gmt":"2021-12-31T12:05:30","guid":{"rendered":"https:\/\/newsite.marketingwebsites.ca\/?page_id=13745"},"modified":"2024-09-04T20:03:20","modified_gmt":"2024-09-04T20:03:20","slug":"referencement-naturel","status":"publish","type":"page","link":"https:\/\/marketingwebsites.ca\/fr\/referencement-naturel\/","title":{"rendered":"Services de r\u00e9f\u00e9rencement"},"content":{"rendered":"<p><section class=\"kc-elm kc-css-203211 kc_row\"><div class=\"befbgr\" data-ssc-svg=\"\" data-ssc-img-s=\"\" data-ssc-img-anim=\"\"><\/div><div class=\"befbgr\" data-ssc-svg=\"\" data-ssc-img-s=\"\" data-ssc-img-anim=\"\"><\/div><div class=\"aftbgr\" data-ssc-svg=\"\" data-ssc-img-s=\"\" data-ssc-img-anim=\"\"><\/div><div class=\"aftbgr\" data-ssc-svg=\"\" data-ssc-img-s=\"\" data-ssc-img-anim=\"\"><\/div><div class=\"befbgr5\" data-ssc-svg=\"\" data-ssc-img-s=\"\" data-ssc-img-anim=\"\"><\/div><div class=\"befbgr6\" data-ssc-svg=\"\" data-ssc-img-s=\"\" data-ssc-img-anim=\"\"><\/div><div class=\"aftbgr7\" data-ssc-svg=\"\" data-ssc-img-s=\"\" data-ssc-img-anim=\"\"><\/div><div class=\"aftbgr8\" data-ssc-svg=\"\" data-ssc-img-s=\"\" data-ssc-img-anim=\"\"><\/div><div class=\"kc-row-container  kc-container\"><div class=\"kc-wrap-columns\"><div class=\"kc-elm kc-css-125317 kc_col-sm-6 kc_column kc_col-sm-6\"><div class=\"kc-col-container\"><div class=\"bgrlabel  kc-elm kc-css-893189 kc-animated kc-animate-eff-fadeInRight\" style=\"top:10px;right:-610px;\"><div class=\"inside_wrap\"><div class=\"imgl\"><img class=\"lazyload\"    data-src=\"https:\/\/marketingwebsites.ca\/wp-content\/uploads\/2023\/07\/seo-fr.png\" alt=\"\"><\/div><\/div><\/div><div  class=\"ssc_mltttl  kc-elm kc-css-152904 \"><div class=\"wr deb derb dea dera none nonea\"><h1 class=\"t1\">Notre garantie <\/h1><h1 class=\"t2\">de services de r\u00e9f\u00e9rencement<\/h1><\/div><\/div><div class=\"kc-elm kc-css-774542 kc_text_block\"><\/p>\n<p style=\"font-size: 22px; line-height: 30px;\">Classement Google garanti en <span style=\"text-decoration: underline;\">90 jours<\/span> ou nous le ferons gratuitement!<\/p>\n<h3>Notre engagement<\/h3>\n<p>Si votre site web n&rsquo;est pas class\u00e9 sur la premi\u00e8re page des r\u00e9sultats de recherche dans les six premiers mois d&rsquo;utilisation de nos services, nous poursuivrons nos services <strong>gratuitement<\/strong> jusqu&rsquo;\u00e0 ce qu&rsquo;il le soit.<\/p>\n<h3 class=\"before-dash\">Visibilit\u00e9<\/h3>\n<p>Nous sommes une agence de r\u00e9f\u00e9rencement situ\u00e9e \u00e0 Montr\u00e9al qui d\u00e9veloppe des strat\u00e9gies assurant le maintien de la valeur au fil du temps. Nos services incluent les \u00e9valuations de sites Web, l\u2019optimisation de la vitesse de t\u00e9l\u00e9chargement de sites Web, la recherche de mots-cl\u00e9s, la cr\u00e9ation de liens de pages Web et les strat\u00e9gies r\u00e9dactionnelles.<\/p>\n<h3 class=\"before-dash\">Agence de r\u00e9f\u00e9rencement \u00e0 Montr\u00e9al<\/h3>\n<p>Vous cherchez \u00e0 am\u00e9liorer la visibilit\u00e9 de votre site Web sur les moteurs de recherche? Si vous vous demandez comment permettre \u00e0 votre site Web d\u2019appara\u00eetre sur les moteurs de recherche lorsque les gens tapent des mots-cl\u00e9s sp\u00e9cifiques, n\u2019h\u00e9sitez pas \u00e0 faire appel aux services de r\u00e9f\u00e9rencement de notre agence. Nous vous offrons une approche dynamique con\u00e7ue pour classer votre site Web plus haut parmi les r\u00e9sultats des moteurs de recherche. Nous avons beaucoup d\u2019exp\u00e9rience dans ce domaine. Satisfaire nos clients est notre priorit\u00e9. Nous croyons que le succ\u00e8s de nos clients refl\u00e8te notre d\u00e9vouement et confirme notre positionnement en tant que leader dans ce march\u00e9.<\/p>\n<p>\n<\/div><div class=\"kc-elm kc-css-33240 kc_text_block\"><\/p>\n<h3 class=\"before-dash\">Atteignez vos objectifs<\/h3>\n<p>Un nombre de plus en plus grand d\u2019entreprises font appel \u00e0 des agences pour optimiser leur site Web sur les moteurs de recherche (r\u00e9f\u00e9rencement) afin d\u2019acqu\u00e9rir des prospects, vendre des produits ou des services. La majorit\u00e9 des personnes qui recherchent en ligne ont tendance \u00e0 cliquer sur les r\u00e9sultats de la premi\u00e8re page. Nos experts s\u2019assureront que votre site sortira sur la premi\u00e8re page de r\u00e9sultats de recherches pour les mots-cl\u00e9s pertinents afin que vous puissiez attirer un nombre significatif de clients potentiels. Notre vaste exp\u00e9rience en r\u00e9f\u00e9rencement de sites Web est renforc\u00e9e par le fait que nous restons toujours \u00e0 l\u2019aff\u00fbt des nouvelles tendances et techniques d\u2019optimisation dans les moteurs de recherche. Aider nos clients \u00e0 atteindre leurs objectifs et leur vision est l\u2019essence m\u00eame de notre approche du service consultatif.<\/p>\n<p>\n<\/div><div  class=\"ssc_btn kc-elm kc-css-59462  \"><a class=\"ssc_button none\" href=\"#contact-form-section\" target=\"_self\"><span>Demander une soumission SEO gratuite<\/span><\/a><\/div><\/div><\/div><div class=\"kc-elm kc-css-579591 kc_col-sm-6 kc_column kc_col-sm-6\"><div class=\"kc-col-container\"><\/div><\/div><\/div><\/div><\/section><section class=\"kc-elm kc-css-688580 kc_row\"><div class=\"befbgr\" data-ssc-svg=\"\" data-ssc-img-s=\"full\" data-ssc-img-anim=\"none\"><\/div><div class=\"befbgr\" data-ssc-svg=\"\" data-ssc-img-s=\"full\" data-ssc-img-anim=\"none\"><\/div><div class=\"aftbgr\" data-ssc-svg=\"\" data-ssc-img-s=\"full\" data-ssc-img-anim=\"none\"><\/div><div class=\"aftbgr\" data-ssc-svg=\"\" data-ssc-img-s=\"full\" data-ssc-img-anim=\"none\"><\/div><div class=\"befbgr5\" data-ssc-svg=\"\" data-ssc-img-s=\"full\" data-ssc-img-anim=\"none\"><\/div><div class=\"befbgr6\" data-ssc-svg=\"\" data-ssc-img-s=\"full\" data-ssc-img-anim=\"none\"><\/div><div class=\"aftbgr7\" data-ssc-svg=\"\" data-ssc-img-s=\"full\" data-ssc-img-anim=\"none\"><\/div><div class=\"aftbgr8\" data-ssc-svg=\"\" data-ssc-img-s=\"full\" data-ssc-img-anim=\"none\"><\/div><div class=\"kc-row-container  kc-container\"><div class=\"kc-wrap-columns\"><div class=\"kc-elm kc-css-100115 kc_col-sm-12 kc_column kc_col-sm-12\"><div class=\"kc-col-container\"><div data-kc-equalheight=\"true\" data-kc-row-action=\"true\" data-kc-equalheight-align=\"middle\" class=\"kc-elm kc-css-488399 kc_row kc_row_inner sst-flex-row-inner\"><div class=\"kc-elm kc-css-648755 kc_col-sm-6 kc_column_inner kc_col-sm-6\"><div class=\"kc_wrapper kc-col-inner-container\"><div class=\"kc-elm kc-css-178059 kc-animated kc-animate-eff-fadeInLeft kc_shortcode kc_single_image\">\n\n        <img    data-src=\"https:\/\/marketingwebsites.ca\/wp-content\/uploads\/2022\/01\/computer-767776_1280.jpg\" class=\" lazyload\" alt=\"\" \/>    <\/div>\n<\/div><\/div><div class=\"kc-elm kc-css-7421 kc_col-sm-6 kc_column_inner kc_col-sm-6\"><div class=\"kc_wrapper kc-col-inner-container\"><div  class=\"ssc_mltttl  kc-elm kc-css-573406 \"><h2 class=\"wr deb derb dea dera none nonea\"><span class=\"t1\">R\u00e9f\u00e9rencement <\/span><span class=\"t2\">local<\/span><\/h2><\/div><div  class=\"ssc_mltttl  kc-elm kc-css-925343 \"><h3 class=\"wr deb derb dea dera none nonea\"><span class=\"t1\">Service de r\u00e9f\u00e9rencement \u00e0 Montr\u00e9al pour les entreprises locales<\/span><\/h3><\/div><div class=\"kc-elm kc-css-278516 kc_text_block\"><\/p>\n<p style=\"text-align: left;\" align=\"justify\">\u00catre une agence de r\u00e9f\u00e9rencement professionnelle \u00e0 Montr\u00e9al nous permet de fournir les meilleurs services d\u2019experts pour les entreprises locales de Montr\u00e9al qui veulent voir leur site Web appara\u00eetre pour des termes de recherches pr\u00e9cis et pertinents. L\u2019Internet offre un acc\u00e8s illimit\u00e9, mais il est essentiel de cibler la client\u00e8le qui habite dans le coin o\u00f9 vous faites des affaires pour rejoindre les clients les plus pertinents. Notre service de r\u00e9f\u00e9rencement local vous permettra de vous d\u00e9marquer de vos concurrents et d\u2019\u00eatre plus visible aupr\u00e8s de votre client\u00e8le type.<\/p>\n<p>\n<\/div><div  class=\"ssc_btn kc-elm kc-css-933231  \"><a class=\"ssc_button none\" href=\"#contact-form-section\" target=\"_self\"><span>Demander une soumission SEO gratuite<\/span><\/a><\/div><\/div><\/div><\/div><\/div><\/div><\/div><\/div><\/section><section class=\"kc-elm kc-css-525242 kc_row\"><div class=\"befbgr\" data-ssc-svg=\"\" data-ssc-img-s=\"full\" data-ssc-img-anim=\"none\"><\/div><div class=\"befbgr\" data-ssc-svg=\"\" data-ssc-img-s=\"full\" data-ssc-img-anim=\"none\"><\/div><div class=\"aftbgr\" data-ssc-svg=\"\" data-ssc-img-s=\"full\" data-ssc-img-anim=\"none\"><\/div><div class=\"aftbgr\" data-ssc-svg=\"\" data-ssc-img-s=\"full\" data-ssc-img-anim=\"none\"><\/div><div class=\"befbgr5\" data-ssc-svg=\"\" data-ssc-img-s=\"full\" data-ssc-img-anim=\"none\"><\/div><div class=\"befbgr6\" data-ssc-svg=\"\" data-ssc-img-s=\"full\" data-ssc-img-anim=\"none\"><\/div><div class=\"aftbgr7\" data-ssc-svg=\"\" data-ssc-img-s=\"full\" data-ssc-img-anim=\"none\"><\/div><div class=\"aftbgr8\" data-ssc-svg=\"\" data-ssc-img-s=\"full\" data-ssc-img-anim=\"none\"><\/div><div class=\"kc-row-container  kc-container\"><div class=\"kc-wrap-columns\"><div class=\"kc-elm kc-css-756521 kc_col-sm-5 kc_column kc_col-sm-5\"><div class=\"kc-col-container\"><div  class=\"ssc_mltttl  kc-elm kc-css-225225 \"><h2 class=\"wr deb derb dea dera none nonea\"><span class=\"t1\">Nos <\/span><span class=\"t2\"> outils<\/span><\/h2><\/div><\/div><\/div><div class=\"kc-elm kc-css-710247 kc_col-sm-7 kc_column kc_col-sm-7\"><div class=\"kc-col-container\"><div class=\"kc-elm kc-css-764594 kc_row kc_row_inner sst-flex-row-inner\"><div class=\"kc-elm kc-css-738337 kc_col-sm-6 kc_column_inner kc_col-sm-6\"><div class=\"kc_wrapper kc-col-inner-container\"><div  class=\" type1 mo  none kc-elm kc-css-276323 kc-animate-delay-150 ssc_img_ef client-logo\" ><div class=\"iw\"><img    data-src=\"https:\/\/marketingwebsites.ca\/wp-content\/uploads\/2022\/02\/google_webmasters.png\" alt=\"Google Search Console\" class=\"none lazyload\"><\/div><\/div><\/div><\/div><div class=\"kc-elm kc-css-904276 kc_col-sm-6 kc_column_inner kc_col-sm-6\"><div class=\"kc_wrapper kc-col-inner-container\"><div  class=\" type1 mo  none kc-elm kc-css-918176 kc-animate-delay-300 ssc_img_ef client-logo\" ><div class=\"iw\"><img    data-src=\"https:\/\/marketingwebsites.ca\/wp-content\/uploads\/2022\/02\/semrush.svg\" alt=\"semrush\" class=\"none lazyload\"><\/div><\/div><\/div><\/div><\/div><div class=\"kc-elm kc-css-455264 kc_row kc_row_inner sst-flex-row-inner\"><div class=\"kc-elm kc-css-196974 kc_col-sm-6 kc_column_inner kc_col-sm-6\"><div class=\"kc_wrapper kc-col-inner-container\"><div  class=\" type1 mo  none kc-elm kc-css-961853 kc-animate-delay-600 ssc_img_ef client-logo\" ><div class=\"iw\"><img    data-src=\"https:\/\/marketingwebsites.ca\/wp-content\/uploads\/2022\/02\/moz.svg\" alt=\"moz\" class=\"none lazyload\"><\/div><\/div><\/div><\/div><div class=\"kc-elm kc-css-720410 kc_col-sm-6 kc_column_inner kc_col-sm-6\"><div class=\"kc_wrapper kc-col-inner-container\"><div  class=\" type1 mo  none kc-elm kc-css-150741 kc-animate-delay-750 ssc_img_ef client-logo\" ><div class=\"iw\"><img    data-src=\"https:\/\/marketingwebsites.ca\/wp-content\/uploads\/2022\/02\/screaming-frog-logo.png\" alt=\"\" class=\"none lazyload\"><\/div><\/div><\/div><\/div><\/div><\/div><\/div><\/div><\/div><\/section><section class=\"kc-elm kc-css-387003 kc_row\"><div class=\"befbgr\" data-ssc-svg=\"\" data-ssc-img-s=\"full\" data-ssc-img-anim=\"none\"><\/div><div class=\"befbgr\" data-ssc-svg=\"\" data-ssc-img-s=\"full\" data-ssc-img-anim=\"none\"><\/div><div class=\"aftbgr\" data-ssc-svg=\"\" data-ssc-img-s=\"full\" data-ssc-img-anim=\"none\"><\/div><div class=\"aftbgr\" data-ssc-svg=\"\" data-ssc-img-s=\"full\" data-ssc-img-anim=\"none\"><\/div><div class=\"befbgr5\" data-ssc-svg=\"\" data-ssc-img-s=\"full\" data-ssc-img-anim=\"none\"><\/div><div class=\"befbgr6\" data-ssc-svg=\"\" data-ssc-img-s=\"full\" data-ssc-img-anim=\"none\"><\/div><div class=\"aftbgr7\" data-ssc-svg=\"\" data-ssc-img-s=\"full\" data-ssc-img-anim=\"none\"><\/div><div class=\"aftbgr8\" data-ssc-svg=\"\" data-ssc-img-s=\"full\" data-ssc-img-anim=\"none\"><\/div><div class=\"kc-row-container  kc-container\"><div class=\"kc-wrap-columns\"><div class=\"kc-elm kc-css-374484 kc_col-sm-12 kc_column kc_col-sm-12\"><div class=\"kc-col-container\"><div data-kc-equalheight=\"true\" data-kc-row-action=\"true\" data-kc-equalheight-align=\"middle\" class=\"kc-elm kc-css-11529 kc_row kc_row_inner sst-flex-row-inner\"><div class=\"kc-elm kc-css-944563 kc_col-sm-6 kc_column_inner kc_col-sm-6\"><div class=\"kc_wrapper kc-col-inner-container\"><div class=\"kc-elm kc-css-310911 kc-animated kc-animate-eff-fadeInLeft kc_shortcode kc_single_image\">\n\n        <img    data-src=\"https:\/\/marketingwebsites.ca\/wp-content\/uploads\/2023\/07\/experts-collage.png\" class=\" lazyload\" alt=\"\" \/>    <\/div>\n<\/div><\/div><div class=\"kc-elm kc-css-107778 kc_col-sm-6 kc_column_inner kc_col-sm-6\"><div class=\"kc_wrapper kc-col-inner-container\"><div  class=\"ssc_mltttl  kc-elm kc-css-702026 \"><h2 class=\"wr deb derb dea dera none nonea\"><span class=\"t1\">Parlez avec un  <\/span><span class=\"t2\">expert<\/span><\/h2><\/div><div class=\"kc-elm kc-css-186266 kc_text_block\"><\/p>\n<p>Si vous choisissez de travailler avec Marketing Websites, leader dans le march\u00e9, nous vous assurons que nos services d\u2019optimisation dans les moteurs de recherche vous permettront d\u2019obtenir un site Web bien optimis\u00e9 et des r\u00e9sultats impressionnants. Demandez une consultation maintenant. Appelez au 514-360-2187 pour parler avec l\u2019un de nos experts en r\u00e9f\u00e9rencement \u00e0 Montr\u00e9al et recevoir des conseils gratuits qui vous mettront sur la bonne voie pour atteindre vos objectifs d\u2019optimisation dans les moteurs de recherche.<\/p>\n<p>Nous veillerons \u00e0 ce que vous sachiez:<\/p>\n<p>\n<\/div><div class=\"kc-elm kc-css-502654 kc_text_block\"><\/p>\n<ul>\n<li class=\"fadeIn animated\" data-animate=\"fadeIn\" data-delay=\"150\">Les types de mots-cl\u00e9s que vous devez cibler<\/li>\n<li class=\"fadeIn animated\" data-animate=\"fadeIn\" data-delay=\"250\"><i class=\"icon-circle-blank color\"><\/i>Comment \u00e9valuer votre strat\u00e9gie d'indexation actuelle<\/li>\n<li class=\"fadeIn animated\" data-animate=\"fadeIn\" data-delay=\"350\"><i class=\"icon-circle-blank color\"><\/i>Comment trouver votre classement par mots-cl\u00e9s et le classement de vos concurrents<\/li>\n<li class=\"fadeIn animated\" data-animate=\"fadeIn\" data-delay=\"450\"><i class=\"icon-circle-blank color\"><\/i>Comment mesurer l'emplacement de votre marque par rapport aux concurrents.<\/li>\n<\/ul>\n<p>\n<\/div><\/div><\/div><\/div><\/div><\/div><\/div><\/div><\/section><section class=\"kc-elm kc-css-151282 kc_row\"><div class=\"befbgr\" data-ssc-svg=\"\" data-ssc-img-s=\"full\" data-ssc-img-anim=\"none\"><\/div><div class=\"befbgr\" data-ssc-svg=\"\" data-ssc-img-s=\"full\" data-ssc-img-anim=\"none\"><\/div><div class=\"aftbgr\" data-ssc-svg=\"\" data-ssc-img-s=\"full\" data-ssc-img-anim=\"none\"><\/div><div class=\"aftbgr\" data-ssc-svg=\"\" data-ssc-img-s=\"full\" data-ssc-img-anim=\"none\"><\/div><div class=\"befbgr5\" data-ssc-svg=\"\" data-ssc-img-s=\"full\" data-ssc-img-anim=\"none\"><\/div><div class=\"befbgr6\" data-ssc-svg=\"\" data-ssc-img-s=\"full\" data-ssc-img-anim=\"none\"><\/div><div class=\"aftbgr7\" data-ssc-svg=\"\" data-ssc-img-s=\"full\" data-ssc-img-anim=\"none\"><\/div><div class=\"aftbgr8\" data-ssc-svg=\"\" data-ssc-img-s=\"full\" data-ssc-img-anim=\"none\"><\/div><div class=\"kc-row-container  kc-container\"><div class=\"kc-wrap-columns\"><\/div><\/div><\/section><\/p>\n","protected":false},"excerpt":{"rendered":"","protected":false},"author":12,"featured_media":0,"parent":0,"menu_order":0,"comment_status":"closed","ping_status":"closed","template":"","meta":{"inline_featured_image":false,"footnotes":""},"yoast_head":"<!-- This site is optimized with the Yoast SEO plugin v22.6 - https:\/\/yoast.com\/wordpress\/plugins\/seo\/ -->\n<title>Services de r\u00e9f\u00e9rencement - Marketing Websites<\/title>\n<meta name=\"description\" content=\"Le processus commence par une consultation gratuite (sans engagement), au cours de laquelle nous prenons le temps de vous comprendre, ainsi que vos produits ou services.\" \/>\n<meta name=\"robots\" content=\"index, follow, max-snippet:-1, max-image-preview:large, max-video-preview:-1\" \/>\n<link rel=\"canonical\" href=\"https:\/\/marketingwebsites.ca\/fr\/referencement-naturel\/\" \/>\n<meta property=\"og:locale\" content=\"fr_FR\" \/>\n<meta property=\"og:type\" content=\"article\" \/>\n<meta property=\"og:title\" content=\"Services de r\u00e9f\u00e9rencement - Marketing Websites\" \/>\n<meta property=\"og:description\" content=\"Le processus commence par une consultation gratuite (sans engagement), au cours de laquelle nous prenons le temps de vous comprendre, ainsi que vos produits ou services.\" \/>\n<meta property=\"og:url\" content=\"https:\/\/marketingwebsites.ca\/fr\/referencement-naturel\/\" \/>\n<meta property=\"og:site_name\" content=\"Marketing Websites\" \/>\n<meta property=\"article:modified_time\" content=\"2024-09-04T20:03:20+00:00\" \/>\n<meta property=\"og:image\" content=\"https:\/\/marketingwebsites.ca\/wp-content\/uploads\/2023\/07\/seo-fr.png\" \/>\n<meta name=\"twitter:card\" content=\"summary_large_image\" \/>\n<meta name=\"twitter:label1\" content=\"Dur\u00e9e de lecture estim\u00e9e\" \/>\n\t<meta name=\"twitter:data1\" content=\"6 minutes\" \/>\n<script type=\"application\/ld+json\" class=\"yoast-schema-graph\">{\"@context\":\"https:\/\/schema.org\",\"@graph\":[{\"@type\":\"WebPage\",\"@id\":\"https:\/\/marketingwebsites.ca\/fr\/referencement-naturel\/\",\"url\":\"https:\/\/marketingwebsites.ca\/fr\/referencement-naturel\/\",\"name\":\"Services de r\u00e9f\u00e9rencement - Marketing Websites\",\"isPartOf\":{\"@id\":\"https:\/\/marketingwebsites.ca\/fr\/#website\"},\"primaryImageOfPage\":{\"@id\":\"https:\/\/marketingwebsites.ca\/fr\/referencement-naturel\/#primaryimage\"},\"image\":{\"@id\":\"https:\/\/marketingwebsites.ca\/fr\/referencement-naturel\/#primaryimage\"},\"thumbnailUrl\":\"https:\/\/marketingwebsites.ca\/wp-content\/uploads\/2023\/07\/seo-fr.png\",\"datePublished\":\"2021-12-31T12:05:30+00:00\",\"dateModified\":\"2024-09-04T20:03:20+00:00\",\"description\":\"Le processus commence par une consultation gratuite (sans engagement), au cours de laquelle nous prenons le temps de vous comprendre, ainsi que vos produits ou services.\",\"inLanguage\":\"fr-FR\",\"potentialAction\":[{\"@type\":\"ReadAction\",\"target\":[\"https:\/\/marketingwebsites.ca\/fr\/referencement-naturel\/\"]}]},{\"@type\":\"ImageObject\",\"inLanguage\":\"fr-FR\",\"@id\":\"https:\/\/marketingwebsites.ca\/fr\/referencement-naturel\/#primaryimage\",\"url\":\"https:\/\/marketingwebsites.ca\/wp-content\/uploads\/2023\/07\/seo-fr.png\",\"contentUrl\":\"https:\/\/marketingwebsites.ca\/wp-content\/uploads\/2023\/07\/seo-fr.png\"},{\"@type\":\"WebSite\",\"@id\":\"https:\/\/marketingwebsites.ca\/fr\/#website\",\"url\":\"https:\/\/marketingwebsites.ca\/fr\/\",\"name\":\"Marketing Websites\",\"description\":\"Full Service Digital Marketing\",\"publisher\":{\"@id\":\"https:\/\/marketingwebsites.ca\/fr\/#organization\"},\"potentialAction\":[{\"@type\":\"SearchAction\",\"target\":{\"@type\":\"EntryPoint\",\"urlTemplate\":\"https:\/\/marketingwebsites.ca\/fr\/?s={search_term_string}\"},\"query-input\":\"required name=search_term_string\"}],\"inLanguage\":\"fr-FR\"},{\"@type\":\"Organization\",\"@id\":\"https:\/\/marketingwebsites.ca\/fr\/#organization\",\"name\":\"Marketing Websites\",\"url\":\"https:\/\/marketingwebsites.ca\/fr\/\",\"logo\":{\"@type\":\"ImageObject\",\"inLanguage\":\"fr-FR\",\"@id\":\"https:\/\/marketingwebsites.ca\/fr\/#\/schema\/logo\/image\/\",\"url\":\"https:\/\/marketingwebsites.ca\/wp-content\/uploads\/2022\/04\/logo-f-b.png\",\"contentUrl\":\"https:\/\/marketingwebsites.ca\/wp-content\/uploads\/2022\/04\/logo-f-b.png\",\"width\":225,\"height\":60,\"caption\":\"Marketing Websites\"},\"image\":{\"@id\":\"https:\/\/marketingwebsites.ca\/fr\/#\/schema\/logo\/image\/\"}}]}<\/script>\n<!-- \/ Yoast SEO plugin. -->","yoast_head_json":{"title":"Services de r\u00e9f\u00e9rencement - Marketing Websites","description":"Le processus commence par une consultation gratuite (sans engagement), au cours de laquelle nous prenons le temps de vous comprendre, ainsi que vos produits ou services.","robots":{"index":"index","follow":"follow","max-snippet":"max-snippet:-1","max-image-preview":"max-image-preview:large","max-video-preview":"max-video-preview:-1"},"canonical":"https:\/\/marketingwebsites.ca\/fr\/referencement-naturel\/","og_locale":"fr_FR","og_type":"article","og_title":"Services de r\u00e9f\u00e9rencement - Marketing Websites","og_description":"Le processus commence par une consultation gratuite (sans engagement), au cours de laquelle nous prenons le temps de vous comprendre, ainsi que vos produits ou services.","og_url":"https:\/\/marketingwebsites.ca\/fr\/referencement-naturel\/","og_site_name":"Marketing Websites","article_modified_time":"2024-09-04T20:03:20+00:00","og_image":[{"url":"https:\/\/marketingwebsites.ca\/wp-content\/uploads\/2023\/07\/seo-fr.png"}],"twitter_card":"summary_large_image","twitter_misc":{"Dur\u00e9e de lecture estim\u00e9e":"6 minutes"},"schema":{"@context":"https:\/\/schema.org","@graph":[{"@type":"WebPage","@id":"https:\/\/marketingwebsites.ca\/fr\/referencement-naturel\/","url":"https:\/\/marketingwebsites.ca\/fr\/referencement-naturel\/","name":"Services de r\u00e9f\u00e9rencement - Marketing Websites","isPartOf":{"@id":"https:\/\/marketingwebsites.ca\/fr\/#website"},"primaryImageOfPage":{"@id":"https:\/\/marketingwebsites.ca\/fr\/referencement-naturel\/#primaryimage"},"image":{"@id":"https:\/\/marketingwebsites.ca\/fr\/referencement-naturel\/#primaryimage"},"thumbnailUrl":"https:\/\/marketingwebsites.ca\/wp-content\/uploads\/2023\/07\/seo-fr.png","datePublished":"2021-12-31T12:05:30+00:00","dateModified":"2024-09-04T20:03:20+00:00","description":"Le processus commence par une consultation gratuite (sans engagement), au cours de laquelle nous prenons le temps de vous comprendre, ainsi que vos produits ou services.","inLanguage":"fr-FR","potentialAction":[{"@type":"ReadAction","target":["https:\/\/marketingwebsites.ca\/fr\/referencement-naturel\/"]}]},{"@type":"ImageObject","inLanguage":"fr-FR","@id":"https:\/\/marketingwebsites.ca\/fr\/referencement-naturel\/#primaryimage","url":"https:\/\/marketingwebsites.ca\/wp-content\/uploads\/2023\/07\/seo-fr.png","contentUrl":"https:\/\/marketingwebsites.ca\/wp-content\/uploads\/2023\/07\/seo-fr.png"},{"@type":"WebSite","@id":"https:\/\/marketingwebsites.ca\/fr\/#website","url":"https:\/\/marketingwebsites.ca\/fr\/","name":"Marketing Websites","description":"Full Service Digital Marketing","publisher":{"@id":"https:\/\/marketingwebsites.ca\/fr\/#organization"},"potentialAction":[{"@type":"SearchAction","target":{"@type":"EntryPoint","urlTemplate":"https:\/\/marketingwebsites.ca\/fr\/?s={search_term_string}"},"query-input":"required name=search_term_string"}],"inLanguage":"fr-FR"},{"@type":"Organization","@id":"https:\/\/marketingwebsites.ca\/fr\/#organization","name":"Marketing Websites","url":"https:\/\/marketingwebsites.ca\/fr\/","logo":{"@type":"ImageObject","inLanguage":"fr-FR","@id":"https:\/\/marketingwebsites.ca\/fr\/#\/schema\/logo\/image\/","url":"https:\/\/marketingwebsites.ca\/wp-content\/uploads\/2022\/04\/logo-f-b.png","contentUrl":"https:\/\/marketingwebsites.ca\/wp-content\/uploads\/2022\/04\/logo-f-b.png","width":225,"height":60,"caption":"Marketing Websites"},"image":{"@id":"https:\/\/marketingwebsites.ca\/fr\/#\/schema\/logo\/image\/"}}]}},"_links":{"self":[{"href":"https:\/\/marketingwebsites.ca\/fr\/wp-json\/wp\/v2\/pages\/13745"}],"collection":[{"href":"https:\/\/marketingwebsites.ca\/fr\/wp-json\/wp\/v2\/pages"}],"about":[{"href":"https:\/\/marketingwebsites.ca\/fr\/wp-json\/wp\/v2\/types\/page"}],"author":[{"embeddable":true,"href":"https:\/\/marketingwebsites.ca\/fr\/wp-json\/wp\/v2\/users\/12"}],"replies":[{"embeddable":true,"href":"https:\/\/marketingwebsites.ca\/fr\/wp-json\/wp\/v2\/comments?post=13745"}],"version-history":[{"count":23,"href":"https:\/\/marketingwebsites.ca\/fr\/wp-json\/wp\/v2\/pages\/13745\/revisions"}],"predecessor-version":[{"id":17665,"href":"https:\/\/marketingwebsites.ca\/fr\/wp-json\/wp\/v2\/pages\/13745\/revisions\/17665"}],"wp:attachment":[{"href":"https:\/\/marketingwebsites.ca\/fr\/wp-json\/wp\/v2\/media?parent=13745"}],"curies":[{"name":"wp","href":"https:\/\/api.w.org\/{rel}","templated":true}]}}