{"id":13752,"date":"2021-12-31T12:06:48","date_gmt":"2021-12-31T12:06:48","guid":{"rendered":"https:\/\/newsite.marketingwebsites.ca\/?page_id=13752"},"modified":"2022-11-09T22:38:08","modified_gmt":"2022-11-09T22:38:08","slug":"gestion-de-google-ads","status":"publish","type":"page","link":"https:\/\/marketingwebsites.ca\/fr\/gestion-de-google-ads\/","title":{"rendered":"Gestion de Google Ads"},"content":{"rendered":"<p><section class=\"kc-elm kc-css-105185 kc_row\"><div class=\"befbgr\" data-ssc-svg=\"\" data-ssc-img-s=\"\" data-ssc-img-anim=\"\"><\/div><div class=\"befbgr\" data-ssc-svg=\"\" data-ssc-img-s=\"\" data-ssc-img-anim=\"\"><\/div><div class=\"aftbgr\" data-ssc-svg=\"\" data-ssc-img-s=\"\" data-ssc-img-anim=\"\"><\/div><div class=\"aftbgr\" data-ssc-svg=\"\" data-ssc-img-s=\"\" data-ssc-img-anim=\"\"><\/div><div class=\"befbgr5\" data-ssc-svg=\"\" data-ssc-img-s=\"\" data-ssc-img-anim=\"\"><\/div><div class=\"befbgr6\" data-ssc-svg=\"\" data-ssc-img-s=\"\" data-ssc-img-anim=\"\"><\/div><div class=\"aftbgr7\" data-ssc-svg=\"\" data-ssc-img-s=\"\" data-ssc-img-anim=\"\"><\/div><div class=\"aftbgr8\" data-ssc-svg=\"\" data-ssc-img-s=\"\" data-ssc-img-anim=\"\"><\/div><div class=\"kc-row-container  kc-container\"><div class=\"kc-wrap-columns\"><div class=\"kc-elm kc-css-829801 kc_col-sm-6 kc_column kc_col-sm-6\"><div class=\"kc-col-container\"><div class=\"bgrlabel  kc-elm kc-css-939439 kc-animated kc-animate-eff-fadeInRight\" style=\"top:10px;right:-610px;\"><div class=\"inside_wrap\"><div class=\"imgl\"><img class=\"lazyload\"    data-src=\"https:\/\/marketingwebsites.ca\/wp-content\/uploads\/2022\/04\/ga_logo_02.png\" alt=\"\"><\/div><\/div><\/div><div  class=\"ssc_mltttl  kc-elm kc-css-170619 \"><div class=\"wr deb derb dea dera none nonea\"><h2 class=\"t1\">L:apos:AVANTAGE DU <\/h2><h2 class=\"t2\">MARKETING GOOGLE ADS<\/h2><p class=\"t4\">Un moyen rapide et efficace de rejoindre vos clients potentiels.<\/p><\/div><\/div><div class=\"kc-elm kc-css-163116 kc_text_block\"><\/p>\n<h3>Publicit\u00e9 Google<\/h3>\n<p>Nous sommes exp\u00e9riment\u00e9s dans la gestion des publicit\u00e9s Google. Nous apportons les modifications n\u00e9cessaires pour permettre \u00e0 nos clients de conna\u00eetre le succ\u00e8s avec leurs campagnes et d\u2019obtenir un retour sur investissement int\u00e9ressant. Nous aidons \u00e9galement les agences de marketing num\u00e9rique qui ont besoin d\u2019un avis externe pour am\u00e9liorer et valider leur travail. Dans le cas d\u2019entreprises avec des campagnes nouvellement lanc\u00e9es, notre service de gestion Google Ads fournit une expertise pr\u00e9cieuse pour la gestion des paiements par clics avec les annonces Bing et Google.<\/p>\n<p>\n<\/div><div class=\"kc-elm kc-css-649675 kc_text_block\"><\/p>\n<h3 class=\"before-dash\">Suivi quotidien des campagnes<\/h3>\n<p>Une partie importante de notre service quotidien consiste \u00e0 maintenir nos campagnes de clients \u00e0 jour avec les derni\u00e8res fonctionnalit\u00e9s et les technologies les plus r\u00e9centes. Nous prenons la meilleure d\u00e9cision concernant leur pr\u00e9sence num\u00e9rique afin d\u2019am\u00e9liorer l\u2019exp\u00e9rience globale des utilisateurs et de g\u00e9n\u00e9rer un retour sur investissement plus \u00e9lev\u00e9 avec toutes leurs campagnes de marketing en ligne.<\/p>\n<p>\n<\/div><div  class=\"ssc_btn kc-elm kc-css-76461  \"><a class=\"ssc_button none\" href=\"#contact-form-section\" target=\"_self\"><span>Demander une consultation gratuite<\/span><\/a><\/div><\/div><\/div><div class=\"kc-elm kc-css-318644 kc_col-sm-6 kc_column kc_col-sm-6\"><div class=\"kc-col-container\"><\/div><\/div><\/div><\/div><\/section><section class=\"kc-elm kc-css-110766 kc_row\"><div class=\"befbgr\" data-ssc-svg=\"\" data-ssc-img-s=\"full\" data-ssc-img-anim=\"none\"><\/div><div class=\"befbgr\" data-ssc-svg=\"\" data-ssc-img-s=\"full\" data-ssc-img-anim=\"none\"><\/div><div class=\"aftbgr\" data-ssc-svg=\"\" data-ssc-img-s=\"full\" data-ssc-img-anim=\"none\"><\/div><div class=\"aftbgr\" data-ssc-svg=\"\" data-ssc-img-s=\"full\" data-ssc-img-anim=\"none\"><\/div><div class=\"befbgr5\" data-ssc-svg=\"\" data-ssc-img-s=\"full\" data-ssc-img-anim=\"none\"><\/div><div class=\"befbgr6\" data-ssc-svg=\"\" data-ssc-img-s=\"full\" data-ssc-img-anim=\"none\"><\/div><div class=\"aftbgr7\" data-ssc-svg=\"\" data-ssc-img-s=\"full\" data-ssc-img-anim=\"none\"><\/div><div class=\"aftbgr8\" data-ssc-svg=\"\" data-ssc-img-s=\"full\" data-ssc-img-anim=\"none\"><\/div><div class=\"kc-row-container  kc-container\"><div class=\"kc-wrap-columns\"><div class=\"kc-elm kc-css-487802 kc_col-sm-12 kc_column kc_col-sm-12\"><div class=\"kc-col-container\"><div data-kc-equalheight=\"true\" data-kc-row-action=\"true\" data-kc-equalheight-align=\"middle\" class=\"kc-elm kc-css-567010 kc_row kc_row_inner sst-flex-row-inner\"><div class=\"kc-elm kc-css-558036 kc_col-sm-6 kc_column_inner kc_col-sm-6\"><div class=\"kc_wrapper kc-col-inner-container\"><div class=\"kc-elm kc-css-708476 kc-animated kc-animate-eff-fadeInLeft kc_shortcode kc_single_image\">\n\n        <img    data-src=\"https:\/\/marketingwebsites.ca\/wp-content\/uploads\/2022\/01\/office-381228_1280.jpg\" class=\" lazyload\" alt=\"\" \/>    <\/div>\n<\/div><\/div><div class=\"kc-elm kc-css-843675 kc_col-sm-6 kc_column_inner kc_col-sm-6\"><div class=\"kc_wrapper kc-col-inner-container\"><div  class=\"ssc_mltttl  kc-elm kc-css-589486 \"><h2 class=\"wr deb derb dea dera none nonea\"><span class=\"t1\">Atteignez votre <\/span><span class=\"t2\">potentiel Google Ads <\/span><\/h2><\/div><div  class=\"ssc_mltttl  kc-elm kc-css-577177 \"><h3 class=\"wr deb derb dea dera none nonea\"><span class=\"t1\">Faites EXPLOSER vos Affaires!<\/span><\/h3><\/div><div class=\"kc-elm kc-css-292062 kc_text_block\"><\/p>\n<p>N\u2019importe qui peut mettre en place des campagnes de paiement par clic sur Google et Bing, c\u2019est facile. Ce qui est moins \u00e9vident, c\u2019est de r\u00e9ussir ces campagnes. Le succ\u00e8s sera extr\u00eamement difficile \u00e0 atteindre si vos campagnes de paiement par clic ne sont pas g\u00e9r\u00e9es par des experts certifi\u00e9s et poss\u00e9dant une grande exp\u00e9rience. Si vous \u00eates \u00e0 la recherche d\u2019une entreprise offrant le service de gestion PPC ou si vous \u00eates une entreprise internationale souhaitant externaliser votre gestion PPC ou tout simplement l\u2019essayer pour la premi\u00e8re fois,\u00a0Marketing Websites\u00a0compos\u00e9e\u00a0<a href=\"https:\/\/support.google.com\/partners\/answer\/3154326?hl=en\">d\u2019experts certifi\u00e9s Google Ads,<\/a>\u00a0est l\u00e0 pour vous aider \u00e0 r\u00e9ussir. N\u2019attendez pas. Appelez-nous maintenant au\u00a0<a href=\"tel:+15143602187\">514-360-2187<\/a>\u00a0pour une consultation gratuite.<\/p>\n<p>\n<\/div><div  class=\"ssc_btn kc-elm kc-css-380414  \"><a class=\"ssc_button none\" href=\"#contact-form-section\" target=\"_self\"><span>Demander une consultation gratuite<\/span><\/a><\/div><\/div><\/div><\/div><\/div><\/div><\/div><\/div><\/section><section class=\"kc-elm kc-css-898191 kc_row\"><div class=\"befbgr\" data-ssc-svg=\"\" data-ssc-img-s=\"full\" data-ssc-img-anim=\"none\"><\/div><div class=\"befbgr\" data-ssc-svg=\"\" data-ssc-img-s=\"full\" data-ssc-img-anim=\"none\"><\/div><div class=\"aftbgr\" data-ssc-svg=\"\" data-ssc-img-s=\"full\" data-ssc-img-anim=\"none\"><\/div><div class=\"aftbgr\" data-ssc-svg=\"\" data-ssc-img-s=\"full\" data-ssc-img-anim=\"none\"><\/div><div class=\"befbgr5\" data-ssc-svg=\"\" data-ssc-img-s=\"full\" data-ssc-img-anim=\"none\"><\/div><div class=\"befbgr6\" data-ssc-svg=\"\" data-ssc-img-s=\"full\" data-ssc-img-anim=\"none\"><\/div><div class=\"aftbgr7\" data-ssc-svg=\"\" data-ssc-img-s=\"full\" data-ssc-img-anim=\"none\"><\/div><div class=\"aftbgr8\" data-ssc-svg=\"\" data-ssc-img-s=\"full\" data-ssc-img-anim=\"none\"><\/div><div class=\"kc-row-container  kc-container\"><div class=\"kc-wrap-columns\"><div class=\"kc-elm kc-css-684675 kc_col-sm-5 kc_column kc_col-sm-5\"><div class=\"kc-col-container\"><div  class=\"ssc_mltttl  kc-elm kc-css-429872 \"><h2 class=\"wr deb derb dea dera none nonea\"><span class=\"t1\">Nos <\/span><span class=\"t2\"> outils<\/span><\/h2><\/div><\/div><\/div><div class=\"kc-elm kc-css-701839 kc_col-sm-7 kc_column kc_col-sm-7\"><div class=\"kc-col-container\"><div class=\"kc-elm kc-css-97568 kc_row kc_row_inner sst-flex-row-inner\"><div class=\"kc-elm kc-css-400971 kc_col-sm-6 kc_column_inner kc_col-sm-6\"><div class=\"kc_wrapper kc-col-inner-container\"><div  class=\" type1 mo  none kc-elm kc-css-754987 kc-animate-delay-150 ssc_img_ef client-logo\" ><div class=\"iw\"><img    data-src=\"https:\/\/marketingwebsites.ca\/wp-content\/uploads\/2022\/02\/rankvira-digital-marketing-services_google-marketing-platform-1.png\" alt=\"\" class=\"none lazyload\"><\/div><\/div><\/div><\/div><div class=\"kc-elm kc-css-879544 kc_col-sm-6 kc_column_inner kc_col-sm-6\"><div class=\"kc_wrapper kc-col-inner-container\"><div  class=\" type1 mo  none kc-elm kc-css-429115 kc-animate-delay-300 ssc_img_ef client-logo\" ><div class=\"iw\"><img    data-src=\"https:\/\/marketingwebsites.ca\/wp-content\/uploads\/2022\/02\/semrush.svg\" alt=\"semrush\" class=\"none lazyload\"><\/div><\/div><\/div><\/div><\/div><div class=\"kc-elm kc-css-87864 kc_row kc_row_inner sst-flex-row-inner\"><div class=\"kc-elm kc-css-472039 kc_col-sm-6 kc_column_inner kc_col-sm-6\"><div class=\"kc_wrapper kc-col-inner-container\"><div  class=\" type1 mo  none kc-elm kc-css-637422 kc-animate-delay-600 ssc_img_ef client-logo\" ><div class=\"iw\"><img    data-src=\"https:\/\/marketingwebsites.ca\/wp-content\/uploads\/2022\/02\/google-trends-logo.png\" alt=\"\" class=\"none lazyload\"><\/div><\/div><\/div><\/div><div class=\"kc-elm kc-css-38400 kc_col-sm-6 kc_column_inner kc_col-sm-6\"><div class=\"kc_wrapper kc-col-inner-container\"><div  class=\" type1 mo  none kc-elm kc-css-394683 kc-animate-delay-750 ssc_img_ef client-logo\" ><div class=\"iw\"><img    data-src=\"https:\/\/marketingwebsites.ca\/wp-content\/uploads\/2022\/02\/moz.svg\" alt=\"moz\" class=\"none lazyload\"><\/div><\/div><\/div><\/div><\/div><\/div><\/div><\/div><\/div><\/section><section class=\"kc-elm kc-css-944386 kc_row\"><div class=\"befbgr\" data-ssc-svg=\"\" data-ssc-img-s=\"full\" data-ssc-img-anim=\"none\"><\/div><div class=\"befbgr\" data-ssc-svg=\"\" data-ssc-img-s=\"full\" data-ssc-img-anim=\"none\"><\/div><div class=\"aftbgr\" data-ssc-svg=\"\" data-ssc-img-s=\"full\" data-ssc-img-anim=\"none\"><\/div><div class=\"aftbgr\" data-ssc-svg=\"\" data-ssc-img-s=\"full\" data-ssc-img-anim=\"none\"><\/div><div class=\"befbgr5\" data-ssc-svg=\"\" data-ssc-img-s=\"full\" data-ssc-img-anim=\"none\"><\/div><div class=\"befbgr6\" data-ssc-svg=\"\" data-ssc-img-s=\"full\" data-ssc-img-anim=\"none\"><\/div><div class=\"aftbgr7\" data-ssc-svg=\"\" data-ssc-img-s=\"full\" data-ssc-img-anim=\"none\"><\/div><div class=\"aftbgr8\" data-ssc-svg=\"\" data-ssc-img-s=\"full\" data-ssc-img-anim=\"none\"><\/div><div class=\"kc-row-container  kc-container\"><div class=\"kc-wrap-columns\"><div class=\"kc-elm kc-css-383681 kc_col-sm-12 kc_column kc_col-sm-12\"><div class=\"kc-col-container\"><div data-kc-equalheight=\"true\" data-kc-row-action=\"true\" data-kc-equalheight-align=\"middle\" class=\"kc-elm kc-css-825604 kc_row kc_row_inner sst-flex-row-inner\"><div class=\"kc-elm kc-css-700988 kc_col-sm-6 kc_column_inner kc_col-sm-6\"><div class=\"kc_wrapper kc-col-inner-container\"><div class=\"kc-elm kc-css-843410 kc-animated kc-animate-eff-fadeInLeft kc_shortcode kc_single_image\">\n\n        <img    data-src=\"https:\/\/marketingwebsites.ca\/wp-content\/uploads\/2022\/04\/ga-splash-img-01.png\" class=\" lazyload\" alt=\"\" \/>    <\/div>\n<\/div><\/div><div class=\"kc-elm kc-css-23741 kc_col-sm-6 kc_column_inner kc_col-sm-6\"><div class=\"kc_wrapper kc-col-inner-container\"><div  class=\"ssc_mltttl  kc-elm kc-css-110614 \"><h2 class=\"wr deb derb dea dera none nonea\"><span class=\"t1\">Campagnes <\/span><span class=\"t2\">Google Ads<\/span><\/h2><\/div><div class=\"kc-elm kc-css-297900 kc_text_block\"><\/p>\n<p>Notre service de gestion PPC comprend:<\/p>\n<p>\n<\/div><div class=\"kc-elm kc-css-432498 kc_text_block\"><\/p>\n<ul>\n<li class=\"fadeIn animated\" data-animate=\"fadeIn\" data-delay=\"150\">D\u00e9finir les objectifs de la campagne<\/li>\n<li class=\"fadeIn animated\" data-animate=\"fadeIn\" data-delay=\"250\"><i class=\"icon-circle-blank color\"><\/i>D\u00e9terminer les param\u00e8tres de campagne id\u00e9aux<\/li>\n<li class=\"fadeIn animated\" data-animate=\"fadeIn\" data-delay=\"350\"><i class=\"icon-circle-blank color\"><\/i>Cr\u00e9er des publicit\u00e9s convaincantes<\/li>\n<li class=\"fadeIn animated\" data-animate=\"fadeIn\" data-delay=\"450\"><i class=\"icon-circle-blank color\"><\/i>Rechercher des mots-cl\u00e9s pertinents<\/li>\n<li class=\"fadeIn animated\" data-animate=\"fadeIn\" data-delay=\"550\"><i class=\"icon-circle-blank color\"><\/i>D\u00e9finir des campagnes de reciblage publicitaire<\/li>\n<li class=\"fadeIn animated\" data-animate=\"fadeIn\" data-delay=\"650\"><i class=\"icon-circle-blank color\"><\/i>Test de la page de destination (landing page) A\/B<\/li>\n<li class=\"fadeIn animated\" data-animate=\"fadeIn\" data-delay=\"750\"><i class=\"icon-circle-blank color\"><\/i>Suivre & optimiser les mots-cl\u00e9s<\/li>\n<li class=\"fadeIn animated\" data-animate=\"fadeIn\" data-delay=\"850\"><i class=\"icon-circle-blank color\"><\/i>Rapports mensuels de performances des campagnes<\/li>\n<li class=\"fadeIn animated\" data-animate=\"fadeIn\" data-delay=\"950\"><i class=\"icon-circle-blank color\"><\/i>\u00c9laborer des strat\u00e9gies de marketing avanc\u00e9es<\/li>\n<li class=\"fadeIn animated\" data-animate=\"fadeIn\" data-delay=\"1050\"><i class=\"icon-circle-blank color\"><\/i>Techniques avanc\u00e9es d&#039;optimisation de campagne.<\/li>\n<\/ul>\n<p>\n<\/div><\/div><\/div><\/div><\/div><\/div><\/div><\/div><\/section><section class=\"kc-elm kc-css-974246 kc_row\"><div class=\"befbgr\" data-ssc-svg=\"\" data-ssc-img-s=\"full\" data-ssc-img-anim=\"none\"><\/div><div class=\"befbgr\" data-ssc-svg=\"\" data-ssc-img-s=\"full\" data-ssc-img-anim=\"none\"><\/div><div class=\"aftbgr\" data-ssc-svg=\"\" data-ssc-img-s=\"full\" data-ssc-img-anim=\"none\"><\/div><div class=\"aftbgr\" data-ssc-svg=\"\" data-ssc-img-s=\"full\" data-ssc-img-anim=\"none\"><\/div><div class=\"befbgr5\" data-ssc-svg=\"\" data-ssc-img-s=\"full\" data-ssc-img-anim=\"none\"><\/div><div class=\"befbgr6\" data-ssc-svg=\"\" data-ssc-img-s=\"full\" data-ssc-img-anim=\"none\"><\/div><div class=\"aftbgr7\" data-ssc-svg=\"\" data-ssc-img-s=\"full\" data-ssc-img-anim=\"none\"><\/div><div class=\"aftbgr8\" data-ssc-svg=\"\" data-ssc-img-s=\"full\" data-ssc-img-anim=\"none\"><\/div><div class=\"kc-row-container  kc-container\"><div class=\"kc-wrap-columns\"><\/div><\/div><\/section><\/p>\n","protected":false},"excerpt":{"rendered":"","protected":false},"author":12,"featured_media":0,"parent":0,"menu_order":0,"comment_status":"closed","ping_status":"closed","template":"","meta":{"inline_featured_image":false,"footnotes":""},"yoast_head":"<!-- This site is optimized with the Yoast SEO plugin v22.6 - https:\/\/yoast.com\/wordpress\/plugins\/seo\/ -->\n<title>Gestion de Google Ads - Marketing Websites<\/title>\n<meta name=\"description\" content=\"Obtenez gratuitement un conseil Professional gr\u00e2ce \u00e0 notre \u00e9quipe d\u2019expert en Google ads. Notre site est structur\u00e9 dans le but premier de soutenir vos objectifs de marketing num\u00e9rique.\" \/>\n<meta name=\"robots\" content=\"index, follow, max-snippet:-1, max-image-preview:large, max-video-preview:-1\" \/>\n<link rel=\"canonical\" href=\"https:\/\/marketingwebsites.ca\/fr\/gestion-de-google-ads\/\" \/>\n<meta property=\"og:locale\" content=\"fr_FR\" \/>\n<meta property=\"og:type\" content=\"article\" \/>\n<meta property=\"og:title\" content=\"Gestion de Google Ads - Marketing Websites\" \/>\n<meta property=\"og:description\" content=\"Obtenez gratuitement un conseil Professional gr\u00e2ce \u00e0 notre \u00e9quipe d\u2019expert en Google ads. Notre site est structur\u00e9 dans le but premier de soutenir vos objectifs de marketing num\u00e9rique.\" \/>\n<meta property=\"og:url\" content=\"https:\/\/marketingwebsites.ca\/fr\/gestion-de-google-ads\/\" \/>\n<meta property=\"og:site_name\" content=\"Marketing Websites\" \/>\n<meta property=\"article:modified_time\" content=\"2022-11-09T22:38:08+00:00\" \/>\n<meta property=\"og:image\" content=\"https:\/\/marketingwebsites.ca\/wp-content\/uploads\/2022\/04\/ga_logo_02.png\" \/>\n<meta name=\"twitter:card\" content=\"summary_large_image\" \/>\n<meta name=\"twitter:label1\" content=\"Dur\u00e9e de lecture estim\u00e9e\" \/>\n\t<meta name=\"twitter:data1\" content=\"5 minutes\" \/>\n<script type=\"application\/ld+json\" class=\"yoast-schema-graph\">{\"@context\":\"https:\/\/schema.org\",\"@graph\":[{\"@type\":\"WebPage\",\"@id\":\"https:\/\/marketingwebsites.ca\/fr\/gestion-de-google-ads\/\",\"url\":\"https:\/\/marketingwebsites.ca\/fr\/gestion-de-google-ads\/\",\"name\":\"Gestion de Google Ads - Marketing Websites\",\"isPartOf\":{\"@id\":\"https:\/\/marketingwebsites.ca\/fr\/#website\"},\"primaryImageOfPage\":{\"@id\":\"https:\/\/marketingwebsites.ca\/fr\/gestion-de-google-ads\/#primaryimage\"},\"image\":{\"@id\":\"https:\/\/marketingwebsites.ca\/fr\/gestion-de-google-ads\/#primaryimage\"},\"thumbnailUrl\":\"https:\/\/marketingwebsites.ca\/wp-content\/uploads\/2022\/04\/ga_logo_02.png\",\"datePublished\":\"2021-12-31T12:06:48+00:00\",\"dateModified\":\"2022-11-09T22:38:08+00:00\",\"description\":\"Obtenez gratuitement un conseil Professional gr\u00e2ce \u00e0 notre \u00e9quipe d\u2019expert en Google ads. Notre site est structur\u00e9 dans le but premier de soutenir vos objectifs de marketing num\u00e9rique.\",\"inLanguage\":\"fr-FR\",\"potentialAction\":[{\"@type\":\"ReadAction\",\"target\":[\"https:\/\/marketingwebsites.ca\/fr\/gestion-de-google-ads\/\"]}]},{\"@type\":\"ImageObject\",\"inLanguage\":\"fr-FR\",\"@id\":\"https:\/\/marketingwebsites.ca\/fr\/gestion-de-google-ads\/#primaryimage\",\"url\":\"https:\/\/marketingwebsites.ca\/wp-content\/uploads\/2022\/04\/ga_logo_02.png\",\"contentUrl\":\"https:\/\/marketingwebsites.ca\/wp-content\/uploads\/2022\/04\/ga_logo_02.png\"},{\"@type\":\"WebSite\",\"@id\":\"https:\/\/marketingwebsites.ca\/fr\/#website\",\"url\":\"https:\/\/marketingwebsites.ca\/fr\/\",\"name\":\"Marketing Websites\",\"description\":\"Full Service Digital Marketing\",\"publisher\":{\"@id\":\"https:\/\/marketingwebsites.ca\/fr\/#organization\"},\"potentialAction\":[{\"@type\":\"SearchAction\",\"target\":{\"@type\":\"EntryPoint\",\"urlTemplate\":\"https:\/\/marketingwebsites.ca\/fr\/?s={search_term_string}\"},\"query-input\":\"required name=search_term_string\"}],\"inLanguage\":\"fr-FR\"},{\"@type\":\"Organization\",\"@id\":\"https:\/\/marketingwebsites.ca\/fr\/#organization\",\"name\":\"Marketing Websites\",\"url\":\"https:\/\/marketingwebsites.ca\/fr\/\",\"logo\":{\"@type\":\"ImageObject\",\"inLanguage\":\"fr-FR\",\"@id\":\"https:\/\/marketingwebsites.ca\/fr\/#\/schema\/logo\/image\/\",\"url\":\"https:\/\/marketingwebsites.ca\/wp-content\/uploads\/2022\/04\/logo-f-b.png\",\"contentUrl\":\"https:\/\/marketingwebsites.ca\/wp-content\/uploads\/2022\/04\/logo-f-b.png\",\"width\":225,\"height\":60,\"caption\":\"Marketing Websites\"},\"image\":{\"@id\":\"https:\/\/marketingwebsites.ca\/fr\/#\/schema\/logo\/image\/\"}}]}<\/script>\n<!-- \/ Yoast SEO plugin. -->","yoast_head_json":{"title":"Gestion de Google Ads - Marketing Websites","description":"Obtenez gratuitement un conseil Professional gr\u00e2ce \u00e0 notre \u00e9quipe d\u2019expert en Google ads. Notre site est structur\u00e9 dans le but premier de soutenir vos objectifs de marketing num\u00e9rique.","robots":{"index":"index","follow":"follow","max-snippet":"max-snippet:-1","max-image-preview":"max-image-preview:large","max-video-preview":"max-video-preview:-1"},"canonical":"https:\/\/marketingwebsites.ca\/fr\/gestion-de-google-ads\/","og_locale":"fr_FR","og_type":"article","og_title":"Gestion de Google Ads - Marketing Websites","og_description":"Obtenez gratuitement un conseil Professional gr\u00e2ce \u00e0 notre \u00e9quipe d\u2019expert en Google ads. Notre site est structur\u00e9 dans le but premier de soutenir vos objectifs de marketing num\u00e9rique.","og_url":"https:\/\/marketingwebsites.ca\/fr\/gestion-de-google-ads\/","og_site_name":"Marketing Websites","article_modified_time":"2022-11-09T22:38:08+00:00","og_image":[{"url":"https:\/\/marketingwebsites.ca\/wp-content\/uploads\/2022\/04\/ga_logo_02.png"}],"twitter_card":"summary_large_image","twitter_misc":{"Dur\u00e9e de lecture estim\u00e9e":"5 minutes"},"schema":{"@context":"https:\/\/schema.org","@graph":[{"@type":"WebPage","@id":"https:\/\/marketingwebsites.ca\/fr\/gestion-de-google-ads\/","url":"https:\/\/marketingwebsites.ca\/fr\/gestion-de-google-ads\/","name":"Gestion de Google Ads - Marketing Websites","isPartOf":{"@id":"https:\/\/marketingwebsites.ca\/fr\/#website"},"primaryImageOfPage":{"@id":"https:\/\/marketingwebsites.ca\/fr\/gestion-de-google-ads\/#primaryimage"},"image":{"@id":"https:\/\/marketingwebsites.ca\/fr\/gestion-de-google-ads\/#primaryimage"},"thumbnailUrl":"https:\/\/marketingwebsites.ca\/wp-content\/uploads\/2022\/04\/ga_logo_02.png","datePublished":"2021-12-31T12:06:48+00:00","dateModified":"2022-11-09T22:38:08+00:00","description":"Obtenez gratuitement un conseil Professional gr\u00e2ce \u00e0 notre \u00e9quipe d\u2019expert en Google ads. Notre site est structur\u00e9 dans le but premier de soutenir vos objectifs de marketing num\u00e9rique.","inLanguage":"fr-FR","potentialAction":[{"@type":"ReadAction","target":["https:\/\/marketingwebsites.ca\/fr\/gestion-de-google-ads\/"]}]},{"@type":"ImageObject","inLanguage":"fr-FR","@id":"https:\/\/marketingwebsites.ca\/fr\/gestion-de-google-ads\/#primaryimage","url":"https:\/\/marketingwebsites.ca\/wp-content\/uploads\/2022\/04\/ga_logo_02.png","contentUrl":"https:\/\/marketingwebsites.ca\/wp-content\/uploads\/2022\/04\/ga_logo_02.png"},{"@type":"WebSite","@id":"https:\/\/marketingwebsites.ca\/fr\/#website","url":"https:\/\/marketingwebsites.ca\/fr\/","name":"Marketing Websites","description":"Full Service Digital Marketing","publisher":{"@id":"https:\/\/marketingwebsites.ca\/fr\/#organization"},"potentialAction":[{"@type":"SearchAction","target":{"@type":"EntryPoint","urlTemplate":"https:\/\/marketingwebsites.ca\/fr\/?s={search_term_string}"},"query-input":"required name=search_term_string"}],"inLanguage":"fr-FR"},{"@type":"Organization","@id":"https:\/\/marketingwebsites.ca\/fr\/#organization","name":"Marketing Websites","url":"https:\/\/marketingwebsites.ca\/fr\/","logo":{"@type":"ImageObject","inLanguage":"fr-FR","@id":"https:\/\/marketingwebsites.ca\/fr\/#\/schema\/logo\/image\/","url":"https:\/\/marketingwebsites.ca\/wp-content\/uploads\/2022\/04\/logo-f-b.png","contentUrl":"https:\/\/marketingwebsites.ca\/wp-content\/uploads\/2022\/04\/logo-f-b.png","width":225,"height":60,"caption":"Marketing Websites"},"image":{"@id":"https:\/\/marketingwebsites.ca\/fr\/#\/schema\/logo\/image\/"}}]}},"_links":{"self":[{"href":"https:\/\/marketingwebsites.ca\/fr\/wp-json\/wp\/v2\/pages\/13752"}],"collection":[{"href":"https:\/\/marketingwebsites.ca\/fr\/wp-json\/wp\/v2\/pages"}],"about":[{"href":"https:\/\/marketingwebsites.ca\/fr\/wp-json\/wp\/v2\/types\/page"}],"author":[{"embeddable":true,"href":"https:\/\/marketingwebsites.ca\/fr\/wp-json\/wp\/v2\/users\/12"}],"replies":[{"embeddable":true,"href":"https:\/\/marketingwebsites.ca\/fr\/wp-json\/wp\/v2\/comments?post=13752"}],"version-history":[{"count":11,"href":"https:\/\/marketingwebsites.ca\/fr\/wp-json\/wp\/v2\/pages\/13752\/revisions"}],"predecessor-version":[{"id":15496,"href":"https:\/\/marketingwebsites.ca\/fr\/wp-json\/wp\/v2\/pages\/13752\/revisions\/15496"}],"wp:attachment":[{"href":"https:\/\/marketingwebsites.ca\/fr\/wp-json\/wp\/v2\/media?parent=13752"}],"curies":[{"name":"wp","href":"https:\/\/api.w.org\/{rel}","templated":true}]}}