{"id":13789,"date":"2021-12-31T12:12:48","date_gmt":"2021-12-31T12:12:48","guid":{"rendered":"https:\/\/newsite.marketingwebsites.ca\/?page_id=13789"},"modified":"2022-11-09T22:34:33","modified_gmt":"2022-11-09T22:34:33","slug":"e-commerce","status":"publish","type":"page","link":"https:\/\/marketingwebsites.ca\/fr\/e-commerce\/","title":{"rendered":"Commerce \u00e9lectronique"},"content":{"rendered":"<p><section class=\"kc-elm kc-css-794158 kc_row\"><div class=\"befbgr\" data-ssc-svg=\"\" data-ssc-img-s=\"\" data-ssc-img-anim=\"\"><\/div><div class=\"befbgr\" data-ssc-svg=\"\" data-ssc-img-s=\"\" data-ssc-img-anim=\"\"><\/div><div class=\"aftbgr\" data-ssc-svg=\"\" data-ssc-img-s=\"\" data-ssc-img-anim=\"\"><\/div><div class=\"aftbgr\" data-ssc-svg=\"\" data-ssc-img-s=\"\" data-ssc-img-anim=\"\"><\/div><div class=\"befbgr5\" data-ssc-svg=\"\" data-ssc-img-s=\"\" data-ssc-img-anim=\"\"><\/div><div class=\"befbgr6\" data-ssc-svg=\"\" data-ssc-img-s=\"\" data-ssc-img-anim=\"\"><\/div><div class=\"aftbgr7\" data-ssc-svg=\"\" data-ssc-img-s=\"\" data-ssc-img-anim=\"\"><\/div><div class=\"aftbgr8\" data-ssc-svg=\"\" data-ssc-img-s=\"\" data-ssc-img-anim=\"\"><\/div><div class=\"kc-row-container  kc-container\"><div class=\"kc-wrap-columns\"><div class=\"kc-elm kc-css-448229 kc_col-sm-12 kc_column kc_col-sm-12\"><div class=\"kc-col-container\"><div  class=\"ssc_mltttl  kc-elm kc-css-39291 \"><h1 class=\"wr deb derb dea dera none nonea\"><span class=\"t1\">\u0152uvres en<\/span><span class=\"t2\">vedette<\/span><\/h1><\/div><div  class=\"ssc_post_grid kc-elm kc-css-336078 col2 items8 template7 animate-fade_in-to_center\">\n            <div class=\"grid \" data-ssc-grid-settings='{\"layoutMode\":\"fitRows\"}' data-ssc-grid-type='grid'><div class=\"grid-item  rotate \">\n    <div class=\"pbody\">\n        <div class=\"thumb\"> <span class=\"mo \" style=\"-webkit-filter: grayscale(0%);filter: grayscale(0%);\"><img    width=\"925\" height=\"575\" data-src=\"https:\/\/marketingwebsites.ca\/wp-content\/uploads\/2022\/01\/pierrealex.jpg\" class=\"attachment-full size-full wp-post-image lazyload\" alt=\"\" decoding=\"async\" data-srcset=\"https:\/\/marketingwebsites.ca\/wp-content\/uploads\/2022\/01\/pierrealex.jpg 925w, https:\/\/marketingwebsites.ca\/wp-content\/uploads\/2022\/01\/pierrealex-300x186.jpg 300w, https:\/\/marketingwebsites.ca\/wp-content\/uploads\/2022\/01\/pierrealex-768x477.jpg 768w, https:\/\/marketingwebsites.ca\/wp-content\/uploads\/2022\/01\/pierrealex-600x373.jpg 600w\" sizes=\"(max-width: 925px) 100vw, 925px\" \/><\/span> <\/div>\n        <div class=\"over\">\n            <div class=\"t\">\n                <div class=\"c\">\n\t\t\t\t\t                    <div class=\"title\"><a href=\"https:\/\/marketingwebsites.ca\/fr\/portfolio-archive\/pierre-alex-jeanty\/\" class=\"lines2\">Pierre Alex Jeanty<\/a><\/div>                                                            <a href=\"https:\/\/marketingwebsites.ca\/fr\/portfolio-archive\/pierre-alex-jeanty\/\" class=\"rm\" target=\"_blank\"> View<\/a>                <\/div>\n            <\/div>\n        <\/div>\n    <\/div>\n<\/div><\/div><div class=\"clear\"><\/div><\/div><\/div><\/div><\/div><\/div><\/section><section class=\"kc-elm kc-css-653690 kc_row\"><div class=\"befbgr\" data-ssc-svg=\"\" data-ssc-img-s=\"\" data-ssc-img-anim=\"\"><\/div><div class=\"befbgr\" data-ssc-svg=\"\" data-ssc-img-s=\"\" data-ssc-img-anim=\"\"><\/div><div class=\"aftbgr\" data-ssc-svg=\"\" data-ssc-img-s=\"\" data-ssc-img-anim=\"\"><\/div><div class=\"aftbgr\" data-ssc-svg=\"\" data-ssc-img-s=\"\" data-ssc-img-anim=\"\"><\/div><div class=\"befbgr5\" data-ssc-svg=\"\" data-ssc-img-s=\"\" data-ssc-img-anim=\"\"><\/div><div class=\"befbgr6\" data-ssc-svg=\"\" data-ssc-img-s=\"\" data-ssc-img-anim=\"\"><\/div><div class=\"aftbgr7\" data-ssc-svg=\"\" data-ssc-img-s=\"\" data-ssc-img-anim=\"\"><\/div><div class=\"aftbgr8\" data-ssc-svg=\"\" data-ssc-img-s=\"\" data-ssc-img-anim=\"\"><\/div><div class=\"kc-row-container  kc-container\"><div class=\"kc-wrap-columns\"><div class=\"kc-elm kc-css-228790 kc_col-sm-6 kc_column kc_col-sm-6\"><div class=\"kc-col-container\"><div class=\"bgrlabel  kc-elm kc-css-582993 kc-animated kc-animate-eff-fadeInRight\" style=\"top:10px;right:-610px;\"><div class=\"inside_wrap\"><div class=\"imgl\"><img class=\"lazyload\"    data-src=\"https:\/\/marketingwebsites.ca\/wp-content\/uploads\/2022\/03\/ecommerce_image_01.jpg\" alt=\"\"><\/div><\/div><\/div><div  class=\"ssc_mltttl  kc-elm kc-css-26763 \"><div class=\"wr deb derb dea dera none nonea\"><h2 class=\"t1\">Fonctionnalit\u00e9s<\/h2><h2 class=\"t2\"> et capacit\u00e9s<\/h2><p class=\"t4\">Stimuler les ventes sur tous les appareils<\/p><\/div><\/div><div class=\"kc-elm kc-css-99233 kc_text_block\"><\/p>\n<h3 class=\"before-dash\">Adaptable<\/h3>\n<p>Avec un site Web de commerce \u00e9lectronique qui fonctionne bien sur un ordinateur de bureau, une tablette et un appareil mobile, vous serez en mesure d\u2019augmenter votre taux de conversion et de d\u00e9velopper votre client\u00e8le sur tous les appareils.<\/p>\n<h3 class=\"before-dash\">Rapide<\/h3>\n<p>De la page d\u2019accueil \u00e0 la caisse, rapidement! D\u00e9velopp\u00e9 en utilisant les derni\u00e8res technologies et normes, votre site Web sera ultra-rapide et permettra aux clients de passer de la navigation \u00e0 la caisse en quelques secondes!<\/p>\n<h3 class=\"before-dash\">Efficace<\/h3>\n<p>Que vous ayez des produits de base ou que vous ayez besoin de personnalisation de produits, d\u2019options uniques ou d\u2019un ensemble de fonctionnalit\u00e9s, on s\u2019occupe de vous!<\/p>\n<h3 class=\"before-dash\">Facile \u00e0 g\u00e9rer<\/h3>\n<p>Gr\u00e2ce \u00e0 un syst\u00e8me de gestion de contenu bien con\u00e7u, vous pouvez facilement mettre \u00e0 jour des pages, des cat\u00e9gories, des produits, des articles, des publications, des banni\u00e8res et plus encore.<\/p>\n<p>\n<\/div><div  class=\"ssc_btn kc-elm kc-css-527595  \"><a class=\"ssc_button none\" href=\"#contact-form-section\" target=\"_self\"><span>Demander une consultation gratuite<\/span><\/a><\/div><\/div><\/div><div class=\"kc-elm kc-css-585252 kc_col-sm-6 kc_column kc_col-sm-6\"><div class=\"kc-col-container\"><\/div><\/div><\/div><\/div><\/section><section class=\"kc-elm kc-css-266573 kc_row\"><div class=\"befbgr\" data-ssc-svg=\"\" data-ssc-img-s=\"full\" data-ssc-img-anim=\"none\"><\/div><div class=\"befbgr\" data-ssc-svg=\"\" data-ssc-img-s=\"full\" data-ssc-img-anim=\"none\"><\/div><div class=\"aftbgr\" data-ssc-svg=\"\" data-ssc-img-s=\"full\" data-ssc-img-anim=\"none\"><\/div><div class=\"aftbgr\" data-ssc-svg=\"\" data-ssc-img-s=\"full\" data-ssc-img-anim=\"none\"><\/div><div class=\"befbgr5\" data-ssc-svg=\"\" data-ssc-img-s=\"full\" data-ssc-img-anim=\"none\"><\/div><div class=\"befbgr6\" data-ssc-svg=\"\" data-ssc-img-s=\"full\" data-ssc-img-anim=\"none\"><\/div><div class=\"aftbgr7\" data-ssc-svg=\"\" data-ssc-img-s=\"full\" data-ssc-img-anim=\"none\"><\/div><div class=\"aftbgr8\" data-ssc-svg=\"\" data-ssc-img-s=\"full\" data-ssc-img-anim=\"none\"><\/div><div class=\"kc-row-container  kc-container\"><div class=\"kc-wrap-columns\"><div class=\"kc-elm kc-css-245118 kc_col-sm-12 kc_column kc_col-sm-12\"><div class=\"kc-col-container\"><div data-kc-equalheight=\"true\" data-kc-row-action=\"true\" data-kc-equalheight-align=\"middle\" class=\"kc-elm kc-css-278743 kc_row kc_row_inner sst-flex-row-inner\"><div class=\"kc-elm kc-css-927403 kc_col-sm-6 kc_column_inner kc_col-sm-6\"><div class=\"kc_wrapper kc-col-inner-container\"><div class=\"kc-elm kc-css-988824 kc-animated kc-animate-eff-fadeInLeft kc_shortcode kc_single_image\">\n\n        <img    data-src=\"https:\/\/marketingwebsites.ca\/wp-content\/uploads\/2022\/01\/e-commerce-1.jpg\" class=\" lazyload\" alt=\"\" \/>    <\/div>\n<\/div><\/div><div class=\"kc-elm kc-css-172164 kc_col-sm-6 kc_column_inner kc_col-sm-6\"><div class=\"kc_wrapper kc-col-inner-container\"><div  class=\"ssc_mltttl  kc-elm kc-css-278097 \"><h2 class=\"wr deb derb dea dera none nonea\"><span class=\"t1\">Estimation<\/span><span class=\"t2\"> personnalis\u00e9<\/span><\/h2><\/div><div  class=\"ssc_mltttl  kc-elm kc-css-649703 \"><h3 class=\"wr deb derb dea dera none nonea\"><span class=\"t1\">Obtenez un devis personnalis\u00e9 pour votre projet de conception de site web de commerce \u00e9lectronique<\/span><\/h3><\/div><div class=\"kc-elm kc-css-249403 kc_text_block\"><\/p>\n<p>Vendez en ligne avec un site de commerce \u00e9lectronique professionnel, t\u00e9l\u00e9chargez et g\u00e9rez facilement vos produits et votre inventaire. Que vous vendiez un abonnement mensuel ou des produits et services, nous sommes l\u00e0 pour vous assister.<\/p>\n<p>\n<\/div><div  class=\"ssc_btn kc-elm kc-css-398468  \"><a class=\"ssc_button none\" href=\"#contact-form-section\" target=\"_self\"><span>Demander une consultation gratuite<\/span><\/a><\/div><\/div><\/div><\/div><\/div><\/div><\/div><\/div><\/section><section class=\"kc-elm kc-css-893011 kc_row\"><div class=\"befbgr\" data-ssc-svg=\"\" data-ssc-img-s=\"full\" data-ssc-img-anim=\"none\"><\/div><div class=\"befbgr\" data-ssc-svg=\"\" data-ssc-img-s=\"full\" data-ssc-img-anim=\"none\"><\/div><div class=\"aftbgr\" data-ssc-svg=\"\" data-ssc-img-s=\"full\" data-ssc-img-anim=\"none\"><\/div><div class=\"aftbgr\" data-ssc-svg=\"\" data-ssc-img-s=\"full\" data-ssc-img-anim=\"none\"><\/div><div class=\"befbgr5\" data-ssc-svg=\"\" data-ssc-img-s=\"full\" data-ssc-img-anim=\"none\"><\/div><div class=\"befbgr6\" data-ssc-svg=\"\" data-ssc-img-s=\"full\" data-ssc-img-anim=\"none\"><\/div><div class=\"aftbgr7\" data-ssc-svg=\"\" data-ssc-img-s=\"full\" data-ssc-img-anim=\"none\"><\/div><div class=\"aftbgr8\" data-ssc-svg=\"\" data-ssc-img-s=\"full\" data-ssc-img-anim=\"none\"><\/div><div class=\"kc-row-container  kc-container\"><div class=\"kc-wrap-columns\"><div class=\"kc-elm kc-css-456967 kc_col-sm-5 kc_column kc_col-sm-5\"><div class=\"kc-col-container\"><div  class=\"ssc_mltttl  kc-elm kc-css-409343 \"><h2 class=\"wr deb derb dea dera none nonea\"><span class=\"t1\">Nos <\/span><span class=\"t2\"> outils<\/span><\/h2><\/div><\/div><\/div><div class=\"kc-elm kc-css-997661 kc_col-sm-7 kc_column kc_col-sm-7\"><div class=\"kc-col-container\"><div class=\"kc-elm kc-css-682581 kc_row kc_row_inner sst-flex-row-inner float-none clear-none\"><div class=\"kc-elm kc-css-103036 kc_col-sm-4 kc_column_inner kc_col-sm-4 kc_col-6\"><div class=\"kc_wrapper kc-col-inner-container\"><div  class=\" type1 mo  none kc-elm kc-css-996713 kc-animate-delay-150 ssc_img_ef client-logo\" ><div class=\"iw\"><img    data-src=\"https:\/\/marketingwebsites.ca\/wp-content\/uploads\/2022\/03\/woocommerce-logo-1-min.png\" alt=\"\" class=\"none lazyload\"><\/div><\/div><\/div><\/div><div class=\"kc-elm kc-css-449976 kc_col-sm-4 kc_column_inner kc_col-sm-4 kc_col-6\"><div class=\"kc_wrapper kc-col-inner-container\"><div  class=\" type1 mo  none kc-elm kc-css-720951 kc-animate-delay-300 ssc_img_ef client-logo\" ><div class=\"iw\"><img    data-src=\"https:\/\/marketingwebsites.ca\/wp-content\/uploads\/2022\/03\/1280px-Magento.svg.png\" alt=\"\" class=\"none lazyload\"><\/div><\/div><\/div><\/div><div class=\"kc-elm kc-css-69471 kc_col-sm-4 kc_column_inner kc_col-sm-4 kc_col-6\"><div class=\"kc_wrapper kc-col-inner-container\"><div  class=\" type1 mo  none kc-elm kc-css-113703 kc-animate-delay-450 ssc_img_ef client-logo\" ><div class=\"iw\"><img    data-src=\"https:\/\/marketingwebsites.ca\/wp-content\/uploads\/2022\/03\/shopify-logo.png\" alt=\"\" class=\"none lazyload\"><\/div><\/div><\/div><\/div><\/div><div class=\"kc-elm kc-css-304426 kc_row kc_row_inner sst-flex-row-inner float-none clear-none\"><div class=\"kc-elm kc-css-361458 kc_col-sm-4 kc_column_inner kc_col-sm-4 kc_col-6\"><div class=\"kc_wrapper kc-col-inner-container\"><div  class=\" type1 mo  none kc-elm kc-css-422732 kc-animate-delay-600 ssc_img_ef client-logo\" ><div class=\"iw\"><img    data-src=\"https:\/\/marketingwebsites.ca\/wp-content\/uploads\/2022\/03\/2000px-WordPress_logo.svg.png\" alt=\"\" class=\"none lazyload\"><\/div><\/div><\/div><\/div><div class=\"kc-elm kc-css-772730 kc_col-sm-4 kc_column_inner kc_col-sm-4 kc_col-6\"><div class=\"kc_wrapper kc-col-inner-container\"><div  class=\" type1 mo  none kc-elm kc-css-516147 kc-animate-delay-750 ssc_img_ef client-logo\" ><div class=\"iw\"><img    data-src=\"https:\/\/marketingwebsites.ca\/wp-content\/uploads\/2022\/02\/google-trends-logo.png\" alt=\"\" class=\"none lazyload\"><\/div><\/div><\/div><\/div><div class=\"kc-elm kc-css-870547 kc_col-sm-4 kc_column_inner kc_col-sm-4 kc_col-6\"><div class=\"kc_wrapper kc-col-inner-container\"><div  class=\" type1 mo  none kc-elm kc-css-311601 kc-animate-delay-900 ssc_img_ef client-logo\" ><div class=\"iw\"><img    data-src=\"https:\/\/marketingwebsites.ca\/wp-content\/uploads\/2022\/02\/rankvira-digital-marketing-services_google-marketing-platform-1.png\" alt=\"\" class=\"none lazyload\"><\/div><\/div><\/div><\/div><\/div><\/div><\/div><\/div><\/div><\/section><section class=\"kc-elm kc-css-34712 kc_row\"><div class=\"befbgr\" data-ssc-svg=\"\" data-ssc-img-s=\"full\" data-ssc-img-anim=\"none\"><\/div><div class=\"befbgr\" data-ssc-svg=\"\" data-ssc-img-s=\"full\" data-ssc-img-anim=\"none\"><\/div><div class=\"aftbgr\" data-ssc-svg=\"\" data-ssc-img-s=\"full\" data-ssc-img-anim=\"none\"><\/div><div class=\"aftbgr\" data-ssc-svg=\"\" data-ssc-img-s=\"full\" data-ssc-img-anim=\"none\"><\/div><div class=\"befbgr5\" data-ssc-svg=\"\" data-ssc-img-s=\"full\" data-ssc-img-anim=\"none\"><\/div><div class=\"befbgr6\" data-ssc-svg=\"\" data-ssc-img-s=\"full\" data-ssc-img-anim=\"none\"><\/div><div class=\"aftbgr7\" data-ssc-svg=\"\" data-ssc-img-s=\"full\" data-ssc-img-anim=\"none\"><\/div><div class=\"aftbgr8\" data-ssc-svg=\"\" data-ssc-img-s=\"full\" data-ssc-img-anim=\"none\"><\/div><div class=\"kc-row-container  kc-container\"><div class=\"kc-wrap-columns\"><div class=\"kc-elm kc-css-151360 kc_col-sm-12 kc_column kc_col-sm-12\"><div class=\"kc-col-container\"><div data-kc-equalheight=\"true\" data-kc-row-action=\"true\" data-kc-equalheight-align=\"middle\" class=\"kc-elm kc-css-675442 kc_row kc_row_inner sst-flex-row-inner\"><div class=\"kc-elm kc-css-959387 kc_col-sm-6 kc_column_inner kc_col-sm-6\"><div class=\"kc_wrapper kc-col-inner-container\"><div class=\"kc-elm kc-css-519471 kc-animated kc-animate-eff-fadeInLeft kc_shortcode kc_single_image\">\n\n        <img    data-src=\"https:\/\/marketingwebsites.ca\/wp-content\/uploads\/2022\/03\/ecommerce_image_03.png\" class=\" lazyload\" alt=\"\" \/>    <\/div>\n<\/div><\/div><div class=\"kc-elm kc-css-44048 kc_col-sm-6 kc_column_inner kc_col-sm-6\"><div class=\"kc_wrapper kc-col-inner-container\"><div  class=\"ssc_mltttl  kc-elm kc-css-645327 \"><h2 class=\"wr deb derb dea dera none nonea\"><span class=\"t1\">Parlez avec un <\/span><span class=\"t2\">expert<\/span><\/h2><\/div><div class=\"kc-elm kc-css-608454 kc_text_block\"><\/p>\n<div class=\"fadeIn animated\" data-animate=\"fadeIn\">\n<p>Vous voulez un site Web de commerce \u00e9lectronique personnalis\u00e9 qui mettra votre marque en valeur? Marketing Websites offre des solutions pour vous aider \u00e0 atteindre vos objectifs \u00e0 petite ou grande \u00e9chelle. Avec des fonctionnalit\u00e9s et capacit\u00e9s infinies, nous repoussons les limites de la conception de sites Web de commerce \u00e9lectronique pour donner vie \u00e0 vos id\u00e9es. De la consultation initiale et du brainstorming au d\u00e9veloppement et \u00e0 la mise en \u0153uvre, votre projet sera g\u00e9r\u00e9 professionnellement et de mani\u00e8re cr\u00e9ative.<\/p>\n<\/div>\n<p class=\"fadeIn animated\" data-animate=\"fadeIn\" data-delay=\"100\">Ce qui est inclus:<\/p>\n<p>\n<\/div><div class=\"kc-elm kc-css-472591 kc_text_block\"><\/p>\n<ul>\n<li class=\"fadeIn animated\" data-animate=\"fadeIn\" data-delay=\"150\">Possibilit\u00e9 de g\u00e9rer le contenu<\/li>\n<li class=\"fadeIn animated\" data-animate=\"fadeIn\" data-delay=\"250\"><i class=\"icon-circle-blank color\"><\/i>Outils pour les promotions et rabais<\/li>\n<li class=\"fadeIn animated\" data-animate=\"fadeIn\" data-delay=\"350\"><i class=\"icon-circle-blank color\"><\/i>Paiements faciles<\/li>\n<li class=\"fadeIn animated\" data-animate=\"fadeIn\" data-delay=\"450\"><i class=\"icon-circle-blank color\"><\/i>Optimis\u00e9 pour les moteurs de recherche<\/li>\n<li class=\"fadeIn animated\" data-animate=\"fadeIn\" data-delay=\"550\"><i class=\"icon-circle-blank color\"><\/i>Outils pour effectuer des rapports<\/li>\n<li class=\"fadeIn animated\" data-animate=\"fadeIn\" data-delay=\"650\"><i class=\"icon-circle-blank color\"><\/i>Int\u00e9gration d&#039;un blogue<\/li>\n<li class=\"fadeIn animated\" data-animate=\"fadeIn\" data-delay=\"750\"><i class=\"icon-circle-blank color\"><\/i>Int\u00e9gration d&#039;un courriel<\/li>\n<li class=\"fadeIn animated\" data-animate=\"fadeIn\" data-delay=\"850\"><i class=\"icon-circle-blank color\"><\/i>Grande s\u00e9curit\u00e9 HTTPS<\/li>\n<li class=\"fadeIn animated\" data-animate=\"fadeIn\" data-delay=\"950\"><i class=\"icon-circle-blank color\"><\/i>Plusieurs options de paiements.<\/li>\n<li class=\"fadeIn animated\" data-animate=\"fadeIn\" data-delay=\"1050\"><i class=\"icon-circle-blank color\"><\/i>Et plus...<\/li>\n<\/ul>\n<p>\n<\/div><\/div><\/div><\/div><\/div><\/div><\/div><\/div><\/section><section class=\"kc-elm kc-css-121408 kc_row\"><div class=\"befbgr\" data-ssc-svg=\"\" data-ssc-img-s=\"full\" data-ssc-img-anim=\"none\"><\/div><div class=\"befbgr\" data-ssc-svg=\"\" data-ssc-img-s=\"full\" data-ssc-img-anim=\"none\"><\/div><div class=\"aftbgr\" data-ssc-svg=\"\" data-ssc-img-s=\"full\" data-ssc-img-anim=\"none\"><\/div><div class=\"aftbgr\" data-ssc-svg=\"\" data-ssc-img-s=\"full\" data-ssc-img-anim=\"none\"><\/div><div class=\"befbgr5\" data-ssc-svg=\"\" data-ssc-img-s=\"full\" data-ssc-img-anim=\"none\"><\/div><div class=\"befbgr6\" data-ssc-svg=\"\" data-ssc-img-s=\"full\" data-ssc-img-anim=\"none\"><\/div><div class=\"aftbgr7\" data-ssc-svg=\"\" data-ssc-img-s=\"full\" data-ssc-img-anim=\"none\"><\/div><div class=\"aftbgr8\" data-ssc-svg=\"\" data-ssc-img-s=\"full\" data-ssc-img-anim=\"none\"><\/div><div class=\"kc-row-container  kc-container\"><div class=\"kc-wrap-columns\"><\/div><\/div><\/section><\/p>\n","protected":false},"excerpt":{"rendered":"","protected":false},"author":12,"featured_media":0,"parent":0,"menu_order":0,"comment_status":"closed","ping_status":"closed","template":"","meta":{"inline_featured_image":false,"footnotes":""},"yoast_head":"<!-- This site is optimized with the Yoast SEO plugin v22.6 - https:\/\/yoast.com\/wordpress\/plugins\/seo\/ -->\n<title>E-Commerce - Agence de marketing num\u00e9rique Montr\u00e9al | Marketing Websites<\/title>\n<meta name=\"description\" content=\"Avec un site Web d\u2019eCommerce responsif sur pc de bureau, tablette et mobile, vous serez en mesure d\u2019augmenter votre taux de conversion et de d\u00e9velopper votre ligne de fond sur tous les appareils\" \/>\n<meta name=\"robots\" content=\"index, follow, max-snippet:-1, max-image-preview:large, max-video-preview:-1\" \/>\n<link rel=\"canonical\" href=\"https:\/\/marketingwebsites.ca\/fr\/e-commerce\/\" \/>\n<meta property=\"og:locale\" content=\"fr_FR\" \/>\n<meta property=\"og:type\" content=\"article\" \/>\n<meta property=\"og:title\" content=\"E-Commerce - Agence de marketing num\u00e9rique Montr\u00e9al | Marketing Websites\" \/>\n<meta property=\"og:description\" content=\"Avec un site Web d\u2019eCommerce responsif sur pc de bureau, tablette et mobile, vous serez en mesure d\u2019augmenter votre taux de conversion et de d\u00e9velopper votre ligne de fond sur tous les appareils\" \/>\n<meta property=\"og:url\" content=\"https:\/\/marketingwebsites.ca\/fr\/e-commerce\/\" \/>\n<meta property=\"og:site_name\" content=\"Marketing Websites\" \/>\n<meta property=\"article:modified_time\" content=\"2022-11-09T22:34:33+00:00\" \/>\n<meta property=\"og:image\" content=\"https:\/\/marketingwebsites.ca\/wp-content\/uploads\/2022\/01\/xodzyn.com_.jpg\" \/>\n<meta name=\"twitter:card\" content=\"summary_large_image\" \/>\n<meta name=\"twitter:label1\" content=\"Dur\u00e9e de lecture estim\u00e9e\" \/>\n\t<meta name=\"twitter:data1\" content=\"6 minutes\" \/>\n<script type=\"application\/ld+json\" class=\"yoast-schema-graph\">{\"@context\":\"https:\/\/schema.org\",\"@graph\":[{\"@type\":\"WebPage\",\"@id\":\"https:\/\/marketingwebsites.ca\/fr\/e-commerce\/\",\"url\":\"https:\/\/marketingwebsites.ca\/fr\/e-commerce\/\",\"name\":\"E-Commerce - Agence de marketing num\u00e9rique Montr\u00e9al | Marketing Websites\",\"isPartOf\":{\"@id\":\"https:\/\/marketingwebsites.ca\/fr\/#website\"},\"primaryImageOfPage\":{\"@id\":\"https:\/\/marketingwebsites.ca\/fr\/e-commerce\/#primaryimage\"},\"image\":{\"@id\":\"https:\/\/marketingwebsites.ca\/fr\/e-commerce\/#primaryimage\"},\"thumbnailUrl\":\"https:\/\/marketingwebsites.ca\/wp-content\/uploads\/2022\/01\/xodzyn.com_.jpg\",\"datePublished\":\"2021-12-31T12:12:48+00:00\",\"dateModified\":\"2022-11-09T22:34:33+00:00\",\"description\":\"Avec un site Web d\u2019eCommerce responsif sur pc de bureau, tablette et mobile, vous serez en mesure d\u2019augmenter votre taux de conversion et de d\u00e9velopper votre ligne de fond sur tous les appareils\",\"inLanguage\":\"fr-FR\",\"potentialAction\":[{\"@type\":\"ReadAction\",\"target\":[\"https:\/\/marketingwebsites.ca\/fr\/e-commerce\/\"]}]},{\"@type\":\"ImageObject\",\"inLanguage\":\"fr-FR\",\"@id\":\"https:\/\/marketingwebsites.ca\/fr\/e-commerce\/#primaryimage\",\"url\":\"https:\/\/marketingwebsites.ca\/wp-content\/uploads\/2022\/01\/xodzyn.com_.jpg\",\"contentUrl\":\"https:\/\/marketingwebsites.ca\/wp-content\/uploads\/2022\/01\/xodzyn.com_.jpg\"},{\"@type\":\"WebSite\",\"@id\":\"https:\/\/marketingwebsites.ca\/fr\/#website\",\"url\":\"https:\/\/marketingwebsites.ca\/fr\/\",\"name\":\"Marketing Websites\",\"description\":\"Full Service Digital Marketing\",\"publisher\":{\"@id\":\"https:\/\/marketingwebsites.ca\/fr\/#organization\"},\"potentialAction\":[{\"@type\":\"SearchAction\",\"target\":{\"@type\":\"EntryPoint\",\"urlTemplate\":\"https:\/\/marketingwebsites.ca\/fr\/?s={search_term_string}\"},\"query-input\":\"required name=search_term_string\"}],\"inLanguage\":\"fr-FR\"},{\"@type\":\"Organization\",\"@id\":\"https:\/\/marketingwebsites.ca\/fr\/#organization\",\"name\":\"Marketing Websites\",\"url\":\"https:\/\/marketingwebsites.ca\/fr\/\",\"logo\":{\"@type\":\"ImageObject\",\"inLanguage\":\"fr-FR\",\"@id\":\"https:\/\/marketingwebsites.ca\/fr\/#\/schema\/logo\/image\/\",\"url\":\"https:\/\/marketingwebsites.ca\/wp-content\/uploads\/2022\/04\/logo-f-b.png\",\"contentUrl\":\"https:\/\/marketingwebsites.ca\/wp-content\/uploads\/2022\/04\/logo-f-b.png\",\"width\":225,\"height\":60,\"caption\":\"Marketing Websites\"},\"image\":{\"@id\":\"https:\/\/marketingwebsites.ca\/fr\/#\/schema\/logo\/image\/\"}}]}<\/script>\n<!-- \/ Yoast SEO plugin. -->","yoast_head_json":{"title":"E-Commerce - Agence de marketing num\u00e9rique Montr\u00e9al | Marketing Websites","description":"Avec un site Web d\u2019eCommerce responsif sur pc de bureau, tablette et mobile, vous serez en mesure d\u2019augmenter votre taux de conversion et de d\u00e9velopper votre ligne de fond sur tous les appareils","robots":{"index":"index","follow":"follow","max-snippet":"max-snippet:-1","max-image-preview":"max-image-preview:large","max-video-preview":"max-video-preview:-1"},"canonical":"https:\/\/marketingwebsites.ca\/fr\/e-commerce\/","og_locale":"fr_FR","og_type":"article","og_title":"E-Commerce - Agence de marketing num\u00e9rique Montr\u00e9al | Marketing Websites","og_description":"Avec un site Web d\u2019eCommerce responsif sur pc de bureau, tablette et mobile, vous serez en mesure d\u2019augmenter votre taux de conversion et de d\u00e9velopper votre ligne de fond sur tous les appareils","og_url":"https:\/\/marketingwebsites.ca\/fr\/e-commerce\/","og_site_name":"Marketing Websites","article_modified_time":"2022-11-09T22:34:33+00:00","og_image":[{"url":"https:\/\/marketingwebsites.ca\/wp-content\/uploads\/2022\/01\/xodzyn.com_.jpg"}],"twitter_card":"summary_large_image","twitter_misc":{"Dur\u00e9e de lecture estim\u00e9e":"6 minutes"},"schema":{"@context":"https:\/\/schema.org","@graph":[{"@type":"WebPage","@id":"https:\/\/marketingwebsites.ca\/fr\/e-commerce\/","url":"https:\/\/marketingwebsites.ca\/fr\/e-commerce\/","name":"E-Commerce - Agence de marketing num\u00e9rique Montr\u00e9al | Marketing Websites","isPartOf":{"@id":"https:\/\/marketingwebsites.ca\/fr\/#website"},"primaryImageOfPage":{"@id":"https:\/\/marketingwebsites.ca\/fr\/e-commerce\/#primaryimage"},"image":{"@id":"https:\/\/marketingwebsites.ca\/fr\/e-commerce\/#primaryimage"},"thumbnailUrl":"https:\/\/marketingwebsites.ca\/wp-content\/uploads\/2022\/01\/xodzyn.com_.jpg","datePublished":"2021-12-31T12:12:48+00:00","dateModified":"2022-11-09T22:34:33+00:00","description":"Avec un site Web d\u2019eCommerce responsif sur pc de bureau, tablette et mobile, vous serez en mesure d\u2019augmenter votre taux de conversion et de d\u00e9velopper votre ligne de fond sur tous les appareils","inLanguage":"fr-FR","potentialAction":[{"@type":"ReadAction","target":["https:\/\/marketingwebsites.ca\/fr\/e-commerce\/"]}]},{"@type":"ImageObject","inLanguage":"fr-FR","@id":"https:\/\/marketingwebsites.ca\/fr\/e-commerce\/#primaryimage","url":"https:\/\/marketingwebsites.ca\/wp-content\/uploads\/2022\/01\/xodzyn.com_.jpg","contentUrl":"https:\/\/marketingwebsites.ca\/wp-content\/uploads\/2022\/01\/xodzyn.com_.jpg"},{"@type":"WebSite","@id":"https:\/\/marketingwebsites.ca\/fr\/#website","url":"https:\/\/marketingwebsites.ca\/fr\/","name":"Marketing Websites","description":"Full Service Digital Marketing","publisher":{"@id":"https:\/\/marketingwebsites.ca\/fr\/#organization"},"potentialAction":[{"@type":"SearchAction","target":{"@type":"EntryPoint","urlTemplate":"https:\/\/marketingwebsites.ca\/fr\/?s={search_term_string}"},"query-input":"required name=search_term_string"}],"inLanguage":"fr-FR"},{"@type":"Organization","@id":"https:\/\/marketingwebsites.ca\/fr\/#organization","name":"Marketing Websites","url":"https:\/\/marketingwebsites.ca\/fr\/","logo":{"@type":"ImageObject","inLanguage":"fr-FR","@id":"https:\/\/marketingwebsites.ca\/fr\/#\/schema\/logo\/image\/","url":"https:\/\/marketingwebsites.ca\/wp-content\/uploads\/2022\/04\/logo-f-b.png","contentUrl":"https:\/\/marketingwebsites.ca\/wp-content\/uploads\/2022\/04\/logo-f-b.png","width":225,"height":60,"caption":"Marketing Websites"},"image":{"@id":"https:\/\/marketingwebsites.ca\/fr\/#\/schema\/logo\/image\/"}}]}},"_links":{"self":[{"href":"https:\/\/marketingwebsites.ca\/fr\/wp-json\/wp\/v2\/pages\/13789"}],"collection":[{"href":"https:\/\/marketingwebsites.ca\/fr\/wp-json\/wp\/v2\/pages"}],"about":[{"href":"https:\/\/marketingwebsites.ca\/fr\/wp-json\/wp\/v2\/types\/page"}],"author":[{"embeddable":true,"href":"https:\/\/marketingwebsites.ca\/fr\/wp-json\/wp\/v2\/users\/12"}],"replies":[{"embeddable":true,"href":"https:\/\/marketingwebsites.ca\/fr\/wp-json\/wp\/v2\/comments?post=13789"}],"version-history":[{"count":10,"href":"https:\/\/marketingwebsites.ca\/fr\/wp-json\/wp\/v2\/pages\/13789\/revisions"}],"predecessor-version":[{"id":15487,"href":"https:\/\/marketingwebsites.ca\/fr\/wp-json\/wp\/v2\/pages\/13789\/revisions\/15487"}],"wp:attachment":[{"href":"https:\/\/marketingwebsites.ca\/fr\/wp-json\/wp\/v2\/media?parent=13789"}],"curies":[{"name":"wp","href":"https:\/\/api.w.org\/{rel}","templated":true}]}}