{"id":14183,"date":"2022-05-04T15:49:51","date_gmt":"2022-05-04T15:49:51","guid":{"rendered":"https:\/\/newsite.marketingwebsites.ca\/?page_id=14183"},"modified":"2022-11-09T22:39:38","modified_gmt":"2022-11-09T22:39:38","slug":"exp-marketplace-privacy-policy","status":"publish","type":"page","link":"https:\/\/marketingwebsites.ca\/fr\/exp-marketplace-privacy-policy\/","title":{"rendered":"Politique de confidentialit\u00e9 du march\u00e9 d&rsquo;exp"},"content":{"rendered":"<section class=\"kc-elm kc-css-953181 kc_row\"><div class=\"befbgr\" data-ssc-svg=\"\" data-ssc-img-s=\"full\" data-ssc-img-anim=\"none\"><\/div><div class=\"befbgr\" data-ssc-svg=\"\" data-ssc-img-s=\"full\" data-ssc-img-anim=\"none\"><\/div><div class=\"aftbgr\" data-ssc-svg=\"\" data-ssc-img-s=\"full\" data-ssc-img-anim=\"none\"><\/div><div class=\"aftbgr\" data-ssc-svg=\"\" data-ssc-img-s=\"full\" data-ssc-img-anim=\"none\"><\/div><div class=\"befbgr5\" data-ssc-svg=\"\" data-ssc-img-s=\"full\" data-ssc-img-anim=\"none\"><\/div><div class=\"befbgr6\" data-ssc-svg=\"\" data-ssc-img-s=\"full\" data-ssc-img-anim=\"none\"><\/div><div class=\"aftbgr7\" data-ssc-svg=\"\" data-ssc-img-s=\"full\" data-ssc-img-anim=\"none\"><\/div><div class=\"aftbgr8\" data-ssc-svg=\"\" data-ssc-img-s=\"full\" data-ssc-img-anim=\"none\"><\/div><div class=\"kc-row-container  kc-container\"><div class=\"kc-wrap-columns\"><div class=\"kc-elm kc-css-580223 kc_col-sm-12 kc_column kc_col-sm-12\"><div class=\"kc-col-container\"><div class=\"kc-elm kc-css-998914 kc_text_block\"><h2 class=\"has-text-align-center\">Politique de confidentialit\u00e9<\/h2>\n<p><!-- \/wp:heading --> <!-- wp:paragraph {\"align\":\"center\"} --><\/p>\n<p class=\"has-text-align-center\">eXp Marketplace vous est pr\u00e9sent\u00e9 par Marketing Websites Inc.<br \/><em>(Derni\u00e8re modification le 29 avril 2019) <\/em><\/p>\n<p><!-- \/wp:paragraph --> <!-- wp:paragraph --><\/p>\n<p>Chez eXp Marketplace, accessible depuis https:\/\/expquebec.com\/app\/marketplace, l&#039;une de nos principales priorit\u00e9s est la confidentialit\u00e9 de nos visiteurs. Ce document de politique de confidentialit\u00e9 contient les types d&#039;informations qui sont collect\u00e9es et enregistr\u00e9es par eXp Marketplace et comment nous les utilisons.<\/p>\n<p><!-- \/wp:paragraph --> <!-- wp:paragraph --><\/p>\n<p>Si vous avez des questions suppl\u00e9mentaires ou si vous souhaitez obtenir plus d&#039;informations sur notre politique de confidentialit\u00e9, n&#039;h\u00e9sitez pas \u00e0 nous contacter.<\/p>\n<p><!-- \/wp:paragraph --> <!-- wp:paragraph --><\/p>\n<p>Cette politique de confidentialit\u00e9 s&#039;applique uniquement \u00e0 nos activit\u00e9s en ligne et est valable pour les visiteurs de notre site Web en ce qui concerne les informations qu&#039;ils ont partag\u00e9es et\/ou collect\u00e9es sur eXp Marketplace. Cette politique n&#039;est pas applicable aux informations collect\u00e9es hors ligne ou via des canaux autres que ce site Web.<\/p>\n<p><!-- \/wp:paragraph --> <!-- wp:heading {\"level\":3} --><\/p>\n<h3>Consentement<\/h3>\n<p><!-- \/wp:heading --> <!-- wp:paragraph --><\/p>\n<p>En utilisant notre site web, vous consentez par la pr\u00e9sente \u00e0 notre politique de confidentialit\u00e9 et acceptez ses conditions.<\/p>\n<p><!-- \/wp:paragraph --> <!-- wp:heading {\"level\":3} --><\/p>\n<h3>Informations que nous recueillons<\/h3>\n<p><!-- \/wp:heading --> <!-- wp:paragraph --><\/p>\n<p>Les informations personnelles que l&#039;on vous demande de fournir, et les raisons pour lesquelles on vous demande de les fournir, vous seront expliqu\u00e9es clairement au moment o\u00f9 nous vous demanderons de fournir vos informations personnelles.<\/p>\n<p><!-- \/wp:paragraph --> <!-- wp:paragraph --><\/p>\n<p>Si vous nous contactez directement, nous pouvons recevoir des informations suppl\u00e9mentaires vous concernant, telles que votre nom, votre adresse \u00e9lectronique, votre num\u00e9ro de t\u00e9l\u00e9phone, le contenu du message et\/ou des pi\u00e8ces jointes que vous pouvez nous envoyer, et toute autre information que vous pouvez choisir de fournir.<\/p>\n<p><!-- \/wp:paragraph --> <!-- wp:paragraph --><\/p>\n<p>Lorsque vous vous inscrivez \u00e0 un compte, nous pouvons vous demander vos coordonn\u00e9es, notamment votre nom, le nom de votre soci\u00e9t\u00e9, votre adresse, votre adresse \u00e9lectronique et votre num\u00e9ro de t\u00e9l\u00e9phone.<\/p>\n<p><!-- \/wp:paragraph --> <!-- wp:heading {\"level\":3} --><\/p>\n<h3>Comment nous utilisons vos informations<\/h3>\n<p><!-- \/wp:heading --> <!-- wp:paragraph --><\/p>\n<p>Nous utilisons les informations que nous recueillons de diverses mani\u00e8res, notamment pour:<\/p>\n<p><!-- \/wp:paragraph --> <!-- wp:list --><\/p>\n<ul>\n<li>Fournir, exploiter et maintenir notre site web<\/li>\n<li>Am\u00e9liorer, personnaliser et d\u00e9velopper notre site web<\/li>\n<li>Comprendre et analyser la fa\u00e7on dont vous utilisez notre site web<\/li>\n<li>D\u00e9velopper de nouveaux produits, services, caract\u00e9ristiques et fonctionnalit\u00e9s<\/li>\n<li>Communiquer avec vous, soit directement, soit par l&#039;interm\u00e9diaire de l&#039;un de nos partenaires, y compris pour le service client\u00e8le, pour vous fournir des mises \u00e0 jour et d&#039;autres informations relatives au site Web, ainsi qu&#039;\u00e0 des fins de marketing et de promotion<\/li>\n<li>Vous envoyer des courriers \u00e9lectroniques<\/li>\n<li>Trouver et pr\u00e9venir les fraudes<\/li>\n<\/ul>\n<p><!-- \/wp:list --> <!-- wp:heading {\"level\":3} --><\/p>\n<h3>Fichiers journaux<\/h3>\n<p><!-- \/wp:heading --> <!-- wp:paragraph --><\/p>\n<p>eXp Marketplace suit une proc\u00e9dure standard d&#039;utilisation de fichiers journaux. Ces fichiers enregistrent les visiteurs lorsqu&#039;ils se rendent sur des sites Web. Toutes les soci\u00e9t\u00e9s d&#039;h\u00e9bergement le font et cela fait partie de l&#039;analyse des services d&#039;h\u00e9bergement. Les informations recueillies par les fichiers journaux comprennent les adresses de protocole Internet (IP), le type de navigateur, le fournisseur d&#039;acc\u00e8s Internet (FAI), la date et l&#039;heure, les pages de r\u00e9f\u00e9rence et de sortie, et \u00e9ventuellement le nombre de clics. Ces donn\u00e9es ne sont pas li\u00e9es \u00e0 des informations permettant d&#039;identifier une personne. L&#039;objectif de ces informations est d&#039;analyser les tendances, d&#039;administrer le site, de suivre les mouvements des utilisateurs sur le site et de recueillir des informations d\u00e9mographiques. Notre politique de confidentialit\u00e9 a \u00e9t\u00e9 cr\u00e9\u00e9e avec l&#039;aide du g\u00e9n\u00e9rateur de politiques de confidentialit\u00e9 et du g\u00e9n\u00e9rateur de clauses de non-responsabilit\u00e9.<\/p>\n<p><!-- \/wp:paragraph --> <!-- wp:heading {\"level\":3} --><\/p>\n<h3>Cookies et balises Web<\/h3>\n<p><!-- \/wp:heading --> <!-- wp:paragraph --><\/p>\n<p>Comme tout autre site Web, eXp Marketplace utilise des \u00a0\u00bb cookies \u00ab\u00a0. Ces cookies sont utilis\u00e9s pour stocker des informations, y compris les pr\u00e9f\u00e9rences des visiteurs, et les pages du site Web que le visiteur a consult\u00e9es ou visit\u00e9es. Ces informations sont utilis\u00e9es pour optimiser l&#039;exp\u00e9rience des utilisateurs en personnalisant le contenu de nos pages Web en fonction du type de navigateur des visiteurs et\/ou d&#039;autres informations.<\/p>\n<p><!-- \/wp:paragraph --> <!-- wp:paragraph --><\/p>\n<p>Pour des informations plus g\u00e9n\u00e9rales sur les cookies, veuillez lire \u00ab\u00a0Que sont les cookies\u00a0\u00bb.<\/p>\n<p><!-- \/wp:paragraph --> <!-- wp:heading {\"level\":3} --><\/p>\n<h3>Politiques de confidentialit\u00e9 de nos partenaires publicitaires<\/h3>\n<p><!-- \/wp:heading --> <!-- wp:paragraph --><\/p>\n<p>Vous pouvez consulter cette liste pour trouver la politique de confidentialit\u00e9 de chacun des partenaires publicitaires d&#039;eXp Marketplace.<\/p>\n<p><!-- \/wp:paragraph --> <!-- wp:paragraph --><\/p>\n<p>Les serveurs publicitaires tiers ou les r\u00e9seaux publicitaires utilisent des technologies telles que les cookies, JavaScript ou les balises Web qui sont utilis\u00e9es dans leurs publicit\u00e9s et liens respectifs qui apparaissent sur eXp Marketplace, qui sont envoy\u00e9s directement au navigateur des utilisateurs. Ils re\u00e7oivent automatiquement votre adresse IP lorsque cela se produit. Ces technologies sont utilis\u00e9es pour mesurer l&#039;efficacit\u00e9 de leurs campagnes publicitaires et\/ou pour personnaliser le contenu publicitaire que vous voyez sur les sites Web que vous visitez.<\/p>\n<p><!-- \/wp:paragraph --> <!-- wp:paragraph --><\/p>\n<p>Notez qu&#039;eXp Marketplace n&#039;a aucun acc\u00e8s ou contr\u00f4le sur ces cookies qui sont utilis\u00e9s par des annonceurs tiers.<\/p>\n<p><!-- \/wp:paragraph --> <!-- wp:heading {\"level\":3} --><\/p>\n<h3>Politiques de confidentialit\u00e9 des tiers<\/h3>\n<p><!-- \/wp:heading --> <!-- wp:paragraph --><\/p>\n<p>La politique de confidentialit\u00e9 d&#039;eXp Marketplace ne s&#039;applique pas aux autres annonceurs ou sites web. Ainsi, nous vous conseillons de consulter les politiques de confidentialit\u00e9 respectives de ces serveurs publicitaires tiers pour obtenir des informations plus d\u00e9taill\u00e9es. Cela peut inclure leurs pratiques et des instructions sur la fa\u00e7on de refuser certaines options.<\/p>\n<p><!-- \/wp:paragraph --> <!-- wp:paragraph --><\/p>\n<p>Vous pouvez choisir de d\u00e9sactiver les cookies par le biais des options de votre navigateur individuel. Pour conna\u00eetre des informations plus d\u00e9taill\u00e9es sur la gestion des cookies avec des navigateurs web sp\u00e9cifiques, vous pouvez consulter les sites web respectifs de ces navigateurs.<br \/><!-- \/wp:paragraph --><\/p>\n<\/div><\/div><\/div><\/div><\/div><\/section>","protected":false},"excerpt":{"rendered":"","protected":false},"author":12,"featured_media":0,"parent":0,"menu_order":0,"comment_status":"closed","ping_status":"closed","template":"","meta":{"inline_featured_image":false,"footnotes":""},"yoast_head":"<!-- This site is optimized with the Yoast SEO plugin v22.6 - https:\/\/yoast.com\/wordpress\/plugins\/seo\/ -->\n<title>Politique de confidentialit\u00e9 du march\u00e9 d&#039;exp - Marketing Websites<\/title>\n<meta name=\"robots\" content=\"index, follow, max-snippet:-1, max-image-preview:large, max-video-preview:-1\" \/>\n<link rel=\"canonical\" href=\"https:\/\/marketingwebsites.ca\/fr\/exp-marketplace-privacy-policy\/\" \/>\n<meta property=\"og:locale\" content=\"fr_FR\" \/>\n<meta property=\"og:type\" content=\"article\" \/>\n<meta property=\"og:title\" content=\"Politique de confidentialit\u00e9 du march\u00e9 d&#039;exp - Marketing Websites\" \/>\n<meta property=\"og:description\" content=\"Politique de confidentialit\u00e9 eXp Marketplace vous est pr\u00e9sent\u00e9 par Marketing Websites Inc.(Derni\u00e8re modification le 29 avril 2019) Chez eXp Marketplace, accessible depuis https:\/\/expquebec.com\/app\/marketplace, l&#039;une de nos principales priorit\u00e9s est la confidentialit\u00e9 de nos visiteurs. Ce document de politique de confidentialit\u00e9 contient les types d&#039;informations qui sont collect\u00e9es et enregistr\u00e9es par eXp Marketplace et comment nous...\" \/>\n<meta property=\"og:url\" content=\"https:\/\/marketingwebsites.ca\/fr\/exp-marketplace-privacy-policy\/\" \/>\n<meta property=\"og:site_name\" content=\"Marketing Websites\" \/>\n<meta property=\"article:modified_time\" content=\"2022-11-09T22:39:38+00:00\" \/>\n<meta name=\"twitter:card\" content=\"summary_large_image\" \/>\n<meta name=\"twitter:label1\" content=\"Dur\u00e9e de lecture estim\u00e9e\" \/>\n\t<meta name=\"twitter:data1\" content=\"4 minutes\" \/>\n<script type=\"application\/ld+json\" class=\"yoast-schema-graph\">{\"@context\":\"https:\/\/schema.org\",\"@graph\":[{\"@type\":\"WebPage\",\"@id\":\"https:\/\/marketingwebsites.ca\/fr\/exp-marketplace-privacy-policy\/\",\"url\":\"https:\/\/marketingwebsites.ca\/fr\/exp-marketplace-privacy-policy\/\",\"name\":\"Politique de confidentialit\u00e9 du march\u00e9 d'exp - Marketing Websites\",\"isPartOf\":{\"@id\":\"https:\/\/marketingwebsites.ca\/fr\/#website\"},\"datePublished\":\"2022-05-04T15:49:51+00:00\",\"dateModified\":\"2022-11-09T22:39:38+00:00\",\"inLanguage\":\"fr-FR\",\"potentialAction\":[{\"@type\":\"ReadAction\",\"target\":[\"https:\/\/marketingwebsites.ca\/fr\/exp-marketplace-privacy-policy\/\"]}]},{\"@type\":\"WebSite\",\"@id\":\"https:\/\/marketingwebsites.ca\/fr\/#website\",\"url\":\"https:\/\/marketingwebsites.ca\/fr\/\",\"name\":\"Marketing Websites\",\"description\":\"Full Service Digital Marketing\",\"publisher\":{\"@id\":\"https:\/\/marketingwebsites.ca\/fr\/#organization\"},\"potentialAction\":[{\"@type\":\"SearchAction\",\"target\":{\"@type\":\"EntryPoint\",\"urlTemplate\":\"https:\/\/marketingwebsites.ca\/fr\/?s={search_term_string}\"},\"query-input\":\"required name=search_term_string\"}],\"inLanguage\":\"fr-FR\"},{\"@type\":\"Organization\",\"@id\":\"https:\/\/marketingwebsites.ca\/fr\/#organization\",\"name\":\"Marketing Websites\",\"url\":\"https:\/\/marketingwebsites.ca\/fr\/\",\"logo\":{\"@type\":\"ImageObject\",\"inLanguage\":\"fr-FR\",\"@id\":\"https:\/\/marketingwebsites.ca\/fr\/#\/schema\/logo\/image\/\",\"url\":\"https:\/\/marketingwebsites.ca\/wp-content\/uploads\/2022\/04\/logo-f-b.png\",\"contentUrl\":\"https:\/\/marketingwebsites.ca\/wp-content\/uploads\/2022\/04\/logo-f-b.png\",\"width\":225,\"height\":60,\"caption\":\"Marketing Websites\"},\"image\":{\"@id\":\"https:\/\/marketingwebsites.ca\/fr\/#\/schema\/logo\/image\/\"}}]}<\/script>\n<!-- \/ Yoast SEO plugin. -->","yoast_head_json":{"title":"Politique de confidentialit\u00e9 du march\u00e9 d'exp - Marketing Websites","robots":{"index":"index","follow":"follow","max-snippet":"max-snippet:-1","max-image-preview":"max-image-preview:large","max-video-preview":"max-video-preview:-1"},"canonical":"https:\/\/marketingwebsites.ca\/fr\/exp-marketplace-privacy-policy\/","og_locale":"fr_FR","og_type":"article","og_title":"Politique de confidentialit\u00e9 du march\u00e9 d'exp - Marketing Websites","og_description":"Politique de confidentialit\u00e9 eXp Marketplace vous est pr\u00e9sent\u00e9 par Marketing Websites Inc.(Derni\u00e8re modification le 29 avril 2019) Chez eXp Marketplace, accessible depuis https:\/\/expquebec.com\/app\/marketplace, l&#039;une de nos principales priorit\u00e9s est la confidentialit\u00e9 de nos visiteurs. Ce document de politique de confidentialit\u00e9 contient les types d&#039;informations qui sont collect\u00e9es et enregistr\u00e9es par eXp Marketplace et comment nous...","og_url":"https:\/\/marketingwebsites.ca\/fr\/exp-marketplace-privacy-policy\/","og_site_name":"Marketing Websites","article_modified_time":"2022-11-09T22:39:38+00:00","twitter_card":"summary_large_image","twitter_misc":{"Dur\u00e9e de lecture estim\u00e9e":"4 minutes"},"schema":{"@context":"https:\/\/schema.org","@graph":[{"@type":"WebPage","@id":"https:\/\/marketingwebsites.ca\/fr\/exp-marketplace-privacy-policy\/","url":"https:\/\/marketingwebsites.ca\/fr\/exp-marketplace-privacy-policy\/","name":"Politique de confidentialit\u00e9 du march\u00e9 d'exp - Marketing Websites","isPartOf":{"@id":"https:\/\/marketingwebsites.ca\/fr\/#website"},"datePublished":"2022-05-04T15:49:51+00:00","dateModified":"2022-11-09T22:39:38+00:00","inLanguage":"fr-FR","potentialAction":[{"@type":"ReadAction","target":["https:\/\/marketingwebsites.ca\/fr\/exp-marketplace-privacy-policy\/"]}]},{"@type":"WebSite","@id":"https:\/\/marketingwebsites.ca\/fr\/#website","url":"https:\/\/marketingwebsites.ca\/fr\/","name":"Marketing Websites","description":"Full Service Digital Marketing","publisher":{"@id":"https:\/\/marketingwebsites.ca\/fr\/#organization"},"potentialAction":[{"@type":"SearchAction","target":{"@type":"EntryPoint","urlTemplate":"https:\/\/marketingwebsites.ca\/fr\/?s={search_term_string}"},"query-input":"required name=search_term_string"}],"inLanguage":"fr-FR"},{"@type":"Organization","@id":"https:\/\/marketingwebsites.ca\/fr\/#organization","name":"Marketing Websites","url":"https:\/\/marketingwebsites.ca\/fr\/","logo":{"@type":"ImageObject","inLanguage":"fr-FR","@id":"https:\/\/marketingwebsites.ca\/fr\/#\/schema\/logo\/image\/","url":"https:\/\/marketingwebsites.ca\/wp-content\/uploads\/2022\/04\/logo-f-b.png","contentUrl":"https:\/\/marketingwebsites.ca\/wp-content\/uploads\/2022\/04\/logo-f-b.png","width":225,"height":60,"caption":"Marketing Websites"},"image":{"@id":"https:\/\/marketingwebsites.ca\/fr\/#\/schema\/logo\/image\/"}}]}},"_links":{"self":[{"href":"https:\/\/marketingwebsites.ca\/fr\/wp-json\/wp\/v2\/pages\/14183"}],"collection":[{"href":"https:\/\/marketingwebsites.ca\/fr\/wp-json\/wp\/v2\/pages"}],"about":[{"href":"https:\/\/marketingwebsites.ca\/fr\/wp-json\/wp\/v2\/types\/page"}],"author":[{"embeddable":true,"href":"https:\/\/marketingwebsites.ca\/fr\/wp-json\/wp\/v2\/users\/12"}],"replies":[{"embeddable":true,"href":"https:\/\/marketingwebsites.ca\/fr\/wp-json\/wp\/v2\/comments?post=14183"}],"version-history":[{"count":3,"href":"https:\/\/marketingwebsites.ca\/fr\/wp-json\/wp\/v2\/pages\/14183\/revisions"}],"predecessor-version":[{"id":15500,"href":"https:\/\/marketingwebsites.ca\/fr\/wp-json\/wp\/v2\/pages\/14183\/revisions\/15500"}],"wp:attachment":[{"href":"https:\/\/marketingwebsites.ca\/fr\/wp-json\/wp\/v2\/media?parent=14183"}],"curies":[{"name":"wp","href":"https:\/\/api.w.org\/{rel}","templated":true}]}}