{"id":14186,"date":"2022-05-04T15:52:26","date_gmt":"2022-05-04T15:52:26","guid":{"rendered":"https:\/\/newsite.marketingwebsites.ca\/?page_id=14186"},"modified":"2022-11-09T22:36:48","modified_gmt":"2022-11-09T22:36:48","slug":"exp-marketplace-terms-of-service","status":"publish","type":"page","link":"https:\/\/marketingwebsites.ca\/fr\/exp-marketplace-terms-of-service\/","title":{"rendered":"Conditions de service du march\u00e9 d&rsquo;eXp"},"content":{"rendered":"<section class=\"kc-elm kc-css-973938 kc_row\"><div class=\"befbgr\" data-ssc-svg=\"\" data-ssc-img-s=\"full\" data-ssc-img-anim=\"none\"><\/div><div class=\"befbgr\" data-ssc-svg=\"\" data-ssc-img-s=\"full\" data-ssc-img-anim=\"none\"><\/div><div class=\"aftbgr\" data-ssc-svg=\"\" data-ssc-img-s=\"full\" data-ssc-img-anim=\"none\"><\/div><div class=\"aftbgr\" data-ssc-svg=\"\" data-ssc-img-s=\"full\" data-ssc-img-anim=\"none\"><\/div><div class=\"befbgr5\" data-ssc-svg=\"\" data-ssc-img-s=\"full\" data-ssc-img-anim=\"none\"><\/div><div class=\"befbgr6\" data-ssc-svg=\"\" data-ssc-img-s=\"full\" data-ssc-img-anim=\"none\"><\/div><div class=\"aftbgr7\" data-ssc-svg=\"\" data-ssc-img-s=\"full\" data-ssc-img-anim=\"none\"><\/div><div class=\"aftbgr8\" data-ssc-svg=\"\" data-ssc-img-s=\"full\" data-ssc-img-anim=\"none\"><\/div><div class=\"kc-row-container  kc-container\"><div class=\"kc-wrap-columns\"><div class=\"kc-elm kc-css-437496 kc_col-sm-12 kc_column kc_col-sm-12\"><div class=\"kc-col-container\"><div class=\"kc-elm kc-css-867663 kc_text_block\"><\/p>\n<h2 class=\"has-text-align-center wp-block-heading\">Conditions de service<\/h2>\n<\/p>\n<p class=\"has-text-align-center\">eXp Marketplace vous est pr\u00e9sent\u00e9 par Marketing Websites Inc.<br \/>(Derni\u00e8re modification le 29 avril 2019)<\/p>\n<\/p>\n<p>Bienvenue sur eXp Marketplace!<\/p>\n<\/p>\n<p>Les pr\u00e9sentes conditions g\u00e9n\u00e9rales d\u00e9finissent les r\u00e8gles d&#039;utilisation du site Web de Marketing Websites Inc., situ\u00e9 \u00e0 l&#039;adresse https:\/\/expquebec.com\/app\/marketplace.<\/p>\n<\/p>\n<p>En acc\u00e9dant \u00e0 ce site web, nous supposons que vous acceptez ces termes et conditions. Ne continuez pas \u00e0 utiliser eXp Marketplace si vous n&#039;acceptez pas de prendre l&#039;ensemble des termes et conditions \u00e9nonc\u00e9s sur cette page. Nos termes et conditions ont \u00e9t\u00e9 cr\u00e9\u00e9s avec l&#039;aide du g\u00e9n\u00e9rateur de termes et conditions et du g\u00e9n\u00e9rateur gratuit de termes et conditions.<\/p>\n<\/p>\n<p>La terminologie suivante s&#039;applique aux pr\u00e9sentes conditions g\u00e9n\u00e9rales, \u00e0 la d\u00e9claration de confidentialit\u00e9 et \u00e0 l&#039;avis de non-responsabilit\u00e9 ainsi qu&#039;\u00e0 tous les accords : \u00ab\u00a0Client\u00a0\u00bb, \u00ab\u00a0Vous\u00a0\u00bb et \u00ab\u00a0Votre\u00a0\u00bb font r\u00e9f\u00e9rence \u00e0 vous, la personne qui se connecte \u00e0 ce site web et qui respecte les conditions g\u00e9n\u00e9rales de la Soci\u00e9t\u00e9. \u00ab\u00a0La Soci\u00e9t\u00e9\u00a0\u00bb, \u00ab\u00a0Nous\u00a0\u00bb, \u00ab\u00a0Notre\u00a0\u00bb, \u00ab\u00a0Nos\u00a0\u00bb et \u00ab\u00a0Nous\u00a0\u00bb, d\u00e9signe notre Soci\u00e9t\u00e9. \u00ab\u00a0Partie\u00a0\u00bb, \u00ab\u00a0Parties\u00a0\u00bb, ou \u00ab\u00a0Nous\u00a0\u00bb, d\u00e9signe \u00e0 la fois le client et nous-m\u00eames. Tous les termes font r\u00e9f\u00e9rence \u00e0 l&#039;offre, \u00e0 l&#039;acceptation et \u00e0 la prise en compte du paiement n\u00e9cessaire pour entreprendre le processus de notre assistance au Client de la mani\u00e8re la plus appropri\u00e9e dans le but expr\u00e8s de r\u00e9pondre aux besoins du Client en ce qui concerne la fourniture des services d\u00e9clar\u00e9s de la Soci\u00e9t\u00e9, conform\u00e9ment et sous r\u00e9serve de la loi en vigueur aux Pays-Bas. Toute utilisation de la terminologie ci-dessus ou d&#039;autres mots au singulier, au pluriel, en majuscules et\/ou il\/elle ou ils\/elles, sont consid\u00e9r\u00e9s comme interchangeables et donc comme se r\u00e9f\u00e9rant au m\u00eame.<\/p>\n<\/p>\n<h3 class=\"wp-block-heading\">Cookies<\/h3>\n<\/p>\n<p>Nous utilisons des cookies. En acc\u00e9dant \u00e0 eXp Marketplace, vous acceptez d&#039;utiliser les cookies en accord avec la politique de confidentialit\u00e9 de Marketing Websites Inc.<\/p>\n<\/p>\n<p>La plupart des sites web interactifs utilisent des cookies pour nous permettre de r\u00e9cup\u00e9rer les donn\u00e9es de l&#039;utilisateur \u00e0 chaque visite. Les cookies sont utilis\u00e9s par notre site web pour permettre la fonctionnalit\u00e9 de certaines zones afin de faciliter la t\u00e2che des personnes qui visitent notre site web. Certains de nos partenaires affili\u00e9s\/publicitaires peuvent \u00e9galement utiliser des cookies.<\/p>\n<\/p>\n<h3 class=\"wp-block-heading\">Licence<\/h3>\n<\/p>\n<p>Sauf indication contraire, Marketing Websites Inc. et\/ou ses conc\u00e9dants de licence d\u00e9tiennent les droits de propri\u00e9t\u00e9 intellectuelle pour tout le mat\u00e9riel sur eXp Marketplace. Tous les droits de propri\u00e9t\u00e9 intellectuelle sont r\u00e9serv\u00e9s. Vous pouvez acc\u00e9der au contenu du March\u00e9 eXp pour votre usage personnel, sous r\u00e9serve des restrictions d\u00e9finies dans les pr\u00e9sentes conditions g\u00e9n\u00e9rales.<\/p>\n<\/p>\n<p>Vous ne devez pas:<\/p>\n<\/p>\n<ul>\n<li>Republier le mat\u00e9riel de eXp Marketplace<\/li>\n<li>Vendre, louer ou accorder des sous-licences pour le mat\u00e9riel du march\u00e9 eXp<\/li>\n<li>Reproduire, dupliquer ou copier du mat\u00e9riel provenant d&#039;eXp Marketplace<\/li>\n<li>Redistribuer le contenu de la place de march\u00e9 eXp<\/li>\n<li>Le pr\u00e9sent accord prend effet \u00e0 la date du pr\u00e9sent document<\/li>\n<\/ul>\n<p>Certaines parties de ce site Web offrent aux utilisateurs la possibilit\u00e9 de publier et d&#039;\u00e9changer des opinions et des informations dans certaines zones du site. Marketing Websites Inc. ne filtre pas, n&#039;\u00e9dite pas, ne publie pas et ne r\u00e9vise pas les commentaires avant leur pr\u00e9sence sur le site Web. Les commentaires ne refl\u00e8tent pas les points de vue et les opinions de Marketing Websites Inc. et de ses agents et\/ou affili\u00e9s. Les commentaires refl\u00e8tent les points de vue et les opinions de la personne qui les affiche. Dans la mesure o\u00f9 les lois applicables le permettent, Marketing Websites Inc. ne peut \u00eatre tenu responsable des commentaires ou de toute responsabilit\u00e9, de tout dommage ou de toute d\u00e9pense caus\u00e9s et\/ou subis \u00e0 la suite de l&#039;utilisation et\/ou de l&#039;affichage et\/ou de la pr\u00e9sence des commentaires sur ce site Web.<\/p>\n<\/p>\n<p>Marketing Websites Inc. se r\u00e9serve le droit de surveiller tous les commentaires et de supprimer tout commentaire qui peut \u00eatre consid\u00e9r\u00e9 comme inappropri\u00e9, offensant ou qui constitue une violation des pr\u00e9sentes conditions g\u00e9n\u00e9rales.<\/p>\n<\/p>\n<p>Vous garantissez et d\u00e9clarez que:<\/p>\n<\/p>\n<ul>\n<li>Vous \u00eates autoris\u00e9 \u00e0 publier les Commentaires sur notre site web et disposez de toutes les licences et autorisations n\u00e9cessaires pour le faire<\/li>\n<li>Les Commentaires ne portent atteinte \u00e0 aucun droit de propri\u00e9t\u00e9 intellectuelle, y compris, sans s&#039;y limiter, les droits d&#039;auteur, les brevets ou les marques de commerce d&#039;un tiers<\/li>\n<li>Les commentaires ne contiennent aucun \u00e9l\u00e9ment diffamatoire, calomnieux, offensant, ind\u00e9cent ou autrement ill\u00e9gal qui constitue une atteinte \u00e0 la vie priv\u00e9e<\/li>\n<li>Les commentaires ne seront pas utilis\u00e9s pour solliciter ou promouvoir des affaires ou des coutumes ou pr\u00e9senter des activit\u00e9s commerciales ou des activit\u00e9s ill\u00e9gales<\/li>\n<li>Par la pr\u00e9sente, vous accordez \u00e0 Marketing Websites Inc. une licence non exclusive lui permettant d&#039;utiliser, de reproduire, de modifier et d&#039;autoriser d&#039;autres personnes \u00e0 utiliser, \u00e0 reproduire et \u00e0 modifier l&#039;un de vos commentaires sous toutes les formes, tous les formats ou tous les m\u00e9dias.<\/li>\n<\/ul>\n<h3 class=\"wp-block-heading\">Hyperliens vers notre contenu<\/h3>\n<\/p>\n<p>Les organisations suivantes peuvent \u00e9tablir un lien avec notre site web sans autorisation \u00e9crite pr\u00e9alable:<\/p>\n<\/p>\n<ul>\n<li>Les agences gouvernementales<\/li>\n<li>Moteurs de recherche<\/li>\n<li>Organismes de presse<\/li>\n<li>Les distributeurs d&#039;annuaires en ligne peuvent cr\u00e9er des liens vers notre site Web de la m\u00eame mani\u00e8re qu&#039;ils cr\u00e9ent des hyperliens vers les sites Web d&#039;autres entreprises r\u00e9pertori\u00e9es<\/li>\n<li>Les entreprises accr\u00e9dit\u00e9es \u00e0 l&#039;\u00e9chelle du syst\u00e8me, \u00e0 l&#039;exception des organisations \u00e0 but non lucratif, des centres commerciaux caritatifs et des groupes de collecte de fonds caritatifs, qui ne peuvent pas \u00e9tablir d&#039;hyperlien vers notre site Web.<\/li>\n<\/ul>\n<p>Ces organisations peuvent cr\u00e9er des liens vers notre page d&#039;accueil, vers des publications ou vers d&#039;autres informations du site Web, \u00e0 condition que le lien ne soit pas trompeur : (a) n&#039;est en aucun cas trompeur ; (b) n&#039;implique pas faussement le parrainage, l&#039;approbation ou le soutien de la partie li\u00e9e et de ses produits et\/ou services ; et (c) s&#039;inscrit dans le contexte du site de la partie li\u00e9e.<\/p>\n<\/p>\n<p>Nous pouvons prendre en consid\u00e9ration et approuver d&#039;autres demandes de liens \u00e9manant des types d&#039;organisations suivants:<\/p>\n<\/p>\n<ul>\n<li>des sources d&#039;information connues des consommateurs et\/ou des entreprises<\/li>\n<li>sites communautaires point.com<\/li>\n<li>les associations ou autres groupes repr\u00e9sentant les organismes de bienfaisance<\/li>\n<li>distributeurs d&#039;annuaires en ligne<\/li>\n<li>portails Internet<\/li>\n<li>les cabinets de comptabilit\u00e9, d&#039;avocats et de consultants<\/li>\n<li>les \u00e9tablissements d&#039;enseignement et les associations professionnelles<\/li>\n<\/ul>\n<p>Nous approuverons les demandes de liens de ces organisations si nous d\u00e9cidons que : (a) le lien ne nous donnera pas une image d\u00e9favorable de nous-m\u00eames ou de nos entreprises accr\u00e9dit\u00e9es ; (b) l&#039;organisation n&#039;a pas d&#039;ant\u00e9c\u00e9dents n\u00e9gatifs avec nous ; (c) l&#039;avantage pour nous de la visibilit\u00e9 de l&#039;hyperlien compense l&#039;absence de Marketing Websites Inc. et (d) le lien est dans le contexte d&#039;informations g\u00e9n\u00e9rales sur les ressources.<\/p>\n<\/p>\n<p>Ces organisations peuvent cr\u00e9er un lien vers notre page d&#039;accueil \u00e0 condition que ce lien : (a) ne soit pas trompeur de quelque mani\u00e8re que ce soit ; (b) n&#039;implique pas faussement le parrainage, l&#039;approbation ou le soutien de la partie liante et de ses produits ou services ; et (c) s&#039;inscrive dans le contexte du site de la partie liante.<\/p>\n<\/p>\n<p>Si vous \u00eates l&#039;une des organisations \u00e9num\u00e9r\u00e9es au paragraphe 2 ci-dessus et que vous souhaitez \u00e9tablir un lien avec notre site Web, vous devez nous en informer en envoyant un courriel \u00e0 Marketing Websites Inc. Veuillez inclure votre nom, le nom de votre organisation, vos coordonn\u00e9es ainsi que l&#039;URL de votre site, une liste de toutes les URL \u00e0 partir desquelles vous avez l&#039;intention de cr\u00e9er un lien vers notre site Web, et une liste des URL de notre site vers lesquelles vous souhaitez cr\u00e9er un lien. Attendez 2 \u00e0 3 semaines pour recevoir une r\u00e9ponse.<\/p>\n<\/p>\n<p>Les organisations approuv\u00e9es peuvent \u00e9tablir un hyperlien vers notre site Web de la mani\u00e8re suivante:<\/p>\n<\/p>\n<ul>\n<li>par l&#039;utilisation de notre d\u00e9nomination sociale ; ou<\/li>\n<li>par l&#039;utilisation du localisateur de ressources uniformes vers lequel le lien est \u00e9tabli ; ou<\/li>\n<li>par l&#039;utilisation de toute autre description de notre site Internet faisant l&#039;objet d&#039;un lien qui a un sens dans le contexte et le format du contenu du site de la partie liante.<\/li>\n<\/ul>\n<p>Aucune utilisation du logo ou d&#039;autres illustrations de Marketing Websites Inc. ne sera autoris\u00e9e pour l&#039;\u00e9tablissement de liens en l&#039;absence d&#039;un accord de licence de marque.<\/p>\n<\/p>\n<h3 class=\"wp-block-heading\">iFrames<\/h3>\n<\/p>\n<p>Aucune utilisation du logo ou d&#039;autres illustrations de Marketing Websites Inc. ne sera autoris\u00e9e pour l&#039;\u00e9tablissement de liens en l&#039;absence d&#039;un accord de licence de marque.<\/p>\n<\/p>\n<h3 class=\"wp-block-heading\">Responsabilit\u00e9 du contenu<\/h3>\n<\/p>\n<p>Nous ne serons pas tenus responsables du contenu qui appara\u00eet sur votre site web. Vous acceptez de nous prot\u00e9ger et de nous d\u00e9fendre contre toutes les r\u00e9clamations qui s&#039;\u00e9l\u00e8vent sur votre site Web. Aucun lien ne doit appara\u00eetre sur un site Web qui pourrait \u00eatre interpr\u00e9t\u00e9 comme \u00e9tant diffamatoire, obsc\u00e8ne ou criminel, ou qui enfreint, viole ou pr\u00e9conise l&#039;enfreinte ou toute autre violation des droits d&#039;un tiers.<\/p>\n<\/p>\n<h3>Votre confidentialit\u00e9<\/h3>\n<\/p>\n<p>Veuillez lire la politique de confidentialit\u00e9<\/p>\n<\/p>\n<h3 class=\"wp-block-heading\">R\u00e9serve des droits<\/h3>\n<\/p>\n<p>Nous nous r\u00e9servons le droit de vous demander de supprimer tous les liens ou un lien particulier vers notre site Web. Vous acceptez de retirer imm\u00e9diatement tous les liens vers notre site Web sur demande. Nous nous r\u00e9servons \u00e9galement le droit de modifier \u00e0 tout moment les pr\u00e9sentes conditions g\u00e9n\u00e9rales et la politique en mati\u00e8re de liens. En \u00e9tablissant un lien permanent avec notre site Web, vous acceptez d&#039;\u00eatre li\u00e9 \u00e0 ces conditions et de les respecter.<\/p>\n<\/p>\n<h3 class=\"wp-block-heading\">Suppression de liens sur notre site web<\/h3>\n<\/p>\n<p>Si vous trouvez un lien sur notre site Web qui est offensant pour une raison quelconque, vous \u00eates libre de nous contacter et de nous informer \u00e0 tout moment. Nous examinerons les demandes de suppression de liens, mais nous ne sommes pas oblig\u00e9s de le faire ou de vous r\u00e9pondre directement.<\/p>\n<\/p>\n<p>Nous ne garantissons pas l&#039;exactitude des informations contenues dans ce site web, ni leur exhaustivit\u00e9 ou leur pr\u00e9cision ; nous ne promettons pas non plus de garantir que le site web restera disponible ou que le mat\u00e9riel contenu dans le site web sera mis \u00e0 jour.<\/p>\n<\/p>\n<h3 class=\"wp-block-heading\">Avis de non-responsabilit\u00e9<\/h3>\n<\/p>\n<p>Dans la mesure maximale autoris\u00e9e par la loi applicable, nous excluons toutes les repr\u00e9sentations, garanties et conditions relatives \u00e0 notre site web et \u00e0 l&#039;utilisation de ce site. Rien dans cette clause de non-responsabilit\u00e9 ne sera:<\/p>\n<\/p>\n<ul>\n<li>limiter ou exclure notre ou votre responsabilit\u00e9 en cas de d\u00e9c\u00e8s ou de dommages corporels<\/li>\n<li>limiter ou exclure notre ou votre responsabilit\u00e9 en cas de fraude ou de fausse d\u00e9claration frauduleuse<\/li>\n<li>limiter l&#039;une de nos ou de vos responsabilit\u00e9s d&#039;une mani\u00e8re qui n&#039;est pas autoris\u00e9e par la loi applicable ; ou<\/li>\n<li>exclure l&#039;une de nos ou de vos responsabilit\u00e9s qui ne peuvent \u00eatre exclues en vertu de la loi applicable.<\/li>\n<\/ul>\n<p>Les limitations et interdictions de responsabilit\u00e9 \u00e9nonc\u00e9es dans cette section et ailleurs dans la pr\u00e9sente clause de non-responsabilit\u00e9 : (a) sont soumises au paragraphe pr\u00e9c\u00e9dent ; et (b) r\u00e9gissent toutes les responsabilit\u00e9s d\u00e9coulant de la clause de non-responsabilit\u00e9, y compris les responsabilit\u00e9s contractuelles, d\u00e9lictuelles et pour violation d&#039;une obligation l\u00e9gale.<\/p>\n<\/p>\n<p>Tant que le site web et les informations et services qu&#039;il contient sont fournis gratuitement, nous ne sommes pas responsables des pertes ou dommages de quelque nature que ce soit.<\/p>\n<\/div><\/div><\/div><\/div><\/div><\/section>","protected":false},"excerpt":{"rendered":"","protected":false},"author":12,"featured_media":0,"parent":0,"menu_order":0,"comment_status":"closed","ping_status":"closed","template":"","meta":{"inline_featured_image":false,"footnotes":""},"yoast_head":"<!-- This site is optimized with the Yoast SEO plugin v22.6 - https:\/\/yoast.com\/wordpress\/plugins\/seo\/ -->\n<title>Conditions de service du march\u00e9 d&#039;eXp - Marketing Websites<\/title>\n<meta name=\"robots\" content=\"index, follow, max-snippet:-1, max-image-preview:large, max-video-preview:-1\" \/>\n<link rel=\"canonical\" href=\"https:\/\/marketingwebsites.ca\/fr\/exp-marketplace-terms-of-service\/\" \/>\n<meta property=\"og:locale\" content=\"fr_FR\" \/>\n<meta property=\"og:type\" content=\"article\" \/>\n<meta property=\"og:title\" content=\"Conditions de service du march\u00e9 d&#039;eXp - Marketing Websites\" \/>\n<meta property=\"og:description\" content=\"Conditions de service eXp Marketplace vous est pr\u00e9sent\u00e9 par Marketing Websites Inc.(Derni\u00e8re modification le 29 avril 2019) Bienvenue sur eXp Marketplace! Les pr\u00e9sentes conditions g\u00e9n\u00e9rales d\u00e9finissent les r\u00e8gles d&#039;utilisation du site Web de Marketing Websites Inc., situ\u00e9 \u00e0 l&#039;adresse https:\/\/expquebec.com\/app\/marketplace. En acc\u00e9dant \u00e0 ce site web, nous supposons que vous acceptez ces termes et conditions....\" \/>\n<meta property=\"og:url\" content=\"https:\/\/marketingwebsites.ca\/fr\/exp-marketplace-terms-of-service\/\" \/>\n<meta property=\"og:site_name\" content=\"Marketing Websites\" \/>\n<meta property=\"article:modified_time\" content=\"2022-11-09T22:36:48+00:00\" \/>\n<meta name=\"twitter:card\" content=\"summary_large_image\" \/>\n<meta name=\"twitter:label1\" content=\"Dur\u00e9e de lecture estim\u00e9e\" \/>\n\t<meta name=\"twitter:data1\" content=\"8 minutes\" \/>\n<script type=\"application\/ld+json\" class=\"yoast-schema-graph\">{\"@context\":\"https:\/\/schema.org\",\"@graph\":[{\"@type\":\"WebPage\",\"@id\":\"https:\/\/marketingwebsites.ca\/fr\/exp-marketplace-terms-of-service\/\",\"url\":\"https:\/\/marketingwebsites.ca\/fr\/exp-marketplace-terms-of-service\/\",\"name\":\"Conditions de service du march\u00e9 d'eXp - Marketing Websites\",\"isPartOf\":{\"@id\":\"https:\/\/marketingwebsites.ca\/fr\/#website\"},\"datePublished\":\"2022-05-04T15:52:26+00:00\",\"dateModified\":\"2022-11-09T22:36:48+00:00\",\"inLanguage\":\"fr-FR\",\"potentialAction\":[{\"@type\":\"ReadAction\",\"target\":[\"https:\/\/marketingwebsites.ca\/fr\/exp-marketplace-terms-of-service\/\"]}]},{\"@type\":\"WebSite\",\"@id\":\"https:\/\/marketingwebsites.ca\/fr\/#website\",\"url\":\"https:\/\/marketingwebsites.ca\/fr\/\",\"name\":\"Marketing Websites\",\"description\":\"Full Service Digital Marketing\",\"publisher\":{\"@id\":\"https:\/\/marketingwebsites.ca\/fr\/#organization\"},\"potentialAction\":[{\"@type\":\"SearchAction\",\"target\":{\"@type\":\"EntryPoint\",\"urlTemplate\":\"https:\/\/marketingwebsites.ca\/fr\/?s={search_term_string}\"},\"query-input\":\"required name=search_term_string\"}],\"inLanguage\":\"fr-FR\"},{\"@type\":\"Organization\",\"@id\":\"https:\/\/marketingwebsites.ca\/fr\/#organization\",\"name\":\"Marketing Websites\",\"url\":\"https:\/\/marketingwebsites.ca\/fr\/\",\"logo\":{\"@type\":\"ImageObject\",\"inLanguage\":\"fr-FR\",\"@id\":\"https:\/\/marketingwebsites.ca\/fr\/#\/schema\/logo\/image\/\",\"url\":\"https:\/\/marketingwebsites.ca\/wp-content\/uploads\/2022\/04\/logo-f-b.png\",\"contentUrl\":\"https:\/\/marketingwebsites.ca\/wp-content\/uploads\/2022\/04\/logo-f-b.png\",\"width\":225,\"height\":60,\"caption\":\"Marketing Websites\"},\"image\":{\"@id\":\"https:\/\/marketingwebsites.ca\/fr\/#\/schema\/logo\/image\/\"}}]}<\/script>\n<!-- \/ Yoast SEO plugin. -->","yoast_head_json":{"title":"Conditions de service du march\u00e9 d'eXp - Marketing Websites","robots":{"index":"index","follow":"follow","max-snippet":"max-snippet:-1","max-image-preview":"max-image-preview:large","max-video-preview":"max-video-preview:-1"},"canonical":"https:\/\/marketingwebsites.ca\/fr\/exp-marketplace-terms-of-service\/","og_locale":"fr_FR","og_type":"article","og_title":"Conditions de service du march\u00e9 d'eXp - Marketing Websites","og_description":"Conditions de service eXp Marketplace vous est pr\u00e9sent\u00e9 par Marketing Websites Inc.(Derni\u00e8re modification le 29 avril 2019) Bienvenue sur eXp Marketplace! Les pr\u00e9sentes conditions g\u00e9n\u00e9rales d\u00e9finissent les r\u00e8gles d&#039;utilisation du site Web de Marketing Websites Inc., situ\u00e9 \u00e0 l&#039;adresse https:\/\/expquebec.com\/app\/marketplace. En acc\u00e9dant \u00e0 ce site web, nous supposons que vous acceptez ces termes et conditions....","og_url":"https:\/\/marketingwebsites.ca\/fr\/exp-marketplace-terms-of-service\/","og_site_name":"Marketing Websites","article_modified_time":"2022-11-09T22:36:48+00:00","twitter_card":"summary_large_image","twitter_misc":{"Dur\u00e9e de lecture estim\u00e9e":"8 minutes"},"schema":{"@context":"https:\/\/schema.org","@graph":[{"@type":"WebPage","@id":"https:\/\/marketingwebsites.ca\/fr\/exp-marketplace-terms-of-service\/","url":"https:\/\/marketingwebsites.ca\/fr\/exp-marketplace-terms-of-service\/","name":"Conditions de service du march\u00e9 d'eXp - Marketing Websites","isPartOf":{"@id":"https:\/\/marketingwebsites.ca\/fr\/#website"},"datePublished":"2022-05-04T15:52:26+00:00","dateModified":"2022-11-09T22:36:48+00:00","inLanguage":"fr-FR","potentialAction":[{"@type":"ReadAction","target":["https:\/\/marketingwebsites.ca\/fr\/exp-marketplace-terms-of-service\/"]}]},{"@type":"WebSite","@id":"https:\/\/marketingwebsites.ca\/fr\/#website","url":"https:\/\/marketingwebsites.ca\/fr\/","name":"Marketing Websites","description":"Full Service Digital Marketing","publisher":{"@id":"https:\/\/marketingwebsites.ca\/fr\/#organization"},"potentialAction":[{"@type":"SearchAction","target":{"@type":"EntryPoint","urlTemplate":"https:\/\/marketingwebsites.ca\/fr\/?s={search_term_string}"},"query-input":"required name=search_term_string"}],"inLanguage":"fr-FR"},{"@type":"Organization","@id":"https:\/\/marketingwebsites.ca\/fr\/#organization","name":"Marketing Websites","url":"https:\/\/marketingwebsites.ca\/fr\/","logo":{"@type":"ImageObject","inLanguage":"fr-FR","@id":"https:\/\/marketingwebsites.ca\/fr\/#\/schema\/logo\/image\/","url":"https:\/\/marketingwebsites.ca\/wp-content\/uploads\/2022\/04\/logo-f-b.png","contentUrl":"https:\/\/marketingwebsites.ca\/wp-content\/uploads\/2022\/04\/logo-f-b.png","width":225,"height":60,"caption":"Marketing Websites"},"image":{"@id":"https:\/\/marketingwebsites.ca\/fr\/#\/schema\/logo\/image\/"}}]}},"_links":{"self":[{"href":"https:\/\/marketingwebsites.ca\/fr\/wp-json\/wp\/v2\/pages\/14186"}],"collection":[{"href":"https:\/\/marketingwebsites.ca\/fr\/wp-json\/wp\/v2\/pages"}],"about":[{"href":"https:\/\/marketingwebsites.ca\/fr\/wp-json\/wp\/v2\/types\/page"}],"author":[{"embeddable":true,"href":"https:\/\/marketingwebsites.ca\/fr\/wp-json\/wp\/v2\/users\/12"}],"replies":[{"embeddable":true,"href":"https:\/\/marketingwebsites.ca\/fr\/wp-json\/wp\/v2\/comments?post=14186"}],"version-history":[{"count":2,"href":"https:\/\/marketingwebsites.ca\/fr\/wp-json\/wp\/v2\/pages\/14186\/revisions"}],"predecessor-version":[{"id":15493,"href":"https:\/\/marketingwebsites.ca\/fr\/wp-json\/wp\/v2\/pages\/14186\/revisions\/15493"}],"wp:attachment":[{"href":"https:\/\/marketingwebsites.ca\/fr\/wp-json\/wp\/v2\/media?parent=14186"}],"curies":[{"name":"wp","href":"https:\/\/api.w.org\/{rel}","templated":true}]}}